{"id":83,"date":"2025-06-12T23:04:55","date_gmt":"2025-06-12T20:04:55","guid":{"rendered":"https:\/\/tolobook.fi\/rosbacka\/tuote\/lahjakortti\/"},"modified":"2025-12-23T13:03:17","modified_gmt":"2025-12-23T11:03:17","slug":"lahjakortti","status":"publish","type":"product","link":"https:\/\/tolobook.fi\/rosbacka\/tuote\/lahjakortti\/","title":{"rendered":"Sarjakortit"},"content":{"rendered":"<p>Sarjakortti koiramets\u00e4\u00e4n.<\/p>\n<p>Voit ostaa sarjakortin joko itsellesi tai lahjaksi.<\/p>\n<p><strong data-start=\"25\" data-end=\"66\">Sarjakortti toimii kuten lahjakortti:<\/strong> oston j\u00e4lkeen voit tehd\u00e4 varauksen verkkokaupan Tuntivaraus-tuotteen kautta, ja k\u00e4ytt\u00e4\u00e4 saamaasi lahjakortin koodia kassalla maksaaksesi varauksen hinnan.<\/p>\n<ul>\n<li><del>150\u20ac<\/del> 120\u20ac &#8211; 5 x 1h (koiram\u00e4\u00e4r\u00e4 vapaa)<\/li>\n<li><del>300\u20ac<\/del> 240\u20ac &#8211; 10 x 1h (koiram\u00e4\u00e4r\u00e4 vapaa)<\/li>\n<\/ul>\n<p>Sarjakortit ovat voimassa 12kk ostohetkest\u00e4.<\/p>\n","protected":false},"excerpt":{"rendered":"<p>Sarjakortti koiramets\u00e4\u00e4n.<\/p>\n<p>Voit ostaa sarjakortin joko itsellesi tai lahjaksi.<\/p>\n<p><strong data-start=\"25\" data-end=\"66\">Sarjakortti toimii kuten lahjakortti:<\/strong> oston j\u00e4lkeen voit tehd\u00e4 varauksen verkkokaupan <a href=\"https:\/\/tolobook.fi\/rosbacka\/tuote\/koirametsa-tuntivaraus\/\" target=\"_blank\" rel=\"noopener\">Tuntivaraus-tuotteen<\/a> kautta, ja k\u00e4ytt\u00e4\u00e4 saamaasi lahjakortin koodia kassalla maksaaksesi varauksen hinnan.<\/p>\n<ul>\n<li><del>150\u20ac<\/del> 120\u20ac &#8211; 5 x 1h (koiram\u00e4\u00e4r\u00e4 vapaa)<\/li>\n<li><del>300\u20ac<\/del> 240\u20ac &#8211; 10 x 1h (koiram\u00e4\u00e4r\u00e4 vapaa)<\/li>\n<\/ul>\n<p>Sarjakortit ovat voimassa 12kk ostohetkest\u00e4.<\/p>\n","protected":false},"featured_media":2187,"template":"","meta":{"_acf_changed":false,"_kad_post_transparent":"default","_kad_post_title":"","_kad_post_layout":"default","_kad_post_sidebar_id":"","_kad_post_content_style":"default","_kad_post_vertical_padding":"default","_kad_post_feature":"","_kad_post_feature_position":"","_kad_post_header":false,"_kad_post_footer":false,"_kad_post_classname":""},"product_cat":[24],"class_list":{"0":"post-83","1":"product","2":"type-product","3":"status-publish","4":"has-post-thumbnail","6":"product_cat-koirametsa","8":"first","9":"instock","10":"sale","11":"taxable","12":"shipping-taxable","13":"purchasable","14":"product-type-pw-gift-card","15":"entry","16":"content-bg","17":"loop-entry"},"acf":[],"_links":{"self":[{"href":"https:\/\/tolobook.fi\/rosbacka\/wp-json\/wp\/v2\/product\/83","targetHints":{"allow":["GET"]}}],"collection":[{"href":"https:\/\/tolobook.fi\/rosbacka\/wp-json\/wp\/v2\/product"}],"about":[{"href":"https:\/\/tolobook.fi\/rosbacka\/wp-json\/wp\/v2\/types\/product"}],"wp:featuredmedia":[{"embeddable":true,"href":"https:\/\/tolobook.fi\/rosbacka\/wp-json\/wp\/v2\/media\/2187"}],"wp:attachment":[{"href":"https:\/\/tolobook.fi\/rosbacka\/wp-json\/wp\/v2\/media?parent=83"}],"wp:term":[{"taxonomy":"product_cat","embeddable":true,"href":"https:\/\/tolobook.fi\/rosbacka\/wp-json\/wp\/v2\/product_cat?post=83"}],"curies":[{"name":"wp","href":"https:\/\/api.w.org\/{rel}","templated":true}]}}