{"id":4662,"date":"2026-04-05T09:04:27","date_gmt":"2026-04-05T06:04:27","guid":{"rendered":"https:\/\/tolobook.fi\/rosbacka\/?post_type=product&#038;p=4662"},"modified":"2026-04-14T20:43:26","modified_gmt":"2026-04-14T17:43:26","slug":"koirametsa-leikkitreffit","status":"publish","type":"product","link":"https:\/\/tolobook.fi\/rosbacka\/tuote\/koirametsa-leikkitreffit\/","title":{"rendered":"Koiramets\u00e4n leikkitreffit"},"content":{"rendered":"<p data-start=\"0\" data-end=\"71\">\ud83d\udc3e <strong data-start=\"3\" data-end=\"66\">Koirien leikkitreffit Rosbackan koiramets\u00e4ss\u00e4 tiistaisin!<\/strong> \ud83d\udc3e<\/p>\n<p data-start=\"73\" data-end=\"196\">Kaipaisiko koirasi uusia kavereita ja vauhdikkaita leikkihetki\u00e4 luonnon keskell\u00e4? Nyt siihen on t\u00e4ydellinen mahdollisuus! Rosbackan koiramets\u00e4ss\u00e4 j\u00e4rjestet\u00e4\u00e4n viikoittain rennot ja iloiset <strong data-start=\"265\" data-end=\"290\">koirien leikkitreffit<\/strong>, joissa koirat p\u00e4\u00e4sev\u00e4t juoksemaan vapaana, leikkim\u00e4\u00e4n ja sosialisoitumaan turvallisessa ymp\u00e4rist\u00f6ss\u00e4 \u2013 muiden koirien seurassa.<\/p>\n<p data-start=\"423\" data-end=\"507\">\ud83d\udc36 <strong data-start=\"426\" data-end=\"451\">Aikataulu tiistaisin 7.4.-26.5.2026:<\/strong><br data-start=\"451\" data-end=\"454\" \/>\u2022 klo 18\u201319 pienet koirat (alle 10kg, s\u00e4k\u00e4 alle 40cm)<br data-start=\"479\" data-end=\"482\" \/>\u2022 klo 19\u201320 isot koirat<\/p>\n<p data-start=\"509\" data-end=\"677\">\ud83d\udc9b <strong data-start=\"512\" data-end=\"526\">Mit\u00e4 saat:<\/strong><br data-start=\"526\" data-end=\"529\" \/>\u2022 Aidon mets\u00e4n vapaaseen leikkiin<br data-start=\"562\" data-end=\"565\" \/>\u2022 Uusia koirakavereita<br data-start=\"613\" data-end=\"616\" \/>\u2022 Nokipannukahvit omistajille \u2615<br data-start=\"647\" data-end=\"650\" \/>\u2022 Raikasta vett\u00e4 koirille<\/p>\n<p data-start=\"679\" data-end=\"711\">\ud83d\udcb6 <strong data-start=\"682\" data-end=\"692\">Hinta:<\/strong>\u00a05 \u20ac \/ koira<\/p>\n<p data-start=\"713\" data-end=\"807\">\ud83d\udc49 <strong data-start=\"716\" data-end=\"732\">Huomioithan:<\/strong><br data-start=\"732\" data-end=\"735\" \/>Koirien tulee olla rokotettuja ja tulla toimeen muiden koirien kanssa.<\/p>\n<p data-start=\"996\" data-end=\"1108\">\ud83c\udf9f\ufe0f <strong data-start=\"1000\" data-end=\"1043\">Varaa paikkasi helposti verkkokaupasta:<\/strong><br data-start=\"1043\" data-end=\"1046\" \/><a class=\"decorated-link\" href=\"https:\/\/tolobook.fi\/rosbacka\/tuote\/koirametsa-leikkitreffit\/\" target=\"_new\" rel=\"noopener\" data-start=\"1046\" data-end=\"1106\">https:\/\/tolobook.fi\/rosbacka\/tuote\/koirametsa-leikkitreffit\/<\/a><\/p>\n<p data-start=\"1110\" data-end=\"1168\" data-is-last-node=\"\" data-is-only-node=\"\">Tervetuloa mukaan laumaan, n\u00e4hd\u00e4\u00e4n mets\u00e4ss\u00e4! \ud83d\udc15\u2728<\/p>\n","protected":false},"excerpt":{"rendered":"<p>Leikkitreffit Rosbackan koiramets\u00e4ss\u00e4 tiistaisin. Tervetuloa mets\u00e4\u00e4n temmelt\u00e4m\u00e4\u00e4n ja tapaamaan muita koiria ja heid\u00e4n omistajiaan!<\/p>\n<p>Pienet koirat klo 18-19 (alle 10kg, s\u00e4k\u00e4 alle 40cm), isot koirat klo 19-20.<\/p>\n<p>Hinta 5\u20ac\/koira.<br \/>\nHinta sis\u00e4lt\u00e4\u00e4 kaksijalkaisille nokipannukahvit ja nelijalkaisille vett\u00e4.<\/p>\n<p>Koirien tulee olla rokotettuja ja tulla toimeen muiden koirien kanssa.<\/p>\n<p><strong>Valitse alta ajankohta, ja lis\u00e4\u00e4 ostoskoriin koirien m\u00e4\u00e4r\u00e4\u00e4 vastaava m\u00e4\u00e4r\u00e4 tuotteita.<\/strong><\/p>\n","protected":false},"featured_media":4644,"template":"","meta":{"_acf_changed":false,"_kad_post_transparent":"default","_kad_post_title":"","_kad_post_layout":"default","_kad_post_sidebar_id":"","_kad_post_content_style":"default","_kad_post_vertical_padding":"default","_kad_post_feature":"","_kad_post_feature_position":"","_kad_post_header":false,"_kad_post_footer":false,"_kad_post_classname":""},"product_cat":[24],"class_list":{"0":"post-4662","1":"product","2":"type-product","3":"status-publish","4":"has-post-thumbnail","6":"product_cat-koirametsa","8":"first","9":"instock","10":"taxable","11":"shipping-taxable","12":"purchasable","13":"product-type-variable","14":"entry","15":"content-bg","16":"loop-entry"},"acf":[],"_links":{"self":[{"href":"https:\/\/tolobook.fi\/rosbacka\/wp-json\/wp\/v2\/product\/4662","targetHints":{"allow":["GET"]}}],"collection":[{"href":"https:\/\/tolobook.fi\/rosbacka\/wp-json\/wp\/v2\/product"}],"about":[{"href":"https:\/\/tolobook.fi\/rosbacka\/wp-json\/wp\/v2\/types\/product"}],"wp:featuredmedia":[{"embeddable":true,"href":"https:\/\/tolobook.fi\/rosbacka\/wp-json\/wp\/v2\/media\/4644"}],"wp:attachment":[{"href":"https:\/\/tolobook.fi\/rosbacka\/wp-json\/wp\/v2\/media?parent=4662"}],"wp:term":[{"taxonomy":"product_cat","embeddable":true,"href":"https:\/\/tolobook.fi\/rosbacka\/wp-json\/wp\/v2\/product_cat?post=4662"}],"curies":[{"name":"wp","href":"https:\/\/api.w.org\/{rel}","templated":true}]}}