{"id":2776,"date":"2025-12-03T16:02:37","date_gmt":"2025-12-03T14:02:37","guid":{"rendered":"https:\/\/tolobook.fi\/rosbacka\/?post_type=product&#038;p=2776"},"modified":"2025-12-13T16:54:03","modified_gmt":"2025-12-13T14:54:03","slug":"kokoustila-salakapakka","status":"publish","type":"product","link":"https:\/\/tolobook.fi\/rosbacka\/tuote\/kokoustila-salakapakka\/","title":{"rendered":"Kokoustila Salakapakka"},"content":{"rendered":"<h2>Haluaisitko j\u00e4rjest\u00e4\u00e4 kokouksen rauhallisessa maatilaymp\u00e4rist\u00f6ss\u00e4<\/h2>\n<p>Rosbackassa onnistuvat ty\u00f6pajat, ty\u00f6hyvinvointip\u00e4iv\u00e4t, k\u00e4velypalaverit, koulutusp\u00e4iv\u00e4t sek\u00e4 muut yritystapahtumat. Yritystilaisuuksien ohjelma voidaan rakentaa asiakkaan toiveiden mukaiseksi. Voit vuokrata vain kokoustilan ja j\u00e4rjest\u00e4\u00e4 itse tarjoilut sek\u00e4 p\u00e4iv\u00e4n ohjelman, tai pyyt\u00e4\u00e4 meilt\u00e4 tarjousta erilaisista kokouspaketeista.<\/p>\n<h3>Rosbackan kokoustilat Salakapakka ja Sikalan Vintti<\/h3>\n<p><a href=\"https:\/\/rosbacka.fi\/tilat\/juhla-ja-kokoustila-salakapakka\/\" target=\"_blank\" rel=\"noopener\"><strong>Rosbackan Salakapakka<\/strong><\/a> on toiminut tilan historiassa navettana ja hevostallina. Salakapakka on remontoitu kokous- ja juhlatilaksi. Istumapaikkoja on noin 40 hengelle.<\/p>\n<div id='gallery-1' class='gallery galleryid-2776 gallery-columns-4 gallery-size-thumbnail'><figure class='gallery-item'>\n\t\t\t<div class='gallery-icon landscape'>\n\t\t\t\t<a href='https:\/\/tolobook.fi\/rosbacka\/wp-content\/uploads\/sites\/10\/2025\/12\/IMG_8161-1.jpeg'><img loading=\"lazy\" decoding=\"async\" width=\"150\" height=\"113\" src=\"https:\/\/tolobook.fi\/rosbacka\/wp-content\/uploads\/sites\/10\/2025\/12\/IMG_8161-1.jpeg\" class=\"attachment-thumbnail size-thumbnail\" alt=\"\" \/><\/a>\n\t\t\t<\/div><\/figure><figure class='gallery-item'>\n\t\t\t<div class='gallery-icon portrait'>\n\t\t\t\t<a href='https:\/\/tolobook.fi\/rosbacka\/wp-content\/uploads\/sites\/10\/2025\/12\/IMG_6028.jpeg'><img loading=\"lazy\" decoding=\"async\" width=\"113\" height=\"150\" src=\"https:\/\/tolobook.fi\/rosbacka\/wp-content\/uploads\/sites\/10\/2025\/12\/IMG_6028.jpeg\" class=\"attachment-thumbnail size-thumbnail\" alt=\"\" \/><\/a>\n\t\t\t<\/div><\/figure><figure class='gallery-item'>\n\t\t\t<div class='gallery-icon portrait'>\n\t\t\t\t<a href='https:\/\/tolobook.fi\/rosbacka\/wp-content\/uploads\/sites\/10\/2025\/12\/IMG_1125.jpeg'><img loading=\"lazy\" decoding=\"async\" width=\"113\" height=\"150\" src=\"https:\/\/tolobook.fi\/rosbacka\/wp-content\/uploads\/sites\/10\/2025\/12\/IMG_1125.jpeg\" class=\"attachment-thumbnail size-thumbnail\" alt=\"\" \/><\/a>\n\t\t\t<\/div><\/figure><figure class='gallery-item'>\n\t\t\t<div class='gallery-icon portrait'>\n\t\t\t\t<a href='https:\/\/tolobook.fi\/rosbacka\/wp-content\/uploads\/sites\/10\/2025\/12\/9B19F043-86A9-4D08-902D-1BD941CE0052_1_105_c.jpeg'><img loading=\"lazy\" decoding=\"async\" width=\"113\" height=\"150\" src=\"https:\/\/tolobook.fi\/rosbacka\/wp-content\/uploads\/sites\/10\/2025\/12\/9B19F043-86A9-4D08-902D-1BD941CE0052_1_105_c.jpeg\" class=\"attachment-thumbnail size-thumbnail\" alt=\"\" \/><\/a>\n\t\t\t<\/div><\/figure>\n\t\t<\/div>\n\n<p><a href=\"https:\/\/rosbacka.fi\/tilat\/sikalan-vintti\/\" target=\"_blank\" rel=\"noopener\"><b>Sikalan Vintti<\/b><\/a> <span style=\"font-weight: 400\">sijaitsee el\u00e4intilojen yl\u00e4kerrassa. Vintti toimii kokoustilana noin 20 henkil\u00f6lle. Tilassa voi j\u00e4rjest\u00e4\u00e4 my\u00f6s esimerkiksi leirej\u00e4, kursseja ja retriittej\u00e4. Vintiss\u00e4 on keitti\u00f6 astioineen, kylpyhuone sek\u00e4 majoitusmahdollisuus 12 henkil\u00f6lle. <\/span><\/p>\n<div id='gallery-2' class='gallery galleryid-2776 gallery-columns-4 gallery-size-thumbnail'><figure class='gallery-item'>\n\t\t\t<div class='gallery-icon landscape'>\n\t\t\t\t<a href='https:\/\/tolobook.fi\/rosbacka\/wp-content\/uploads\/sites\/10\/2025\/12\/DSC6528.jpg'><img loading=\"lazy\" decoding=\"async\" width=\"150\" height=\"100\" src=\"https:\/\/tolobook.fi\/rosbacka\/wp-content\/uploads\/sites\/10\/2025\/12\/DSC6528.jpg\" class=\"attachment-thumbnail size-thumbnail\" alt=\"\" \/><\/a>\n\t\t\t<\/div><\/figure><figure class='gallery-item'>\n\t\t\t<div class='gallery-icon portrait'>\n\t\t\t\t<a href='https:\/\/tolobook.fi\/rosbacka\/wp-content\/uploads\/sites\/10\/2025\/12\/DSC6522.jpg'><img loading=\"lazy\" decoding=\"async\" width=\"100\" height=\"150\" src=\"https:\/\/tolobook.fi\/rosbacka\/wp-content\/uploads\/sites\/10\/2025\/12\/DSC6522.jpg\" class=\"attachment-thumbnail size-thumbnail\" alt=\"\" \/><\/a>\n\t\t\t<\/div><\/figure><figure class='gallery-item'>\n\t\t\t<div class='gallery-icon landscape'>\n\t\t\t\t<a href='https:\/\/tolobook.fi\/rosbacka\/wp-content\/uploads\/sites\/10\/2025\/12\/DSC6519.jpg'><img loading=\"lazy\" decoding=\"async\" width=\"150\" height=\"100\" src=\"https:\/\/tolobook.fi\/rosbacka\/wp-content\/uploads\/sites\/10\/2025\/12\/DSC6519.jpg\" class=\"attachment-thumbnail size-thumbnail\" alt=\"\" \/><\/a>\n\t\t\t<\/div><\/figure><figure class='gallery-item'>\n\t\t\t<div class='gallery-icon landscape'>\n\t\t\t\t<a href='https:\/\/tolobook.fi\/rosbacka\/wp-content\/uploads\/sites\/10\/2025\/12\/DSC6511.jpg'><img loading=\"lazy\" decoding=\"async\" width=\"150\" height=\"100\" src=\"https:\/\/tolobook.fi\/rosbacka\/wp-content\/uploads\/sites\/10\/2025\/12\/DSC6511.jpg\" class=\"attachment-thumbnail size-thumbnail\" alt=\"\" \/><\/a>\n\t\t\t<\/div><\/figure>\n\t\t<\/div>\n\n<h3>Saunaan p\u00e4iv\u00e4n p\u00e4\u00e4tteeksi<\/h3>\n<p>Kokousp\u00e4iv\u00e4n voit halutessasi kruunata puul\u00e4mmitteisen <a href=\"https:\/\/rosbacka.fi\/tilat\/rosbackan-hirsisauna\/\" target=\"_blank\" rel=\"noopener\"><strong>hirsisaunan<\/strong><\/a>\u00a0lempeiss\u00e4 l\u00f6ylyiss\u00e4.<\/p>\n<div id='gallery-3' class='gallery galleryid-2776 gallery-columns-4 gallery-size-thumbnail'><figure class='gallery-item'>\n\t\t\t<div class='gallery-icon landscape'>\n\t\t\t\t<a href='https:\/\/tolobook.fi\/rosbacka\/wp-content\/uploads\/sites\/10\/2025\/12\/Sauna-Room-0336.jpg'><img loading=\"lazy\" decoding=\"async\" width=\"150\" height=\"100\" src=\"https:\/\/tolobook.fi\/rosbacka\/wp-content\/uploads\/sites\/10\/2025\/12\/Sauna-Room-0336.jpg\" class=\"attachment-thumbnail size-thumbnail\" alt=\"\" \/><\/a>\n\t\t\t<\/div><\/figure><figure class='gallery-item'>\n\t\t\t<div class='gallery-icon portrait'>\n\t\t\t\t<a href='https:\/\/tolobook.fi\/rosbacka\/wp-content\/uploads\/sites\/10\/2025\/12\/Sauna-Room-0322.jpg'><img loading=\"lazy\" decoding=\"async\" width=\"100\" height=\"150\" src=\"https:\/\/tolobook.fi\/rosbacka\/wp-content\/uploads\/sites\/10\/2025\/12\/Sauna-Room-0322.jpg\" class=\"attachment-thumbnail size-thumbnail\" alt=\"\" \/><\/a>\n\t\t\t<\/div><\/figure><figure class='gallery-item'>\n\t\t\t<div class='gallery-icon landscape'>\n\t\t\t\t<a href='https:\/\/tolobook.fi\/rosbacka\/wp-content\/uploads\/sites\/10\/2025\/12\/SaunaPanorama.jpg'><img loading=\"lazy\" decoding=\"async\" width=\"150\" height=\"57\" src=\"https:\/\/tolobook.fi\/rosbacka\/wp-content\/uploads\/sites\/10\/2025\/12\/SaunaPanorama.jpg\" class=\"attachment-thumbnail size-thumbnail\" alt=\"\" \/><\/a>\n\t\t\t<\/div><\/figure><figure class='gallery-item'>\n\t\t\t<div class='gallery-icon landscape'>\n\t\t\t\t<a href='https:\/\/tolobook.fi\/rosbacka\/wp-content\/uploads\/sites\/10\/2025\/12\/Sauna-Room-Detail-0353.jpg'><img loading=\"lazy\" decoding=\"async\" width=\"150\" height=\"100\" src=\"https:\/\/tolobook.fi\/rosbacka\/wp-content\/uploads\/sites\/10\/2025\/12\/Sauna-Room-Detail-0353.jpg\" class=\"attachment-thumbnail size-thumbnail\" alt=\"\" \/><\/a>\n\t\t\t<\/div><\/figure>\n\t\t<\/div>\n\n<p><span style=\"font-weight: 400\">Tiloihimme voi tuoda omat tarjoilut. Tarjoamme kokoustilan vuokrauksen lis\u00e4ksi my\u00f6s erilaisia ohjelmapalveluja sek\u00e4 pitopalvelua tilauksesta. Lis\u00e4palvelut toteutetaan tilavarauksen ajan puitteissa, joten huomioithan aktiviteettien keston varausta tehdess\u00e4.\u00a0<\/span><\/p>\n<p><span style=\"font-weight: 400\">Luontoon ja maatilaymp\u00e4rist\u00f6\u00f6n sijoittuviin aktiviteetteihin voit tutustua <\/span><strong><a href=\"https:\/\/rosbacka.fi\/yrityksille\/elain-ja-luontoaktiviteetit\/\" target=\"_blank\" rel=\"noopener\">t\u00e4\u00e4ll\u00e4.<\/a><\/strong><\/p>\n<p><b>Varauksen yhteydess\u00e4 veloitetaan pelkk\u00e4 tilavuokra.<\/b><span style=\"font-weight: 400\"> Lis\u00e4palvelut veloitetaan tilaisuuden toteutumisen yhteydess\u00e4 joko kortilla tai laskulla.<\/span><a href=\"https:\/\/tolobook.fi\/rosbacka\/tilausehdot\/\"> <span style=\"font-weight: 400\">Katso varausehdot t\u00e4\u00e4lt\u00e4.<\/span><\/a><\/p>\n<p><span style=\"font-weight: 400\">R\u00e4\u00e4t\u00e4l\u00f6ityj\u00e4 varauksia varten pyyd\u00e4mme olemaan yhteydess\u00e4 <a href=\"mailto:posti@rosbacka.fi\">posti@rosbacka.fi<\/a> tai <a href=\"tel:+358444931820\">+358 44 493 1820<\/a>.<\/span><\/p>\n","protected":false},"excerpt":{"rendered":"<p><b>Salakapakka<\/b><span style=\"font-weight: 400\"> on tunnelmallinen juhla- ja kokoustila noin 40 henkil\u00f6lle.\u00a0 Asiakkaiden k\u00e4yt\u00f6ss\u00e4 on keitti\u00f6 ja wc. Keitti\u00f6n varusteluun kuuluvat astiasto 50 henkil\u00f6lle, tarjoiluastiat, induktiotaso, j\u00e4\u00e4kaappi, pakastin, mikro, kahvinkeitin ja vedenkeitin. Juhla- ja kokoustilasta l\u00f6ytyv\u00e4t videotykki ja \u00e4\u00e4nentoisto sek\u00e4 mikrofoni. Tilassa on my\u00f6s baaritiski sek\u00e4 kaksi katettua terassia. Alueella toimii tilan wifi.\u00a0<\/span><\/p>\n<p><span style=\"font-weight: 400\">Salakapakkaan voi tuoda omat tarjoilut. Tarjoamme kokoustilan vuokrauksen lis\u00e4ksi my\u00f6s erilaisia ohjelmapalveluja sek\u00e4 pitopalvelua tilauksesta. Lis\u00e4palvelut toteutetaan tilavarauksen ajan puitteissa, joten huomioithan aktiviteettien keston varausta tehdess\u00e4.\u00a0<\/span><\/p>\n<p><span style=\"font-weight: 400\">Luontoon ja maatilaymp\u00e4rist\u00f6\u00f6n sijoittuviin aktiviteetteihin voit tutustua <\/span><a href=\"https:\/\/rosbacka.fi\/yrityksille\/elain-ja-luontoaktiviteetit\/\"><span style=\"font-weight: 400\">t\u00e4\u00e4ll\u00e4.<\/span><\/a><\/p>\n<p><b>Varauksen yhteydess\u00e4 veloitetaan pelkk\u00e4 tilavuokra.<\/b><span style=\"font-weight: 400\"> Lis\u00e4palvelut veloitetaan tilaisuuden toteutumisen yhteydess\u00e4 joko kortilla tai laskulla.<\/span><a href=\"https:\/\/tolobook.fi\/rosbacka\/tilausehdot\/\"> <span style=\"font-weight: 400\">Katso varausehdot t\u00e4\u00e4lt\u00e4.<\/span><\/a><\/p>\n<p><span style=\"font-weight: 400\">R\u00e4\u00e4t\u00e4l\u00f6ityj\u00e4 varauksia varten pyyd\u00e4mme olemaan yhteydess\u00e4 <a href=\"mailto:posti@rosbacka.fi\">posti@rosbacka.fi<\/a> tai <a href=\"tel:+358444931820\">+358 44 493 1820<\/a>.<\/span><\/p>\n","protected":false},"featured_media":2779,"template":"","meta":{"_acf_changed":false,"_kad_post_transparent":"default","_kad_post_title":"","_kad_post_layout":"default","_kad_post_sidebar_id":"","_kad_post_content_style":"default","_kad_post_vertical_padding":"default","_kad_post_feature":"","_kad_post_feature_position":"","_kad_post_header":false,"_kad_post_footer":false,"_kad_post_classname":""},"product_cat":[25],"class_list":{"0":"post-2776","1":"product","2":"type-product","3":"status-publish","4":"has-post-thumbnail","6":"product_cat-juhlatilat","7":"yith_booking_service-osallistujat","8":"yith_booking_service-a-kokouspaketti-aamiainen-keittolounas-iltapaivakahvit-25e-hlo-sis-alv","9":"yith_booking_service-huovutustyopaja-1h-25e-hlo","10":"yith_booking_service-kranssityopaja-15h-45e-hlo","11":"yith_booking_service-rastirata-tilan-mailla-5e-hlo","12":"yith_booking_service-tehtavarata-metsassa-15e-hlo","13":"yith_booking_service-maatilan-aamiainen","14":"yith_booking_service-kahvi-tee-keksi","15":"yith_booking_service-karjanlanpiirakka-kylmasavulohella","16":"yith_booking_service-keittolounas","17":"yith_booking_service-lasagne-liha-kasvis","18":"yith_booking_service-salaattibuffet","19":"yith_booking_service-taytetty-sampyla","20":"yith_booking_service-vihersalaatti","21":"yith_booking_service-voisilmapulla","22":"yith_booking_service-kokoustilan-loppusiivous","24":"first","25":"instock","26":"virtual","27":"sold-individually","28":"taxable","29":"purchasable","30":"product-type-booking","31":"entry","32":"content-bg","33":"loop-entry"},"acf":[],"_links":{"self":[{"href":"https:\/\/tolobook.fi\/rosbacka\/wp-json\/wp\/v2\/product\/2776","targetHints":{"allow":["GET"]}}],"collection":[{"href":"https:\/\/tolobook.fi\/rosbacka\/wp-json\/wp\/v2\/product"}],"about":[{"href":"https:\/\/tolobook.fi\/rosbacka\/wp-json\/wp\/v2\/types\/product"}],"wp:featuredmedia":[{"embeddable":true,"href":"https:\/\/tolobook.fi\/rosbacka\/wp-json\/wp\/v2\/media\/2779"}],"wp:attachment":[{"href":"https:\/\/tolobook.fi\/rosbacka\/wp-json\/wp\/v2\/media?parent=2776"}],"wp:term":[{"taxonomy":"product_cat","embeddable":true,"href":"https:\/\/tolobook.fi\/rosbacka\/wp-json\/wp\/v2\/product_cat?post=2776"}],"curies":[{"name":"wp","href":"https:\/\/api.w.org\/{rel}","templated":true}]}}