{"id":1146,"date":"2025-08-26T13:22:17","date_gmt":"2025-08-26T10:22:17","guid":{"rendered":"https:\/\/tolobook.fi\/rosbacka\/?post_type=product&#038;p=1146"},"modified":"2025-12-23T14:49:02","modified_gmt":"2025-12-23T12:49:02","slug":"lahjakortti-koirametsaan","status":"publish","type":"product","link":"https:\/\/tolobook.fi\/rosbacka\/tuote\/lahjakortti-koirametsaan\/","title":{"rendered":"Lahjakortti koiramets\u00e4\u00e4n"},"content":{"rendered":"<p>Lahjakortti Rosbackan koiramets\u00e4\u00e4n vapaavalintaisella summalla.<\/p>\n<p>Lahjakortit ovat voimassa 12kk ja niit\u00e4 voi hy\u00f6dynt\u00e4\u00e4 kaikkiin Rosbackan Koiramets\u00e4n tuotteisiin.<\/p>\n","protected":false},"excerpt":{"rendered":"<p>Lahjakortti Rosbackan koiramets\u00e4\u00e4n vapaavalintaisella summalla.<\/p>\n<p>Lahjakortit ovat voimassa 12kk ja niit\u00e4 voi hy\u00f6dynt\u00e4\u00e4 kaikkiin Rosbackan Koiramets\u00e4n tuotteisiin.<\/p>\n","protected":false},"featured_media":2186,"template":"","meta":{"_acf_changed":false,"_kad_post_transparent":"default","_kad_post_title":"","_kad_post_layout":"default","_kad_post_sidebar_id":"","_kad_post_content_style":"default","_kad_post_vertical_padding":"default","_kad_post_feature":"","_kad_post_feature_position":"","_kad_post_header":false,"_kad_post_footer":false,"_kad_post_classname":""},"product_cat":[24],"class_list":{"0":"post-1146","1":"product","2":"type-product","3":"status-publish","4":"has-post-thumbnail","6":"product_cat-koirametsa","8":"first","9":"instock","10":"taxable","11":"shipping-taxable","12":"purchasable","13":"product-type-pw-gift-card","14":"entry","15":"content-bg","16":"loop-entry"},"acf":[],"_links":{"self":[{"href":"https:\/\/tolobook.fi\/rosbacka\/wp-json\/wp\/v2\/product\/1146","targetHints":{"allow":["GET"]}}],"collection":[{"href":"https:\/\/tolobook.fi\/rosbacka\/wp-json\/wp\/v2\/product"}],"about":[{"href":"https:\/\/tolobook.fi\/rosbacka\/wp-json\/wp\/v2\/types\/product"}],"wp:featuredmedia":[{"embeddable":true,"href":"https:\/\/tolobook.fi\/rosbacka\/wp-json\/wp\/v2\/media\/2186"}],"wp:attachment":[{"href":"https:\/\/tolobook.fi\/rosbacka\/wp-json\/wp\/v2\/media?parent=1146"}],"wp:term":[{"taxonomy":"product_cat","embeddable":true,"href":"https:\/\/tolobook.fi\/rosbacka\/wp-json\/wp\/v2\/product_cat?post=1146"}],"curies":[{"name":"wp","href":"https:\/\/api.w.org\/{rel}","templated":true}]}}