{"id":2978,"date":"2025-12-13T17:09:43","date_gmt":"2025-12-13T15:09:43","guid":{"rendered":"https:\/\/tolobook.fi\/rosbacka\/?page_id=2978"},"modified":"2026-02-04T21:07:25","modified_gmt":"2026-02-04T19:07:25","slug":"koirametsan-varausehdot","status":"publish","type":"page","link":"https:\/\/tolobook.fi\/rosbacka\/koirametsan-varausehdot\/","title":{"rendered":"Koiramets\u00e4n varausehdot"},"content":{"rendered":"\n<p><strong>Yleist\u00e4<\/strong><\/p>\n\n\n\n<p>Asiakkaan vastuulla on tutustua <a href=\"https:\/\/koirametsa.rosbacka.fi\/saannot\/\" target=\"_blank\" rel=\"noreferrer noopener\">koiramets\u00e4n s\u00e4\u00e4nt\u00f6ihin ja ohjeisiin<\/a> etuk\u00e4teen.<\/p>\n\n\n\n<p><strong>Peruutukset ja muutokset ja niihin liittyv\u00e4t ehdot<\/strong><\/p>\n\n\n\n<p>Varaukset ovat sitovia. Varauksen saa kuitenkin perua tai siirt\u00e4\u00e4 toiseen ajankohtaan viimeist\u00e4\u00e4n 12 tuntia ennen varauksen alkua.\u202f Vuoron voi siirt\u00e4\u00e4 yhden kerran. Vuoron siirt\u00e4miseksi tai peruuttamiseksi pyyd\u00e4mme teit\u00e4 olemaan yhteydess\u00e4 s\u00e4hk\u00f6postitse: koirametsa@rosbacka.fi tai puhelimitse: +358 44 493 1820. Peruutustapauksissa rahat eiv\u00e4t palaudu automaattisesti asiakkaan tilille, vaan ne siirret\u00e4\u00e4n manuaalisesti 14 p\u00e4iv\u00e4n sis\u00e4ll\u00e4 peruutuksesta.<\/p>\n\n\n\n<p>Ylivoimaisen esteen sattuessa (Force majeure) kauppias voi itse perua vuoron. Peruuttamisesta ilmoitetaan v\u00e4litt\u00f6m\u00e4sti asiakkaalle. Asiakas saa t\u00e4ll\u00f6in rahat takaisin (14 p\u00e4iv\u00e4n sis\u00e4\u00e4n) tai mahdollisuuden siirt\u00e4\u00e4 vuoroa. Force majeure -esteen takia peruuntuneesta vuorosta asiakkaalle mahdollisesti syntyneit\u00e4 kuluja ei korvata.<\/p>\n\n\n\n<p>Sarjakortit ja lahjakortit ovat voimassa 12 kuukautta ostohetkest\u00e4 alkaen. Sarjakortit ovat henkil\u00f6kohtaisia. Sarjakorteissa ja lahjakorteissa asiakkaalla on kuluttajansuojalain mukainen 14 vuorokauden vaihto- ja palautusoikeus. T\u00e4ll\u00f6in sarjakortti tai lahjakortti tulee palauttaa myyj\u00e4lle.<\/p>\n\n\n\n<p>Peruutusoikeutta ei kuitenkaan ole, mik\u00e4li sarjakorttia tai lahjakorttia on jo k\u00e4ytetty, palvelun ajankohta on varattu tai myyj\u00e4 on aloittanut muut sarjakortin tai lahjakortin oikeuttamaan tuotteen tai palvelun tarjoamiseen vaaditut j\u00e4rjestelyt.<\/p>\n\n\n\n<p><strong>Koiramets\u00e4n alueen k\u00e4ytt\u00f6<\/strong><\/p>\n\n\n\n<p>Asiakas on velvollinen korvaamaan kauppiaalle vahingon, jonka h\u00e4n on aiheuttanut kohteelle. Varaaja on vastuussa my\u00f6s muista kohteessa vierailevista henkil\u00f6ist\u00e4 ja heid\u00e4n tuomistaan el\u00e4imist\u00e4 sek\u00e4 heid\u00e4n aiheuttamastaan vahingosta varauksen aikana.<\/p>\n\n\n\n<p>Luonnonmets\u00e4ss\u00e4 on aina pinnanmuodoiltaan vaihtelevaa maastoa, korkeuseroja, liukkautta, kivi\u00e4, koloja, juurakoita ja muita ep\u00e4tasaisuuksia.\u202fKauppias ei korvaa yll\u00e4 mainituista tai luonnonolosuhteista, kuten hy\u00f6nteisist\u00e4, el\u00e4imist\u00e4, kelirikosta tai odottamattomista s\u00e4\u00e4nvaihteluista asiakkaalle mahdollisesti aiheutuvaa haittaa tai kuluja.\u202f\u202f<\/p>\n\n\n\n<p><strong>Valitukset<\/strong><\/p>\n\n\n\n<p>Mahdolliset valitukset on aina teht\u00e4v\u00e4 mahdollisimman nopeasti aiheen ilmaannuttua.\u202fMik\u00e4li asiaan ei saada tyydytt\u00e4v\u00e4\u00e4 ratkaisua tai siihen liittyy korvausvaatimus, tulee valitus l\u00e4hett\u00e4\u00e4 kuukauden kuluessa varausajan p\u00e4\u00e4ttymisest\u00e4 kirjallisesti.\u202fKauppias pyrkii k\u00e4sittelem\u00e4\u00e4n valituksen mahdollisimman nopeasti kuitenkin enint\u00e4\u00e4n kuukauden kuluessa. Jos asiakas ja kauppias eiv\u00e4t p\u00e4\u00e4se yhteisymm\u00e4rrykseen, asiakas voi saattaa riita-asian kuluttajavalituslautakunnan k\u00e4sitelt\u00e4v\u00e4ksi.<\/p>\n\n\n\n<p><\/p>\n","protected":false},"excerpt":{"rendered":"<p>Yleist\u00e4 Asiakkaan vastuulla on tutustua koiramets\u00e4n s\u00e4\u00e4nt\u00f6ihin ja ohjeisiin etuk\u00e4teen. Peruutukset ja muutokset ja niihin liittyv\u00e4t ehdot Varaukset ovat sitovia. Varauksen saa kuitenkin perua tai siirt\u00e4\u00e4 toiseen ajankohtaan viimeist\u00e4\u00e4n 12 tuntia ennen varauksen alkua.\u202f Vuoron voi siirt\u00e4\u00e4 yhden kerran. Vuoron siirt\u00e4miseksi tai peruuttamiseksi pyyd\u00e4mme teit\u00e4 olemaan yhteydess\u00e4 s\u00e4hk\u00f6postitse: koirametsa@rosbacka.fi tai puhelimitse: +358 44 493 1820&#8230;.<\/p>\n","protected":false},"author":12,"featured_media":0,"parent":0,"menu_order":0,"comment_status":"closed","ping_status":"closed","template":"","meta":{"_acf_changed":false,"_kad_post_transparent":"","_kad_post_title":"","_kad_post_layout":"","_kad_post_sidebar_id":"","_kad_post_content_style":"","_kad_post_vertical_padding":"","_kad_post_feature":"","_kad_post_feature_position":"","_kad_post_header":false,"_kad_post_footer":false,"_kad_post_classname":"","footnotes":""},"class_list":["post-2978","page","type-page","status-publish","hentry"],"acf":[],"_links":{"self":[{"href":"https:\/\/tolobook.fi\/rosbacka\/wp-json\/wp\/v2\/pages\/2978","targetHints":{"allow":["GET"]}}],"collection":[{"href":"https:\/\/tolobook.fi\/rosbacka\/wp-json\/wp\/v2\/pages"}],"about":[{"href":"https:\/\/tolobook.fi\/rosbacka\/wp-json\/wp\/v2\/types\/page"}],"author":[{"embeddable":true,"href":"https:\/\/tolobook.fi\/rosbacka\/wp-json\/wp\/v2\/users\/12"}],"replies":[{"embeddable":true,"href":"https:\/\/tolobook.fi\/rosbacka\/wp-json\/wp\/v2\/comments?post=2978"}],"version-history":[{"count":2,"href":"https:\/\/tolobook.fi\/rosbacka\/wp-json\/wp\/v2\/pages\/2978\/revisions"}],"predecessor-version":[{"id":3776,"href":"https:\/\/tolobook.fi\/rosbacka\/wp-json\/wp\/v2\/pages\/2978\/revisions\/3776"}],"wp:attachment":[{"href":"https:\/\/tolobook.fi\/rosbacka\/wp-json\/wp\/v2\/media?parent=2978"}],"curies":[{"name":"wp","href":"https:\/\/api.w.org\/{rel}","templated":true}]}}