{"id":2974,"date":"2025-12-13T17:01:14","date_gmt":"2025-12-13T15:01:14","guid":{"rendered":"https:\/\/tolobook.fi\/rosbacka\/?page_id=2974"},"modified":"2026-03-19T10:36:19","modified_gmt":"2026-03-19T08:36:19","slug":"juhlatilojen-vuokraehdot","status":"publish","type":"page","link":"https:\/\/tolobook.fi\/rosbacka\/juhlatilojen-vuokraehdot\/","title":{"rendered":"Rosbackan tilojen vuokraehdot"},"content":{"rendered":"\n<h2 class=\"wp-block-heading\">Ehdot koskevat Rosbackan juhla- kokous ja saunatiloja, majoitustiloja, sek\u00e4 tilaisuuksia, joihin on vuokrattu useamman tilan yhdistelm\u00e4<\/h2>\n\n\n\n<p><strong>Vuokrauksen kohde<\/strong><\/p>\n\n\n\n<p>Vuokrauksen kohteena on asiakkaalle myydyn tuotteen mukaisesti Rosbackan maatilan asiakastila tai useampia tiloja. \u00a0<\/p>\n\n\n\n<p>Vuokraukseen sis\u00e4ltyy aina oikeus piha-alueen ja parkkipaikan k\u00e4ytt\u00f6\u00f6n, muut mahdolliset samanaikaiset tilaisuudet huomioiden.<\/p>\n\n\n\n<p>Muihin kuin vuokrauksen kohteena olevien rakennusten sis\u00e4tiloihin meneminen on kielletty.<\/p>\n\n\n\n<p><strong>Vuokrauksesta yleisesti<\/strong><\/p>\n\n\n\n<p>Tilojen k\u00e4ytt\u00f6 tapahtuu aina vuokraajan omalla vastuulla. Vuokralleottaja on velvollinen toimimaan tiloissa huolellisesti ja siten, ett\u00e4 tilat tai siell\u00e4 oleva irtaimisto eiv\u00e4t vahingoitu tai likaannu. Tilat tarkistetaan yhdess\u00e4 vuokraajan kanssa ennen vuokrausta, ja vuokranantajan toimesta tilaisuuden j\u00e4lkeen.&nbsp;<\/p>\n\n\n\n<p>Juhlatiloissa j\u00e4rjestett\u00e4v\u00e4t tilaisuudet ovat yksityistilaisuuksia, joiden luonteesta ja henkil\u00f6m\u00e4\u00e4r\u00e4st\u00e4 sovitaan aina erikseen vuokranantajan kanssa.&nbsp;<\/p>\n\n\n\n<p>Tiloissa ei ole anniskeluoikeuksia. Omien juomien ja ruokien nauttiminen on tiloissa sallittu. Alkoholin myyminen ja muu vastikkeellinen luovutus on kielletty, ellei ko. toimintaan haeta viranomaisen lupaa vuokralaisen toimesta. Vuokralainen huolehtii tarvittavien viranomaislupien hankkimisesta ja vastaa seuraamuksista, jotka aiheutuvat viranomaisen vaatimusten laiminly\u00f6misest\u00e4.<\/p>\n\n\n\n<p>Vuokra-aika ja siit\u00e4 maksettava vuokra sovitaan tapauskohtaisesti.&nbsp;<\/p>\n\n\n\n<p>Vuokra-aika pe-su varauksella alkaa perjantaina klo 17:00 ja p\u00e4\u00e4ttyy sunnuntaina klo 12:00, ellei erikseen muuta ole sovittu.<\/p>\n\n\n\n<p>Tilavuokraan sis\u00e4ltyv\u00e4t tiloissa olevat koristeet, valot, astiat, koneiden ja laitteiden k\u00e4ytt\u00f6, wc- ja k\u00e4sipaperit ja siivousv\u00e4lineet.<\/p>\n\n\n\n<p><strong>Varausehdot<\/strong><\/p>\n\n\n\n<p>Tilojen vuokraajan on oltava t\u00e4ysi-ik\u00e4inen.&nbsp;<\/p>\n\n\n\n<p>Varaus tehd\u00e4\u00e4n s\u00e4hk\u00f6postilla tai verkkokaupassa osoitteessa https:\/\/tolobook.fi\/rosbacka\/.<\/p>\n\n\n\n<p>Vuokraus sis\u00e4lt\u00e4\u00e4 yhden maksuttoman suunnitteluk\u00e4ynnin tilassa sovittuna aikana. Yleisin\u00e4 n\u00e4ytt\u00f6aikoina tilassa voi vierailla rajoituksetta. Ylim\u00e4\u00e4r\u00e4isist\u00e4 suunnitteluk\u00e4ynneist\u00e4 veloitetaan 40\u20ac\/h.<\/p>\n\n\n\n<p><strong>Maksu- ja peruutusehdot<\/strong><\/p>\n\n\n\n<p>Varaus vahvistetaan maksamalla varausmaksu 150\u20ac. Varausmaksu veloitetaan asiakkaan toiveen mukaan s\u00e4hk\u00f6postilaskulla, verkkolaskulla, maksulinkill\u00e4, kortilla tai MobilePaylla. Jos varausmaksua ei ole maksettu sovittuun er\u00e4p\u00e4iv\u00e4\u00e4n menness\u00e4, varaus peruuntuu automaattisesti. Maksettu varausmaksu ei ole hyvitett\u00e4viss\u00e4 vaikka tilaisuus peruuntuisi.<\/p>\n\n\n\n<p>Loppumaksusta asiakas saa toisen laskun, jonka er\u00e4p\u00e4iv\u00e4 on 30 vuorokautta ennen varattua ajankohtaa. Peruutuksen tapahtuessa alle 30 vuorokautta ennen tilaisuuden ajankohtaa, veloitetaan 100% vuokrahinnasta. Mik\u00e4li vuokralainen on varannut tilan ja tilaisuuteen on aikaa alle 45 vuorokautta, maksetaan vuokrahinta kokonaisuudessaan yhdell\u00e4 laskulla.<\/p>\n\n\n\n<p>1-2 kk ennen varauksen ajankohtaa peruutetuista tapahtumista laskutamme puolet tapahtuman hinnasta ja alle 1kk ennen peruutetut varaukset laskutamme kokonaisuudessaan.<\/p>\n\n\n\n<p>Varauksen kestoa voi lyhent\u00e4\u00e4 tai varaukseen sis\u00e4llytettyj\u00e4 tiloja tai muita sovittuja sis\u00e4lt\u00f6j\u00e4 v\u00e4hent\u00e4\u00e4 veloituksetta viimeist\u00e4\u00e4n 30pv ennen tilaisuutta. Alle 30pv mutta v\u00e4hint\u00e4\u00e4n 14pv ennen tilaisuutta tehdyist\u00e4 muutoksista veloitamme 50% hintaerotuksesta. My\u00f6hemmin tehnyt muokkaukset eiv\u00e4t alenna loppuhintaa.&nbsp;<\/p>\n\n\n\n<p>Ylivoimaisesta esteest\u00e4 johtuen (esim. vesivahinko, tulipalo, ilkivalta tai myrskyn aiheuttamat tuhot) Rosbackan tila voi perua varauksen ilman korvausvelvollisuutta ennen varauksen alkua. Asiakkaalla on t\u00e4ll\u00f6in oikeus saada maksamansa summa takaisin kokonaisuudessaan.<\/p>\n\n\n\n<p><strong>Vahingot<\/strong><\/p>\n\n\n\n<p>Vuokralainen on velvollinen korvaamaan vuokrauksen yhteydess\u00e4 tiloille\/irtaimistolle, kiinteist\u00f6n omistajalle ja\/tai kolmannelle osapuolelle aiheuttamansa vahingot t\u00e4ysim\u00e4\u00e4r\u00e4isen\u00e4.<\/p>\n\n\n\n<p><strong>Vakuutukset<\/strong><\/p>\n\n\n\n<p>Tiloissa olevat vuokralaisen tavarat ovat h\u00e4nen omalla vastuullaan, eik\u00e4 niit\u00e4 ole vakuutettu Rosbackan tilan toimesta.<\/p>\n\n\n\n<p><strong>Sopimuksen siirto<\/strong><\/p>\n\n\n\n<p>Vuokralaisella ei ole oikeutta siirt\u00e4\u00e4 t\u00e4t\u00e4 sopimusta tai luovuttaa varaamiaan tiloja kolmannelle osapuolelle ilman vuokranantajan suostumusta.<\/p>\n\n\n\n<p><strong>Juhlatilat ja koristelu<\/strong><\/p>\n\n\n\n<p>Tilavuokraan sis\u00e4ltyy tiloihin tutustuminen sek\u00e4 tilojen k\u00e4ytt\u00f6 sovittuna aikana sovitulle henkil\u00f6m\u00e4\u00e4r\u00e4lle. Tila vuokrataan peruskalustuksella, jota vuokralainen voi k\u00e4ytt\u00e4\u00e4 parhaaksi katsomallaan tavalla tilaisuutensa j\u00e4rjest\u00e4miseksi. Vuokra-ajan p\u00e4\u00e4ttyess\u00e4 kalusteet tulee asetella takaisin perusmuotoon. Tilavuokraan ei sis\u00e4lly p\u00f6yt\u00e4liinoja tai muita koristeita, jotka eiv\u00e4t ole esill\u00e4 tiloissa.<\/p>\n\n\n\n<p><strong>Siivous<\/strong><\/p>\n\n\n\n<p>Vuokralaisen tulee k\u00e4ytt\u00e4\u00e4 tiloja noudattaen normaalia siisteytt\u00e4 ja hyvi\u00e4 k\u00e4yt\u00f6stapoja. Tilojen tulee olla asiallisessa kunnossa tilaisuuden j\u00e4lkeen. Vuokraajan tulee ehdottomasti vied\u00e4 pois kaikki tiloihin tuomansa tavarat ja koristeet. Roskat, pullot ja t\u00f6lkit on laitettava niille osoitettuihin ker\u00e4yspusseihin, ja pussit on viet\u00e4v\u00e4 pihalla sijaitsevaan roskiskatokseen.<\/p>\n\n\n\n<p>Tilan vuokraan sis\u00e4ltyy perussiivous. Mik\u00e4li tilassa on lis\u00e4siivouksen tarvetta, kuten oksennusta, vuokranantaja laskuttaa vuokralaiselta n\u00e4iden siivouksen erikseen.<\/p>\n\n\n\n<p><strong>S\u00e4\u00e4nn\u00f6t<\/strong><\/p>\n\n\n\n<p>Vuokralainen huolehtii ja vastaa siit\u00e4, ett\u00e4 ajoneuvot pys\u00e4k\u00f6id\u00e4\u00e4n niille osoitetulle pys\u00e4k\u00f6intialueelle.<\/p>\n\n\n\n<p>Vuokranantajalla ja viranomaisella on oikeus keskeytt\u00e4\u00e4 tilaisuus, mik\u00e4li siit\u00e4 katsotaan aiheutuvan vaaraa kiinteist\u00f6lle ja\/tai haittaa naapurustolle ja\/tai ymp\u00e4rist\u00f6lle. Tilaisuus voidaan keskeytt\u00e4\u00e4 my\u00f6s, mik\u00e4li vuokrausehtoja ei noudateta.<\/p>\n\n\n\n<p>Vuokralainen vastaa siit\u00e4, ett\u00e4 kaikki vuokralaisen tilaisuuteen osallistuvat henkil\u00f6t noudattavat vuokrausehtoja.<\/p>\n\n\n\n<p>Vuokratuissa tiloissa ei ole sallittua naulata, liimata tai muuten vahingoittaa rakennuksen seini\u00e4, ovia tai kalusteita. Verhoja ei saa poistaa eik\u00e4 siirt\u00e4\u00e4. Rikkoutuneista rakenteista ja kalustosta sek\u00e4 ylim\u00e4\u00e4r\u00e4isest\u00e4 siivousty\u00f6st\u00e4 veloitetaan erikseen.<\/p>\n\n\n\n<p>Sovitun vuokra-ajan lis\u00e4ksi tilaisuuksia ei rajoiteta, mutta klo 00:00 j\u00e4lkeen musiikin voimakkuutta tulee tarkastaa sellaiseksi, ettei se aiheuta meluhaittaa ymp\u00e4rist\u00f6lle tai l\u00e4hialueen asukkaille. Melua piha-alueilla on samoin v\u00e4ltett\u00e4v\u00e4 klo 00:00 j\u00e4lkeen. Musiikin ja melun \u00e4\u00e4nenvoimakkuuden kohtuullisen tason noudattaminen on vuokralaisen eli asiakkaan vastuulla ja t\u00e4m\u00e4n laiminly\u00f6nti voi ehtojen mukaisesti aiheuttaa juhlien ennenaikaisen p\u00e4\u00e4ttymisen.<\/p>\n\n\n\n<p><strong>Paloturvallisuus<\/strong><\/p>\n\n\n\n<p>Tupakointi sis\u00e4tiloissa on kielletty. Tupakointi on sallittu vain sille varatulla piha-alueella, niin ettei siit\u00e4 aiheudu haittaa tai paloturvallisuusriskej\u00e4.&nbsp;<\/p>\n\n\n\n<p>Salakapakassa ja saunalla saa polttaa kynttil\u00f6it\u00e4 palamattomalla alustalla, kunhan niit\u00e4 k\u00e4sitell\u00e4\u00e4n turvallisesti ja asetetaan niin, ettei niist\u00e4 aiheudu vaaraa juhlavieraille eik\u00e4 kiinteist\u00f6lle. Kuivurissa kynttil\u00f6iden polttaminen on kielletty.<\/p>\n\n\n\n<p><strong>Reklamaatiot<\/strong><\/p>\n\n\n\n<p>Mahdolliset tiloja koskevat reklamaatiot tulee esitt\u00e4\u00e4 viivytyksett\u00e4 ja viimeist\u00e4\u00e4n heti vuokrausta seuraavana arkip\u00e4iv\u00e4n\u00e4 vuokranantajalle. Vuokranantaja ei korvaa vuokraajalle ylivoimaisesta esteest\u00e4 aiheutuneita vahinkoja eik\u00e4 miss\u00e4\u00e4n olosuhteissa v\u00e4lillisi\u00e4 vahinkoja.<\/p>\n\n\n\n<p><strong>Muuta<\/strong><\/p>\n\n\n\n<p>Vuokranantaja pid\u00e4tt\u00e4\u00e4 oikeuden tilaus- ja toimitusehtojen sek\u00e4 hintojen muutoksiin.<\/p>\n\n\n\n<p>Maksullisten yleis\u00f6tapahtumien j\u00e4rjest\u00e4minen tiloissa on kielletty ellei j\u00e4rjestelyist\u00e4 ole sovittu yhteisty\u00f6ss\u00e4 Rosbackan kanssa.<\/p>\n\n\n\n<p>Vuokralaiselle ei luovuteta avainta tiloihin, eik\u00e4 tilojen ovia ole mahdollista lukita tilaisuuden aikana. Rosbackan tilan henkil\u00f6kunta ottaa asiakkaan vastaan tilaisuuden alkaessa, ja varmistaa ett\u00e4 tilan toiminnot ovat asiakkaalle tuttuja.<\/p>\n\n\n\n<p>Henkil\u00f6kunta on tarvittaessa tavoitettavissa my\u00f6s tilaisuuden aikana, ja kannustamme ottamaan yhteytt\u00e4 puhelimitse numeroon 044 493 1820 heti mik\u00e4li ilmenee kysytt\u00e4v\u00e4\u00e4.<\/p>\n\n\n\n<p>Juhlatila ei voi vaikuttaa s\u00e4hk\u00f6katkoksiin tai muihin luonnonilmi\u00f6iden aiheuttamiin h\u00e4iri\u00f6ihin.<\/p>\n\n\n\n<p><strong>Catering<\/strong><\/p>\n\n\n\n<p>Tilalla ei ole omaa pitopalvelutoimintaa, joten vuokraaja voi itse valita mieleisens\u00e4 palveluntuottajan. Suosittelemme valitsemaan pitopalvelun, joka tuntee tilan ja sen k\u00e4yt\u00e4nn\u00f6t. Tilalta l\u00f6ytyy yhteystietoja yritt\u00e4jist\u00e4 ja yrityksist\u00e4.<\/p>\n","protected":false},"excerpt":{"rendered":"<p>Ehdot koskevat Rosbackan juhla- kokous ja saunatiloja, majoitustiloja, sek\u00e4 tilaisuuksia, joihin on vuokrattu useamman tilan yhdistelm\u00e4 Vuokrauksen kohde Vuokrauksen kohteena on asiakkaalle myydyn tuotteen mukaisesti Rosbackan maatilan asiakastila tai useampia tiloja. \u00a0 Vuokraukseen sis\u00e4ltyy aina oikeus piha-alueen ja parkkipaikan k\u00e4ytt\u00f6\u00f6n, muut mahdolliset samanaikaiset tilaisuudet huomioiden. Muihin kuin vuokrauksen kohteena olevien rakennusten sis\u00e4tiloihin meneminen on kielletty&#8230;.<\/p>\n","protected":false},"author":12,"featured_media":0,"parent":0,"menu_order":0,"comment_status":"closed","ping_status":"closed","template":"","meta":{"_acf_changed":false,"_kad_post_transparent":"","_kad_post_title":"","_kad_post_layout":"","_kad_post_sidebar_id":"","_kad_post_content_style":"","_kad_post_vertical_padding":"","_kad_post_feature":"","_kad_post_feature_position":"","_kad_post_header":false,"_kad_post_footer":false,"_kad_post_classname":"","footnotes":""},"class_list":["post-2974","page","type-page","status-publish","hentry"],"acf":[],"_links":{"self":[{"href":"https:\/\/tolobook.fi\/rosbacka\/wp-json\/wp\/v2\/pages\/2974","targetHints":{"allow":["GET"]}}],"collection":[{"href":"https:\/\/tolobook.fi\/rosbacka\/wp-json\/wp\/v2\/pages"}],"about":[{"href":"https:\/\/tolobook.fi\/rosbacka\/wp-json\/wp\/v2\/types\/page"}],"author":[{"embeddable":true,"href":"https:\/\/tolobook.fi\/rosbacka\/wp-json\/wp\/v2\/users\/12"}],"replies":[{"embeddable":true,"href":"https:\/\/tolobook.fi\/rosbacka\/wp-json\/wp\/v2\/comments?post=2974"}],"version-history":[{"count":5,"href":"https:\/\/tolobook.fi\/rosbacka\/wp-json\/wp\/v2\/pages\/2974\/revisions"}],"predecessor-version":[{"id":4361,"href":"https:\/\/tolobook.fi\/rosbacka\/wp-json\/wp\/v2\/pages\/2974\/revisions\/4361"}],"wp:attachment":[{"href":"https:\/\/tolobook.fi\/rosbacka\/wp-json\/wp\/v2\/media?parent=2974"}],"curies":[{"name":"wp","href":"https:\/\/api.w.org\/{rel}","templated":true}]}}