{"id":10,"date":"2025-05-05T21:05:54","date_gmt":"2025-05-05T18:05:54","guid":{"rendered":"https:\/\/tolobook.fi\/rosbacka\/?page_id=10"},"modified":"2025-12-13T17:11:05","modified_gmt":"2025-12-13T15:11:05","slug":"tilausehdot","status":"publish","type":"page","link":"https:\/\/tolobook.fi\/rosbacka\/tilausehdot\/","title":{"rendered":"Tilaus ja toimitusehdot"},"content":{"rendered":"\n<p>Tilaus- ja toimitusehtojen osapuolina toimivat kauppias (Rosbacka Oy) sek\u00e4 asiakas.\u202f<\/p>\n\n\n\n<p><strong>Kauppiaan yhteystiedot<\/strong><\/p>\n\n\n\n<p>Rosbacka Oy<br>y-tunnus: 2875348-5<br>posti@rosbacka.fi<br>+358 44 493 1820<\/p>\n\n\n\n<p><strong>Asiakas<\/strong><\/p>\n\n\n\n<p>Asiakas sitoutuu noudattamaan n\u00e4it\u00e4 ehtoja ostaessaan palveluja Rosbackan Tolobook-verkkopalvelusta.\u202f<\/p>\n\n\n\n<p><strong>Tilaamiseen liittyv\u00e4t yleiset ehdot<\/strong><\/p>\n\n\n\n<p>Verkkokaupan hinnat sis\u00e4lt\u00e4v\u00e4t arvonlis\u00e4veron. Pid\u00e4t\u00e4mme kaikki oikeudet hintojen muutoksiin.\u202fHinnat saattavat vaihdella sesongista tai kellonajasta riippuen.\u202f<\/p>\n\n\n\n<p>Myymme tuotteita t\u00e4ysi-ik\u00e4isille yksityishenkil\u00f6ille sek\u00e4 yritysasiakkaille. <\/p>\n\n\n\n<p>Asiakas vastaa omien tietojensa antamisesta ja niiden paikkansa pit\u00e4vyydest\u00e4. Asiakkaan tulee tutustua tilaus- ja peruutusehtoihin aina varauksen yhteydess\u00e4, sill\u00e4 pid\u00e4t\u00e4mme kaikki oikeudet muuttaa tilausehtoja. Pid\u00e4t\u00e4mme oikeuden muuttaa toimitusehtojamme.\u202f<\/p>\n\n\n\n<p><strong>Varaamiseen liittyv\u00e4t ehdot<\/strong><\/p>\n\n\n\n<p>Asiakkaan vastuulla on tutustua varaamansa palvelun ehtoihin ja ohjeisiin etuk\u00e4teen, sek\u00e4 varaukseen liittyviin ehtoihin. Pid\u00e4t\u00e4mme kaikki oikeudet muuttaa ohjeita sek\u00e4 varausehtoja.\u202fKatso ostamasi tuotteen ehdot alta.<\/p>\n\n\n\n<p><a href=\"https:\/\/tolobook.fi\/rosbacka\/koirametsan-varausehdot\/\" data-type=\"page\" data-id=\"2978\">Koiramets\u00e4n varausehdot<\/a><\/p>\n\n\n\n<p><a href=\"https:\/\/tolobook.fi\/rosbacka\/juhlatilojen-vuokraehdot\/\" data-type=\"page\" data-id=\"2974\">Juhlatilojen varausehdot<\/a><\/p>\n\n\n\n<p>Asiakkaan tekem\u00e4 varaus on sitova silloin, kun varausj\u00e4rjestelm\u00e4 on l\u00e4hett\u00e4nyt tilaus-\/maksuvahvistuksen asiakkaan kertomaan s\u00e4hk\u00f6postiosoitteeseen.\u202f<\/p>\n\n\n\n<p>Asiakas sitoutuu noudattamaan my\u00f6s maksutavan mukaisia ehtoja, jotka ovat voimassa valitsemallaan maksutavalla.\u202f<\/p>\n\n\n\n<p>Asiakkaan tulee olla v\u00e4litt\u00f6m\u00e4sti yhteydess\u00e4 kauppiaaseen, mik\u00e4li varaus on ep\u00e4onnistunut, jotta se saadaan korjattua. Kauppias ei vastaa ep\u00e4onnistuneesta varauksesta. Kauppias ei anna takuuta siit\u00e4, ett\u00e4 varattu aika on t\u00e4ss\u00e4 tilanteessa yh\u00e4 vapaa uudelleen varauksen ajankohtana.\u202fMik\u00e4li kyseinen aika on jo uudelleen varattu, rahat palautetaan tai tilalle tarjotaan mahdollisuuksien mukaan toista ajankohtaa.\u202f<\/p>\n\n\n\n<p><strong>Maksaminen<\/strong><\/p>\n\n\n\n<p>Verkkokaupan maksuv\u00e4litt\u00e4j\u00e4n\u00e4 toimii Paytrail (Paytrail Oyj, y-tunnus 2122839-7), joka on rekister\u00f6ity Finanssivalvonnan yll\u00e4pit\u00e4m\u00e4\u00e4n maksulaitosrekisteriin. Maksamiseen siirryt\u00e4\u00e4n Paytrail-verkkopalvelun kautta ja tiliotteella ja laskulla maksun saajana n\u00e4kyy Paytrail Oyj. Paytrail v\u00e4litt\u00e4\u00e4 maksut verkkokaupalle. Maksaminen on turvallista, sill\u00e4 kaikki maksutapahtumaa koskevat tiedot v\u00e4litet\u00e4\u00e4n salattua yhteytt\u00e4 k\u00e4ytt\u00e4en niin, ettei kukaan ulkopuolinen taho n\u00e4e maksutapahtuman tietoja.<\/p>\n\n\n\n<p>Kauppa syntyy verkkokaupan asiakkaan ja verkkokaupan v\u00e4lille. Verkkokaupan vastuulla ovat kaikki kauppaan liittyv\u00e4t velvoitteet.<\/p>\n\n\n\n<p>Lue lis\u00e4\u00e4 Paytrailista:\u202f<a href=\"https:\/\/www.paytrail.com\/mika-on-paytrail\">https:\/\/www.paytrail.com\/mika-on-paytrail<\/a><\/p>\n\n\n\n<p><strong>Maksutavat<\/strong><\/p>\n\n\n\n<p>Paytrail -palvelun kautta voit maksaa verkkopankkitunnuksilla, mobiilimaksutavoilla, maksukorteilla (credit\/debit), laskulla tai osamaksulla. <\/p>\n\n\n\n<p><\/p>\n\n\n\n<p><\/p>\n","protected":false},"excerpt":{"rendered":"<p>Tilaus- ja toimitusehtojen osapuolina toimivat kauppias (Rosbacka Oy) sek\u00e4 asiakas.\u202f Kauppiaan yhteystiedot Rosbacka Oyy-tunnus: 2875348-5posti@rosbacka.fi+358 44 493 1820 Asiakas Asiakas sitoutuu noudattamaan n\u00e4it\u00e4 ehtoja ostaessaan palveluja Rosbackan Tolobook-verkkopalvelusta.\u202f Tilaamiseen liittyv\u00e4t yleiset ehdot Verkkokaupan hinnat sis\u00e4lt\u00e4v\u00e4t arvonlis\u00e4veron. Pid\u00e4t\u00e4mme kaikki oikeudet hintojen muutoksiin.\u202fHinnat saattavat vaihdella sesongista tai kellonajasta riippuen.\u202f Myymme tuotteita t\u00e4ysi-ik\u00e4isille yksityishenkil\u00f6ille sek\u00e4 yritysasiakkaille. Asiakas vastaa&#8230;<\/p>\n","protected":false},"author":1,"featured_media":0,"parent":0,"menu_order":0,"comment_status":"closed","ping_status":"closed","template":"","meta":{"_acf_changed":false,"_kad_post_transparent":"","_kad_post_title":"","_kad_post_layout":"","_kad_post_sidebar_id":"","_kad_post_content_style":"","_kad_post_vertical_padding":"","_kad_post_feature":"","_kad_post_feature_position":"","_kad_post_header":false,"_kad_post_footer":false,"_kad_post_classname":"","footnotes":""},"class_list":["post-10","page","type-page","status-publish","hentry"],"acf":[],"_links":{"self":[{"href":"https:\/\/tolobook.fi\/rosbacka\/wp-json\/wp\/v2\/pages\/10","targetHints":{"allow":["GET"]}}],"collection":[{"href":"https:\/\/tolobook.fi\/rosbacka\/wp-json\/wp\/v2\/pages"}],"about":[{"href":"https:\/\/tolobook.fi\/rosbacka\/wp-json\/wp\/v2\/types\/page"}],"author":[{"embeddable":true,"href":"https:\/\/tolobook.fi\/rosbacka\/wp-json\/wp\/v2\/users\/1"}],"replies":[{"embeddable":true,"href":"https:\/\/tolobook.fi\/rosbacka\/wp-json\/wp\/v2\/comments?post=10"}],"version-history":[{"count":4,"href":"https:\/\/tolobook.fi\/rosbacka\/wp-json\/wp\/v2\/pages\/10\/revisions"}],"predecessor-version":[{"id":2980,"href":"https:\/\/tolobook.fi\/rosbacka\/wp-json\/wp\/v2\/pages\/10\/revisions\/2980"}],"wp:attachment":[{"href":"https:\/\/tolobook.fi\/rosbacka\/wp-json\/wp\/v2\/media?parent=10"}],"curies":[{"name":"wp","href":"https:\/\/api.w.org\/{rel}","templated":true}]}}