{"id":87,"date":"2026-01-07T15:07:06","date_gmt":"2026-01-07T13:07:06","guid":{"rendered":"https:\/\/tolobook.fi\/punttikontti\/?post_type=product&#038;p=87"},"modified":"2026-02-19T08:41:35","modified_gmt":"2026-02-19T06:41:35","slug":"vuosijasenyys","status":"publish","type":"product","link":"https:\/\/tolobook.fi\/punttikontti\/tuote\/vuosijasenyys\/","title":{"rendered":"Vuosij\u00e4senyys"},"content":{"rendered":"","protected":false},"excerpt":{"rendered":"<p>Kulkuoikeus alkaa heti oston yhteydess\u00e4 ja on voimassa 365 p\u00e4iv\u00e4\u00e4.<\/p>\n","protected":false},"featured_media":82,"template":"","meta":{"_acf_changed":false,"_kad_post_transparent":"default","_kad_post_title":"","_kad_post_layout":"default","_kad_post_sidebar_id":"","_kad_post_content_style":"default","_kad_post_vertical_padding":"default","_kad_post_feature":"","_kad_post_feature_position":"","_kad_post_header":false,"_kad_post_footer":false,"_kad_post_classname":""},"product_cat":[15],"class_list":{"0":"post-87","1":"product","2":"type-product","3":"status-publish","4":"has-post-thumbnail","6":"product_cat-yleinen","8":"first","9":"instock","10":"virtual","11":"sold-individually","12":"taxable","13":"purchasable","14":"product-type-simple","15":"entry","16":"content-bg","17":"loop-entry"},"acf":[],"_links":{"self":[{"href":"https:\/\/tolobook.fi\/punttikontti\/wp-json\/wp\/v2\/product\/87","targetHints":{"allow":["GET"]}}],"collection":[{"href":"https:\/\/tolobook.fi\/punttikontti\/wp-json\/wp\/v2\/product"}],"about":[{"href":"https:\/\/tolobook.fi\/punttikontti\/wp-json\/wp\/v2\/types\/product"}],"wp:featuredmedia":[{"embeddable":true,"href":"https:\/\/tolobook.fi\/punttikontti\/wp-json\/wp\/v2\/media\/82"}],"wp:attachment":[{"href":"https:\/\/tolobook.fi\/punttikontti\/wp-json\/wp\/v2\/media?parent=87"}],"wp:term":[{"taxonomy":"product_cat","embeddable":true,"href":"https:\/\/tolobook.fi\/punttikontti\/wp-json\/wp\/v2\/product_cat?post=87"}],"curies":[{"name":"wp","href":"https:\/\/api.w.org\/{rel}","templated":true}]}}