{"id":86,"date":"2026-01-07T15:06:12","date_gmt":"2026-01-07T13:06:12","guid":{"rendered":"https:\/\/tolobook.fi\/punttikontti\/?post_type=product&#038;p=86"},"modified":"2026-04-14T15:23:23","modified_gmt":"2026-04-14T12:23:23","slug":"kuukausijasenyys","status":"publish","type":"product","link":"https:\/\/tolobook.fi\/punttikontti\/tuote\/kuukausijasenyys\/","title":{"rendered":"Kuukausij\u00e4senyys"},"content":{"rendered":"","protected":false},"excerpt":{"rendered":"<p>Kulkuoikeus on voimassa heti ostosta ja jatkuu toistaiseksi voimassaolevana. Saat seuraavan laskun s\u00e4hk\u00f6postiisi, jonka j\u00e4lkeen voit siirty\u00e4 helppoon e-laskuun!<\/p>\n<p>Olethan yhteydess\u00e4 infoon, jos haluat maksaa kuukausij\u00e4senyyden jatkossa liikuntaedulla!<\/p>\n<p>\ud83e\udd1d\ud83c\udffb Ei piilokuluja! Jos ei maistu (maistuu), niin irtisanoudut ilmaiseksi normaalilla kuukauden irtisanomisajalla.<\/p>\n","protected":false},"featured_media":82,"template":"","meta":{"_acf_changed":false,"_kad_post_transparent":"default","_kad_post_title":"","_kad_post_layout":"default","_kad_post_sidebar_id":"","_kad_post_content_style":"default","_kad_post_vertical_padding":"default","_kad_post_feature":"","_kad_post_feature_position":"","_kad_post_header":false,"_kad_post_footer":false,"_kad_post_classname":""},"product_cat":[15],"class_list":{"0":"post-86","1":"product","2":"type-product","3":"status-publish","4":"has-post-thumbnail","6":"product_cat-yleinen","8":"first","9":"instock","10":"featured","11":"virtual","12":"sold-individually","13":"taxable","14":"purchasable","15":"product-type-simple","16":"entry","17":"content-bg","18":"loop-entry"},"acf":[],"_links":{"self":[{"href":"https:\/\/tolobook.fi\/punttikontti\/wp-json\/wp\/v2\/product\/86","targetHints":{"allow":["GET"]}}],"collection":[{"href":"https:\/\/tolobook.fi\/punttikontti\/wp-json\/wp\/v2\/product"}],"about":[{"href":"https:\/\/tolobook.fi\/punttikontti\/wp-json\/wp\/v2\/types\/product"}],"wp:featuredmedia":[{"embeddable":true,"href":"https:\/\/tolobook.fi\/punttikontti\/wp-json\/wp\/v2\/media\/82"}],"wp:attachment":[{"href":"https:\/\/tolobook.fi\/punttikontti\/wp-json\/wp\/v2\/media?parent=86"}],"wp:term":[{"taxonomy":"product_cat","embeddable":true,"href":"https:\/\/tolobook.fi\/punttikontti\/wp-json\/wp\/v2\/product_cat?post=86"}],"curies":[{"name":"wp","href":"https:\/\/api.w.org\/{rel}","templated":true}]}}