{"id":157,"date":"2026-02-17T23:14:43","date_gmt":"2026-02-17T21:14:43","guid":{"rendered":"https:\/\/tolobook.fi\/punttikontti\/?post_type=product&#038;p=157"},"modified":"2026-04-09T09:33:09","modified_gmt":"2026-04-09T06:33:09","slug":"lahjakortti","status":"publish","type":"product","link":"https:\/\/tolobook.fi\/punttikontti\/tuote\/lahjakortti\/","title":{"rendered":"LahjaKortti"},"content":{"rendered":"","protected":false},"excerpt":{"rendered":"<p>Sporttinen lahjaidea Suomen tehokkaimmalle kuntosalille!<\/p>\n<p>Lahjakortin ostamisen j\u00e4lkeen voit ostaa kertak\u00e4ynnin tai vuosij\u00e4senyyden ja k\u00e4ytt\u00e4\u00e4 saamaasi koodia kassalla kattamaan tuotteen hinnan. Lahjakortti on voimassa vuoden ostop\u00e4iv\u00e4st\u00e4.<\/p>\n","protected":false},"featured_media":82,"template":"","meta":{"_acf_changed":false,"_kad_post_transparent":"default","_kad_post_title":"","_kad_post_layout":"default","_kad_post_sidebar_id":"","_kad_post_content_style":"default","_kad_post_vertical_padding":"default","_kad_post_feature":"","_kad_post_feature_position":"","_kad_post_header":false,"_kad_post_footer":false,"_kad_post_classname":""},"product_cat":[15],"class_list":{"0":"post-157","1":"product","2":"type-product","3":"status-publish","4":"has-post-thumbnail","6":"product_cat-yleinen","8":"first","9":"instock","10":"sold-individually","11":"taxable","12":"shipping-taxable","13":"purchasable","14":"product-type-pw-gift-card","15":"has-default-attributes","16":"entry","17":"content-bg","18":"loop-entry"},"acf":[],"_links":{"self":[{"href":"https:\/\/tolobook.fi\/punttikontti\/wp-json\/wp\/v2\/product\/157","targetHints":{"allow":["GET"]}}],"collection":[{"href":"https:\/\/tolobook.fi\/punttikontti\/wp-json\/wp\/v2\/product"}],"about":[{"href":"https:\/\/tolobook.fi\/punttikontti\/wp-json\/wp\/v2\/types\/product"}],"wp:featuredmedia":[{"embeddable":true,"href":"https:\/\/tolobook.fi\/punttikontti\/wp-json\/wp\/v2\/media\/82"}],"wp:attachment":[{"href":"https:\/\/tolobook.fi\/punttikontti\/wp-json\/wp\/v2\/media?parent=157"}],"wp:term":[{"taxonomy":"product_cat","embeddable":true,"href":"https:\/\/tolobook.fi\/punttikontti\/wp-json\/wp\/v2\/product_cat?post=157"}],"curies":[{"name":"wp","href":"https:\/\/api.w.org\/{rel}","templated":true}]}}