{"id":100,"date":"2026-01-08T12:14:02","date_gmt":"2026-01-08T10:14:02","guid":{"rendered":"https:\/\/tolobook.fi\/punttikontti\/?post_type=product&#038;p=100"},"modified":"2026-02-23T00:13:19","modified_gmt":"2026-02-22T22:13:19","slug":"sarjakortti-10x1h","status":"publish","type":"product","link":"https:\/\/tolobook.fi\/punttikontti\/tuote\/sarjakortti-10x1h\/","title":{"rendered":"Sarjakortti 10x"},"content":{"rendered":"","protected":false},"excerpt":{"rendered":"<p>Voit ostaa sarjakortin itsellesi liikuntaedulla!<\/p>\n<p>Sarjakortti toimii lahjakortin omaisesti, eli voit lahjakortin ostamisen j\u00e4lkeen ostaa kertak\u00e4ynnin ja k\u00e4ytt\u00e4\u00e4 saamaasi koodia kassalla kattamaan kertak\u00e4ynnin hinnan.<\/p>\n<p>Sarjakortti on voimassa vuoden ostop\u00e4iv\u00e4st\u00e4.<\/p>\n","protected":false},"featured_media":82,"template":"","meta":{"_acf_changed":false,"_kad_post_transparent":"default","_kad_post_title":"","_kad_post_layout":"default","_kad_post_sidebar_id":"","_kad_post_content_style":"default","_kad_post_vertical_padding":"default","_kad_post_feature":"","_kad_post_feature_position":"","_kad_post_header":false,"_kad_post_footer":false,"_kad_post_classname":""},"product_cat":[15],"class_list":{"0":"post-100","1":"product","2":"type-product","3":"status-publish","4":"has-post-thumbnail","6":"product_cat-yleinen","8":"first","9":"instock","10":"sale","11":"sold-individually","12":"taxable","13":"shipping-taxable","14":"purchasable","15":"product-type-pw-gift-card","16":"has-default-attributes","17":"entry","18":"content-bg","19":"loop-entry"},"acf":[],"_links":{"self":[{"href":"https:\/\/tolobook.fi\/punttikontti\/wp-json\/wp\/v2\/product\/100","targetHints":{"allow":["GET"]}}],"collection":[{"href":"https:\/\/tolobook.fi\/punttikontti\/wp-json\/wp\/v2\/product"}],"about":[{"href":"https:\/\/tolobook.fi\/punttikontti\/wp-json\/wp\/v2\/types\/product"}],"wp:featuredmedia":[{"embeddable":true,"href":"https:\/\/tolobook.fi\/punttikontti\/wp-json\/wp\/v2\/media\/82"}],"wp:attachment":[{"href":"https:\/\/tolobook.fi\/punttikontti\/wp-json\/wp\/v2\/media?parent=100"}],"wp:term":[{"taxonomy":"product_cat","embeddable":true,"href":"https:\/\/tolobook.fi\/punttikontti\/wp-json\/wp\/v2\/product_cat?post=100"}],"curies":[{"name":"wp","href":"https:\/\/api.w.org\/{rel}","templated":true}]}}