{"id":60,"date":"2025-04-14T12:20:05","date_gmt":"2025-04-14T09:20:05","guid":{"rendered":"https:\/\/tolobook.fi\/lusin-kylatalo\/?post_type=product&#038;p=60"},"modified":"2025-06-26T14:09:16","modified_gmt":"2025-06-26T11:09:16","slug":"kokoustila","status":"publish","type":"product","link":"https:\/\/tolobook.fi\/lusin-kylatalo\/tuote\/kokoustila\/","title":{"rendered":"Kokoustila"},"content":{"rendered":"<p>Kokoustilaan mahtuu p\u00f6ytien \u00e4\u00e4reen noin 30 henkil\u00f6\u00e4. K\u00e4yt\u00f6ss\u00e4si ovat WIFI-nettiyhteys ja TV, johon tietokoneen voi liitt\u00e4\u00e4 HDMI-johdolla. Tilassa on my\u00f6s oma vesipiste. Tilat soveltuvat my\u00f6s liikuntarajoitteisille.<\/p>\n<p>Kokoukseen voi tilata erikseen my\u00f6s kahvitarjoilun. Kysy lis\u00e4\u00e4 info@lusinkylatalo.fi tai arkisin puh. 044 901 2199.<\/p>\n<p>Lis\u00e4tietoja tilasta l\u00f6ytyy <a href=\"https:\/\/lusinkylatalo.fi\/tilat\/\">kotisivuiltamme<\/a>.<\/p>\n<p>Tutustu <a href=\"https:\/\/tolobook.fi\/lusin-kylatalo\/varausehdot\/\">vuokrausehtoihin.<\/a><\/p>\n","protected":false},"excerpt":{"rendered":"<p>Voit varata kokoustilan 1-3 tunnin kest\u00e4v\u00e4\u00e4n kokoukseen hintaan 20 euroa\/kokous. Mik\u00e4li tarvitset tilan pidemm\u00e4ksi ajaksi, ota yhteytt\u00e4 info@kylatalo.fi tai arkisin puh. 044-901 2199.<\/p>\n","protected":false},"featured_media":86,"template":"","meta":{"_acf_changed":false,"_kad_post_transparent":"default","_kad_post_title":"","_kad_post_layout":"default","_kad_post_sidebar_id":"","_kad_post_content_style":"default","_kad_post_vertical_padding":"default","_kad_post_feature":"","_kad_post_feature_position":"","_kad_post_header":false,"_kad_post_footer":false,"_kad_post_classname":""},"product_cat":[15],"class_list":{"0":"post-60","1":"product","2":"type-product","3":"status-publish","4":"has-post-thumbnail","6":"product_cat-yleinen","8":"first","9":"instock","10":"virtual","11":"sold-individually","12":"purchasable","13":"product-type-booking","14":"entry","15":"content-bg","16":"loop-entry"},"acf":[],"_links":{"self":[{"href":"https:\/\/tolobook.fi\/lusin-kylatalo\/wp-json\/wp\/v2\/product\/60","targetHints":{"allow":["GET"]}}],"collection":[{"href":"https:\/\/tolobook.fi\/lusin-kylatalo\/wp-json\/wp\/v2\/product"}],"about":[{"href":"https:\/\/tolobook.fi\/lusin-kylatalo\/wp-json\/wp\/v2\/types\/product"}],"wp:featuredmedia":[{"embeddable":true,"href":"https:\/\/tolobook.fi\/lusin-kylatalo\/wp-json\/wp\/v2\/media\/86"}],"wp:attachment":[{"href":"https:\/\/tolobook.fi\/lusin-kylatalo\/wp-json\/wp\/v2\/media?parent=60"}],"wp:term":[{"taxonomy":"product_cat","embeddable":true,"href":"https:\/\/tolobook.fi\/lusin-kylatalo\/wp-json\/wp\/v2\/product_cat?post=60"}],"curies":[{"name":"wp","href":"https:\/\/api.w.org\/{rel}","templated":true}]}}