{"id":59,"date":"2025-04-14T12:19:09","date_gmt":"2025-04-14T09:19:09","guid":{"rendered":"https:\/\/tolobook.fi\/lusin-kylatalo\/?post_type=product&#038;p=59"},"modified":"2025-11-24T16:53:10","modified_gmt":"2025-11-24T14:53:10","slug":"liikuntasali","status":"publish","type":"product","link":"https:\/\/tolobook.fi\/lusin-kylatalo\/tuote\/liikuntasali\/","title":{"rendered":"Liikuntasali"},"content":{"rendered":"<p>Tilassa voi pelata mm. sulkapalloa, lentopalloa, korista, s\u00e4hly\u00e4. V\u00e4lineet l\u00f6ytyv\u00e4t ennen liikuntatilaa olevasta varastotilasta.<\/p>\n<p>Jos haluat varata ryhm\u00e4llesi vakituisen vuoron, ota silloin yhteytt\u00e4 info@lusinkylatalo.fi tai arkisin puh. 044 901 2199.<\/p>\n<p>Tilaa voi k\u00e4ytt\u00e4\u00e4 my\u00f6s juhla- ja messutilana. Pyyd\u00e4 erillinen tarjous info@lusinkylatalo.fi tai arkisin puh. 044 901 2199.<\/p>\n<p>Lis\u00e4tietoja tilasta l\u00f6ytyy <a href=\"https:\/\/lusinkylatalo.fi\/tilat\/\">kotisivuiltamme<\/a>.<\/p>\n<p>Tutustu<a href=\"https:\/\/tolobook.fi\/lusin-kylatalo\/varausehdot\/\"> vuokrausehtoihin<\/a>.<\/p>\n","protected":false},"excerpt":{"rendered":"<p>Liikuntatilan vuokra on 15 euroa\/tunti. Kokonaishinta muodostuu valitsemasi ajan perusteella.<\/p>\n","protected":false},"featured_media":88,"template":"","meta":{"_acf_changed":false,"_kad_post_transparent":"default","_kad_post_title":"","_kad_post_layout":"default","_kad_post_sidebar_id":"","_kad_post_content_style":"default","_kad_post_vertical_padding":"default","_kad_post_feature":"","_kad_post_feature_position":"","_kad_post_header":false,"_kad_post_footer":false,"_kad_post_classname":""},"product_cat":[15],"class_list":{"0":"post-59","1":"product","2":"type-product","3":"status-publish","4":"has-post-thumbnail","6":"product_cat-yleinen","8":"first","9":"instock","10":"virtual","11":"sold-individually","12":"purchasable","13":"product-type-booking","14":"entry","15":"content-bg","16":"loop-entry"},"acf":[],"_links":{"self":[{"href":"https:\/\/tolobook.fi\/lusin-kylatalo\/wp-json\/wp\/v2\/product\/59","targetHints":{"allow":["GET"]}}],"collection":[{"href":"https:\/\/tolobook.fi\/lusin-kylatalo\/wp-json\/wp\/v2\/product"}],"about":[{"href":"https:\/\/tolobook.fi\/lusin-kylatalo\/wp-json\/wp\/v2\/types\/product"}],"wp:featuredmedia":[{"embeddable":true,"href":"https:\/\/tolobook.fi\/lusin-kylatalo\/wp-json\/wp\/v2\/media\/88"}],"wp:attachment":[{"href":"https:\/\/tolobook.fi\/lusin-kylatalo\/wp-json\/wp\/v2\/media?parent=59"}],"wp:term":[{"taxonomy":"product_cat","embeddable":true,"href":"https:\/\/tolobook.fi\/lusin-kylatalo\/wp-json\/wp\/v2\/product_cat?post=59"}],"curies":[{"name":"wp","href":"https:\/\/api.w.org\/{rel}","templated":true}]}}