{"id":10,"date":"2025-05-05T21:24:54","date_gmt":"2025-05-05T18:24:54","guid":{"rendered":"https:\/\/tolobook.fi\/lusin-kylatalo\/?page_id=10"},"modified":"2025-06-26T14:11:19","modified_gmt":"2025-06-26T11:11:19","slug":"varausehdot","status":"publish","type":"page","link":"https:\/\/tolobook.fi\/lusin-kylatalo\/varausehdot\/","title":{"rendered":"Varausehdot"},"content":{"rendered":"\n<h1 class=\"wp-block-heading\">Lusin Kyl\u00e4talon varausehdot<\/h1>\n\n\n\n<p>Tilan vuokraaja saa maksun suorittamisen j\u00e4lkeen s\u00e4hk\u00f6postitse vahvistuksen ja kertak\u00e4ytt\u00f6isen avainkoodin, jolla saa oven auki. Avainkoodi on voimassa puoli tuntia ennen varauksen alkua.<br><br>Ovi pidet\u00e4\u00e4n lukittuna. Muut osallistujat p\u00e4\u00e4sev\u00e4t sis\u00e4\u00e4n ovikelloa soittamalla.&nbsp;<\/p>\n\n\n\n<h2 class=\"wp-block-heading\">Vastuut ja k\u00e4ytt\u00f6<\/h2>\n\n\n\n<ul class=\"wp-block-list\">\n<li>Vastuuhenkil\u00f6 vastaa henkil\u00f6kohtaisesti koodin k\u00e4yt\u00f6st\u00e4 ja siit\u00e4, ett\u00e4 tiloja k\u00e4ytet\u00e4\u00e4n sovitusti ja vastuullisesti.<\/li>\n\n\n\n<li>Koodia ei saa luovuttaa toiselle henkil\u00f6lle.<\/li>\n\n\n\n<li>Mik\u00e4li vastuuhenkil\u00f6n huolimattomuudesta aiheutuu vahinkoa Kyl\u00e4talon tiloille, vastuuhenkil\u00f6 sitoutuu korvaamaan vahingot ja niist\u00e4 aiheutuvat kustannukset t\u00e4ysim\u00e4\u00e4r\u00e4isesti.<\/li>\n\n\n\n<li>Vuokraaja vastaa siit\u00e4, ett\u00e4 tila j\u00e4tet\u00e4\u00e4n siistiin kuntoon ja ett\u00e4 kalusteet sek\u00e4 varusteet s\u00e4ilyv\u00e4t vahingoittumattomina. Lusin Kyl\u00e4talolla on oikeus peri\u00e4 erillinen siivousmaksu tai vahingonkorvaus toteutuneiden kulujen mukaan<\/li>\n<\/ul>\n\n\n\n<h2 class=\"wp-block-heading\">Tilan k\u00e4ytt\u00f6 ja poistuminen<\/h2>\n\n\n\n<ul class=\"wp-block-list\">\n<li>Lusin Kyl\u00e4talolla on k\u00e4yt\u00f6ss\u00e4 Verisuren h\u00e4lytysj\u00e4rjestelm\u00e4, joka kytkeytyy automaattisesti pois p\u00e4\u00e4lt\u00e4 ja takaisin p\u00e4\u00e4lle varausten mukaan.<\/li>\n\n\n\n<li>Sinulla on aikaa poistua ja tyhjent\u00e4\u00e4 tilat puoli tuntia varauksen p\u00e4\u00e4ttymisen j\u00e4lkeen.<\/li>\n\n\n\n<li>Tarkistathan l\u00e4htiess\u00e4si, ett\u00e4 ket\u00e4\u00e4n ei j\u00e4\u00e4 tilaan tai WC-tiloihin, ja ett\u00e4 kaikki valot on sammutettu, my\u00f6s WC:st\u00e4.<\/li>\n<\/ul>\n\n\n\n<h2 class=\"wp-block-heading\">K\u00e4ytt\u00f6rajoitukset ja turvallisuus<\/h2>\n\n\n\n<ul class=\"wp-block-list\">\n<li>Tupakointi ja avotulen tekeminen sis\u00e4tiloissa on ehdottomasti kielletty.<\/li>\n\n\n\n<li>Tilaa ei saa k\u00e4ytt\u00e4\u00e4 laittomaan toimintaan tai sellaiseen toimintaan, joka aiheuttaa h\u00e4iri\u00f6t\u00e4 alueen muille asukkaille tai k\u00e4ytt\u00e4jille.<\/li>\n\n\n\n<li>K\u00e4ytt\u00e4ytymisen tiloissa tulee olla asiallista ja turvallista.<\/li>\n\n\n\n<li>Mik\u00e4li tilaa ei ole tyhjennetty varauksen j\u00e4lkeisen puolen tunnin kuluessa, Lusin Kyl\u00e4talolla on oikeus veloittaa lis\u00e4maksu tai rajoittaa tulevia varauksia.<\/li>\n<\/ul>\n\n\n\n<h2 class=\"wp-block-heading\">Peruutukset<\/h2>\n\n\n\n<ul class=\"wp-block-list\">\n<li>Varaus voidaan peruuttaa viimeist\u00e4\u00e4n 24 tuntia ennen varauksen alkua, jolloin maksu palautetaan.&nbsp;<\/li>\n\n\n\n<li>Alle 24 tuntia ennen tehdyst\u00e4 peruutuksesta maksua ei palauteta, ellei erikseen muuta sovita.<\/li>\n<\/ul>\n\n\n\n<p>Jos haluat perua tai muokata varausta, ota yhteytt\u00e4 <a href=\"mailto:info@lusinkylatalo.fi\">info@lusinkylatalo.fi<\/a> \/ \ud83d\udcde <a href=\"tel:0449012199\">044 901 2199<\/a>. K\u00e4sittelemme peruutuksia arkisin.<\/p>\n\n\n\n<h2 class=\"wp-block-heading\">Tietosuoja<\/h2>\n\n\n\n<ul class=\"wp-block-list\">\n<li>Varaamalla hyv\u00e4ksyt, ett\u00e4 henkil\u00f6tietosi tallennetaan varausj\u00e4rjestelm\u00e4\u00e4n varauksen hallinnoimiseksi ja mahdollisen yhteydenoton mahdollistamiseksi.<\/li>\n\n\n\n<li>Tietoja ei luovuteta ulkopuolisille, ja niit\u00e4 k\u00e4sitell\u00e4\u00e4n luottamuksellisesti.<\/li>\n<\/ul>\n\n\n\n<h2 class=\"wp-block-heading\">Yll\u00e4pit\u00e4j\u00e4n oikeudet<\/h2>\n\n\n\n<ul class=\"wp-block-list\">\n<li>Lusin Kyl\u00e4talolla on oikeus peruuttaa varaus tai ev\u00e4t\u00e4 k\u00e4ytt\u00f6, mik\u00e4li varausehtoja rikotaan tai tiloja k\u00e4ytet\u00e4\u00e4n sopimattomasti.<\/li>\n<\/ul>\n\n\n\n<h2 class=\"wp-block-heading\">Vakiovuorot ja tapahtumat<\/h2>\n\n\n\n<p>Jos haluat varata vakiovuoron tai j\u00e4rjest\u00e4\u00e4 juhlat, messut tai muun vastaavan tapahtuman, otathan yhteytt\u00e4:<\/p>\n\n\n\n<p>\ud83d\udce7 <a href=\"mailto:info@lusinkylatalo.fi\">info@lusinkylatalo.fi<\/a><\/p>\n\n\n\n<p>\ud83d\udcde <a href=\"tel:0449012199\">044 901 2199<\/a> <br><br>Vastaamme yhteydenottoihin arkisin.<\/p>\n\n\n\n<p><\/p>\n","protected":false},"excerpt":{"rendered":"<p>Lusin Kyl\u00e4talon varausehdot Tilan vuokraaja saa maksun suorittamisen j\u00e4lkeen s\u00e4hk\u00f6postitse vahvistuksen ja kertak\u00e4ytt\u00f6isen avainkoodin, jolla saa oven auki. Avainkoodi on voimassa puoli tuntia ennen varauksen alkua. Ovi pidet\u00e4\u00e4n lukittuna. Muut osallistujat p\u00e4\u00e4sev\u00e4t sis\u00e4\u00e4n ovikelloa soittamalla.&nbsp; Vastuut ja k\u00e4ytt\u00f6 Tilan k\u00e4ytt\u00f6 ja poistuminen K\u00e4ytt\u00f6rajoitukset ja turvallisuus Peruutukset Jos haluat perua tai muokata varausta, ota yhteytt\u00e4 info@lusinkylatalo.fi&#8230;<\/p>\n","protected":false},"author":1,"featured_media":0,"parent":0,"menu_order":0,"comment_status":"closed","ping_status":"closed","template":"","meta":{"_acf_changed":false,"_kad_post_transparent":"","_kad_post_title":"","_kad_post_layout":"","_kad_post_sidebar_id":"","_kad_post_content_style":"","_kad_post_vertical_padding":"","_kad_post_feature":"","_kad_post_feature_position":"","_kad_post_header":false,"_kad_post_footer":false,"_kad_post_classname":"","footnotes":""},"class_list":["post-10","page","type-page","status-publish","hentry"],"acf":[],"_links":{"self":[{"href":"https:\/\/tolobook.fi\/lusin-kylatalo\/wp-json\/wp\/v2\/pages\/10","targetHints":{"allow":["GET"]}}],"collection":[{"href":"https:\/\/tolobook.fi\/lusin-kylatalo\/wp-json\/wp\/v2\/pages"}],"about":[{"href":"https:\/\/tolobook.fi\/lusin-kylatalo\/wp-json\/wp\/v2\/types\/page"}],"author":[{"embeddable":true,"href":"https:\/\/tolobook.fi\/lusin-kylatalo\/wp-json\/wp\/v2\/users\/1"}],"replies":[{"embeddable":true,"href":"https:\/\/tolobook.fi\/lusin-kylatalo\/wp-json\/wp\/v2\/comments?post=10"}],"version-history":[{"count":10,"href":"https:\/\/tolobook.fi\/lusin-kylatalo\/wp-json\/wp\/v2\/pages\/10\/revisions"}],"predecessor-version":[{"id":186,"href":"https:\/\/tolobook.fi\/lusin-kylatalo\/wp-json\/wp\/v2\/pages\/10\/revisions\/186"}],"wp:attachment":[{"href":"https:\/\/tolobook.fi\/lusin-kylatalo\/wp-json\/wp\/v2\/media?parent=10"}],"curies":[{"name":"wp","href":"https:\/\/api.w.org\/{rel}","templated":true}]}}