{"id":10,"date":"2025-05-05T21:05:54","date_gmt":"2025-05-05T18:05:54","guid":{"rendered":"https:\/\/tolobook.fi\/kuntosalivahva\/?page_id=10"},"modified":"2025-06-04T09:29:16","modified_gmt":"2025-06-04T06:29:16","slug":"tilausehdot","status":"publish","type":"page","link":"https:\/\/tolobook.fi\/kuntosalivahva\/tilausehdot\/","title":{"rendered":"Tilaus ja toimitusehdot"},"content":{"rendered":"\n<p>1. Yleist\u00e4<\/p>\n\n\n\n<p>Kuntosali Vahva on FysioPalmu Oy:n (Y-tunnus: 0400979-0) yll\u00e4pit\u00e4m\u00e4 palvelu. Verkkokauppa myy kuntosalipalveluita yksityishenkil\u00f6ille Suomessa. Kaikki tuotteet sis\u00e4lt\u00e4v\u00e4t arvonlis\u00e4veron (ALV). Pid\u00e4t\u00e4mme oikeuden toimitusehtojen ja hintojen muutoksiin ilman erillist\u00e4 ilmoitusta.<\/p>\n\n\n\n<p>2. Tilaaminen<\/p>\n\n\n\n<p>Tilaukset tehd\u00e4\u00e4n verkkokaupan kautta. Tuotteita ovat kuntosalin kertak\u00e4ynti-, kymppikortti- ja kuukausikortit, jotka ovat henkil\u00f6kohtaisia. Tilauksen yhteydess\u00e4 asiakkaan tulee antaa oikeat ja ajantasaiset tiedot. Ostaja sitoutuu noudattamaan verkkokaupan k\u00e4ytt\u00f6ehtoja.<\/p>\n\n\n\n<p>3. Maksaminen<\/p>\n\n\n\n<p>Verkkokaupassa maksaminen tapahtuu turvallisesti Paytrailin kautta. Hyv\u00e4ksymme yleisimm\u00e4t maksutavat, kuten verkkopankki- ja korttimaksut.<\/p>\n\n\n\n<p>Maksupalvelutarjoaja<\/p>\n\n\n\n<p>Maksunv\u00e4lityspalvelun toteuttajana ja maksupalveluntarjoajana toimii Paytrail Oyj (2122839-7) yhteisty\u00f6ss\u00e4 suomalaisten pankkien ja luottolaitosten kanssa. Paytrail Oyj n\u00e4kyy maksun saajana tiliotteella tai korttilaskulla ja v\u00e4litt\u00e4\u00e4 maksun kauppiaalle. Paytrail Oyj:ll\u00e4 on maksulaitoksen toimilupa. Reklamaatiotapauksissa pyyd\u00e4mme ottamaan ensisijaisesti yhteytt\u00e4 tuotteen toimittajaan.<\/p>\n\n\n\n<p>Paytrail Oyj, y-tunnus: 2122839-7<br>Innova 2<br>Lutakonaukio 7<br>40100 Jyv\u00e4skyl\u00e4<br><a href=\"https:\/\/www.paytrail.com\/kuluttaja\/tietoa-maksamisesta\" target=\"_blank\" rel=\"noreferrer noopener\">paytrail.com\/kuluttaja\/tietoa-maksamisesta<\/a><\/p>\n\n\n\n<p>4. Toimitus<\/p>\n\n\n\n<p>Tilauksen j\u00e4lkeen tuote toimitetaan s\u00e4hk\u00f6isesti antamaasi s\u00e4hk\u00f6postiosoitteeseen. Tuotteen k\u00e4ytt\u00f6 edellytt\u00e4\u00e4 pin-koodia, joka tulee s\u00e4hk\u00f6postiin tilausvahvistuksen yhteydess\u00e4. Kortti on voimassa vain k\u00e4ytt\u00f6ehtojen mukaisesti.<\/p>\n\n\n\n<p>5. Palautusoikeus<\/p>\n\n\n\n<p>Digitaalisilla tuotteilla ei ole palautusoikeutta, mik\u00e4li k\u00e4ytt\u00f6 on aloitettu. Ostaja hyv\u00e4ksyy t\u00e4m\u00e4n tilauksen yhteydess\u00e4.<\/p>\n\n\n\n<p>6. Asiakaspalvelu<\/p>\n\n\n\n<p>Jos sinulla on kysytt\u00e4v\u00e4\u00e4 tilauksista, toimituksesta tai tuotteista, ota yhteytt\u00e4 asiakaspalveluumme s\u00e4hk\u00f6postitse osoitteessa info@kuntosalivahva.fi tai puhelimitse 0405440172\/Sini-Maria<\/p>\n\n\n\n<p><\/p>\n","protected":false},"excerpt":{"rendered":"<p>1. Yleist\u00e4 Kuntosali Vahva on FysioPalmu Oy:n (Y-tunnus: 0400979-0) yll\u00e4pit\u00e4m\u00e4 palvelu. Verkkokauppa myy kuntosalipalveluita yksityishenkil\u00f6ille Suomessa. Kaikki tuotteet sis\u00e4lt\u00e4v\u00e4t arvonlis\u00e4veron (ALV). Pid\u00e4t\u00e4mme oikeuden toimitusehtojen ja hintojen muutoksiin ilman erillist\u00e4 ilmoitusta. 2. Tilaaminen Tilaukset tehd\u00e4\u00e4n verkkokaupan kautta. Tuotteita ovat kuntosalin kertak\u00e4ynti-, kymppikortti- ja kuukausikortit, jotka ovat henkil\u00f6kohtaisia. Tilauksen yhteydess\u00e4 asiakkaan tulee antaa oikeat ja ajantasaiset tiedot&#8230;.<\/p>\n","protected":false},"author":1,"featured_media":0,"parent":0,"menu_order":0,"comment_status":"closed","ping_status":"closed","template":"","meta":{"_acf_changed":false,"_kad_post_transparent":"","_kad_post_title":"","_kad_post_layout":"","_kad_post_sidebar_id":"","_kad_post_content_style":"","_kad_post_vertical_padding":"","_kad_post_feature":"","_kad_post_feature_position":"","_kad_post_header":false,"_kad_post_footer":false,"_kad_post_classname":"","footnotes":""},"class_list":["post-10","page","type-page","status-publish","hentry"],"acf":[],"_links":{"self":[{"href":"https:\/\/tolobook.fi\/kuntosalivahva\/wp-json\/wp\/v2\/pages\/10","targetHints":{"allow":["GET"]}}],"collection":[{"href":"https:\/\/tolobook.fi\/kuntosalivahva\/wp-json\/wp\/v2\/pages"}],"about":[{"href":"https:\/\/tolobook.fi\/kuntosalivahva\/wp-json\/wp\/v2\/types\/page"}],"author":[{"embeddable":true,"href":"https:\/\/tolobook.fi\/kuntosalivahva\/wp-json\/wp\/v2\/users\/1"}],"replies":[{"embeddable":true,"href":"https:\/\/tolobook.fi\/kuntosalivahva\/wp-json\/wp\/v2\/comments?post=10"}],"version-history":[{"count":3,"href":"https:\/\/tolobook.fi\/kuntosalivahva\/wp-json\/wp\/v2\/pages\/10\/revisions"}],"predecessor-version":[{"id":87,"href":"https:\/\/tolobook.fi\/kuntosalivahva\/wp-json\/wp\/v2\/pages\/10\/revisions\/87"}],"wp:attachment":[{"href":"https:\/\/tolobook.fi\/kuntosalivahva\/wp-json\/wp\/v2\/media?parent=10"}],"curies":[{"name":"wp","href":"https:\/\/api.w.org\/{rel}","templated":true}]}}