{"id":810,"date":"2026-01-07T11:00:33","date_gmt":"2026-01-07T09:00:33","guid":{"rendered":"https:\/\/tolobook.fi\/kotkan-autopesu\/?post_type=product&#038;p=810"},"modified":"2026-01-28T13:51:48","modified_gmt":"2026-01-28T11:51:48","slug":"pesusetti","status":"publish","type":"product","link":"https:\/\/tolobook.fi\/kotkan-autopesu\/tuote\/pesusetti\/","title":{"rendered":"Pesusetti: kertapesu + v\u00e4lineet"},"content":{"rendered":"<p>Setti sis\u00e4lt\u00e4\u00e4 henkil\u00f6- tai pakettiauton kertapesun klo 8-20, synteettist\u00e4 villaa olevan laadukkaan pesukintaan sek\u00e4 imukykyisen ison mikrokuituliinan.<\/p>\n<p>Ostaessasi Pesusetin verkkokaupasta nouda tuotteet kassapisteelt\u00e4 Liikuntakeskus Kotkasta pesuhallia vastap\u00e4\u00e4t\u00e4 (tarkista aukioloajat https:\/\/liikuntakeskuskotka.fi\/yhteystiedot\/).<\/p>\n","protected":false},"excerpt":{"rendered":"<p>Pesusetti sis\u00e4lt\u00e4\u00e4 henkil\u00f6- tai pakettiauton kertapesun, laadukkaan pesukintaan sek\u00e4 imukykyisen mikrokuituliinan.<\/p>\n<p>&nbsp;<\/p>\n","protected":false},"featured_media":881,"template":"","meta":{"_acf_changed":false,"_kad_post_transparent":"default","_kad_post_title":"","_kad_post_layout":"default","_kad_post_sidebar_id":"","_kad_post_content_style":"default","_kad_post_vertical_padding":"default","_kad_post_feature":"","_kad_post_feature_position":"","_kad_post_header":false,"_kad_post_footer":false,"_kad_post_classname":""},"product_cat":[15],"class_list":{"0":"post-810","1":"product","2":"type-product","3":"status-publish","4":"has-post-thumbnail","6":"product_cat-pesupalvelut","8":"first","9":"instock","10":"virtual","11":"taxable","12":"purchasable","13":"product-type-simple","14":"entry","15":"content-bg","16":"loop-entry"},"acf":[],"_links":{"self":[{"href":"https:\/\/tolobook.fi\/kotkan-autopesu\/wp-json\/wp\/v2\/product\/810","targetHints":{"allow":["GET"]}}],"collection":[{"href":"https:\/\/tolobook.fi\/kotkan-autopesu\/wp-json\/wp\/v2\/product"}],"about":[{"href":"https:\/\/tolobook.fi\/kotkan-autopesu\/wp-json\/wp\/v2\/types\/product"}],"wp:featuredmedia":[{"embeddable":true,"href":"https:\/\/tolobook.fi\/kotkan-autopesu\/wp-json\/wp\/v2\/media\/881"}],"wp:attachment":[{"href":"https:\/\/tolobook.fi\/kotkan-autopesu\/wp-json\/wp\/v2\/media?parent=810"}],"wp:term":[{"taxonomy":"product_cat","embeddable":true,"href":"https:\/\/tolobook.fi\/kotkan-autopesu\/wp-json\/wp\/v2\/product_cat?post=810"}],"curies":[{"name":"wp","href":"https:\/\/api.w.org\/{rel}","templated":true}]}}