{"id":377,"date":"2025-10-20T13:04:21","date_gmt":"2025-10-20T10:04:21","guid":{"rendered":"https:\/\/tolobook.fi\/kotkan-autopesu\/?post_type=product&#038;p=377"},"modified":"2026-02-15T00:02:44","modified_gmt":"2026-02-14T22:02:44","slug":"kaveridiili-pesuhalliin","status":"publish","type":"product","link":"https:\/\/tolobook.fi\/kotkan-autopesu\/tuote\/kaveridiili-pesuhalliin\/","title":{"rendered":"Kaveridiili pesuhalliin"},"content":{"rendered":"<p>P\u00e4\u00e4sy\u00a0<a href=\"http:\/\/www.kotkanautopesu.fi\/pesuhalli\" target=\"_blank\" rel=\"noopener\">pesuhalliin<\/a> klo 8-20 v\u00e4lisen\u00e4 aikana. Kun olet maksanut, saat s\u00e4hk\u00f6postiisi ovikoodin. <strong>Huom! Sy\u00f6t\u00e4 molempien autojen rekisterinumerot ostoskorin lis\u00e4tietoja-kohtaan. <\/strong><strong>Tilauksesta muodostuu vain yksi kulkukoodi<\/strong>.\u00a0Sy\u00f6t\u00e4 koodi pesuhallin k\u00e4yntioven numeron\u00e4pp\u00e4imist\u00f6\u00f6n, k\u00e4y kulkuovesta sis\u00e4\u00e4n ja avaa taiteovet napista hallin sis\u00e4ll\u00e4. Huom. ovet sulkeutuvat automaattisesti 40 sek. j\u00e4lkeen, joten ensimm\u00e4isen\u00e4 sis\u00e4\u00e4n ajanut voi avata j\u00e4lkimm\u00e4iselle autolle taiteovet uudestaan.<\/p>\n","protected":false},"excerpt":{"rendered":"<p>Yhteishinta kahden auton samanaikaselle pesulle ja imuroinnille.<\/p>\n<p><strong>Huom! Sy\u00f6t\u00e4 molempien autojen rekisterinumerot ostoskorin lis\u00e4tietoja-kohtaan.<\/strong><\/p>\n","protected":false},"featured_media":882,"template":"","meta":{"_acf_changed":false,"_kad_post_transparent":"default","_kad_post_title":"","_kad_post_layout":"default","_kad_post_sidebar_id":"","_kad_post_content_style":"default","_kad_post_vertical_padding":"default","_kad_post_feature":"","_kad_post_feature_position":"","_kad_post_header":false,"_kad_post_footer":false,"_kad_post_classname":""},"product_cat":[15],"class_list":{"0":"post-377","1":"product","2":"type-product","3":"status-publish","4":"has-post-thumbnail","6":"product_cat-pesupalvelut","8":"first","9":"instock","10":"taxable","11":"shipping-taxable","12":"purchasable","13":"product-type-simple","14":"entry","15":"content-bg","16":"loop-entry"},"acf":[],"_links":{"self":[{"href":"https:\/\/tolobook.fi\/kotkan-autopesu\/wp-json\/wp\/v2\/product\/377","targetHints":{"allow":["GET"]}}],"collection":[{"href":"https:\/\/tolobook.fi\/kotkan-autopesu\/wp-json\/wp\/v2\/product"}],"about":[{"href":"https:\/\/tolobook.fi\/kotkan-autopesu\/wp-json\/wp\/v2\/types\/product"}],"wp:featuredmedia":[{"embeddable":true,"href":"https:\/\/tolobook.fi\/kotkan-autopesu\/wp-json\/wp\/v2\/media\/882"}],"wp:attachment":[{"href":"https:\/\/tolobook.fi\/kotkan-autopesu\/wp-json\/wp\/v2\/media?parent=377"}],"wp:term":[{"taxonomy":"product_cat","embeddable":true,"href":"https:\/\/tolobook.fi\/kotkan-autopesu\/wp-json\/wp\/v2\/product_cat?post=377"}],"curies":[{"name":"wp","href":"https:\/\/api.w.org\/{rel}","templated":true}]}}