{"id":333,"date":"2025-10-10T14:26:56","date_gmt":"2025-10-10T11:26:56","guid":{"rendered":"https:\/\/tolobook.fi\/kotkan-autopesu\/?post_type=product&#038;p=333"},"modified":"2025-12-16T14:51:20","modified_gmt":"2025-12-16T12:51:20","slug":"testi-lahjakortti","status":"publish","type":"product","link":"https:\/\/tolobook.fi\/kotkan-autopesu\/tuote\/testi-lahjakortti\/","title":{"rendered":"Lahjakortti"},"content":{"rendered":"<p>T\u00e4m\u00e4 lahjakortti oikeuttaa saajansa yhteen 5 x pesupassiin. Kun olet maksanut, saat s\u00e4hk\u00f6postiisi tilausvahvistuksen, jota n\u00e4ytt\u00e4m\u00e4ll\u00e4 kassapisteell\u00e4 (Liikuntakeskus Kotka &amp; Mekonomen Aittakorpi) saat fyysisen lahjakortin, jonka voit antaa lahjan saajalle. Mainio lahjaidea kaikille autostaan huolehtiville henkil\u00f6ille!<\/p>\n<p>Hy\u00f6dynnett\u00e4viss\u00e4 vain henkil\u00f6- tai pakettiautolle.<\/p>\n","protected":false},"excerpt":{"rendered":"<p>Viiden pesukerran lahjakortti tee-se-itse-pesuhalliimme. Lahjakortti on voimassa 6 kk lunastamisen j\u00e4lkeen.<\/p>\n","protected":false},"featured_media":880,"template":"","meta":{"_acf_changed":false,"_kad_post_transparent":"default","_kad_post_title":"","_kad_post_layout":"default","_kad_post_sidebar_id":"","_kad_post_content_style":"default","_kad_post_vertical_padding":"default","_kad_post_feature":"","_kad_post_feature_position":"","_kad_post_header":false,"_kad_post_footer":false,"_kad_post_classname":""},"product_cat":[15],"class_list":{"0":"post-333","1":"product","2":"type-product","3":"status-publish","4":"has-post-thumbnail","6":"product_cat-pesupalvelut","8":"first","9":"instock","10":"virtual","11":"taxable","12":"purchasable","13":"product-type-simple","14":"entry","15":"content-bg","16":"loop-entry"},"acf":[],"_links":{"self":[{"href":"https:\/\/tolobook.fi\/kotkan-autopesu\/wp-json\/wp\/v2\/product\/333","targetHints":{"allow":["GET"]}}],"collection":[{"href":"https:\/\/tolobook.fi\/kotkan-autopesu\/wp-json\/wp\/v2\/product"}],"about":[{"href":"https:\/\/tolobook.fi\/kotkan-autopesu\/wp-json\/wp\/v2\/types\/product"}],"wp:featuredmedia":[{"embeddable":true,"href":"https:\/\/tolobook.fi\/kotkan-autopesu\/wp-json\/wp\/v2\/media\/880"}],"wp:attachment":[{"href":"https:\/\/tolobook.fi\/kotkan-autopesu\/wp-json\/wp\/v2\/media?parent=333"}],"wp:term":[{"taxonomy":"product_cat","embeddable":true,"href":"https:\/\/tolobook.fi\/kotkan-autopesu\/wp-json\/wp\/v2\/product_cat?post=333"}],"curies":[{"name":"wp","href":"https:\/\/api.w.org\/{rel}","templated":true}]}}