{"id":10,"date":"2025-04-24T15:18:04","date_gmt":"2025-04-24T12:18:04","guid":{"rendered":"https:\/\/tolobook.fi\/kotkan-pesuhalli\/?page_id=10"},"modified":"2025-11-20T13:41:17","modified_gmt":"2025-11-20T11:41:17","slug":"tilausehdot","status":"publish","type":"page","link":"https:\/\/tolobook.fi\/kotkan-autopesu\/tilausehdot\/","title":{"rendered":"Sopimusehdot"},"content":{"rendered":"\n<p class=\"has-medium-font-size\"><strong>Jyrkil\u00e4&nbsp;Oy Kiinteist\u00f6t&nbsp;<\/strong>&nbsp;<\/p>\n\n\n\n<p><strong>K\u00e4ytt\u00e4j\u00e4n oikeudet ja velvoitteet<\/strong>&nbsp;<\/p>\n\n\n\n<p><strong>Soveltamisala ja sopimuksen syntyminen<\/strong>&nbsp;<\/p>\n\n\n\n<p>N\u00e4it\u00e4 yleisi\u00e4 sopimusehtoja noudatetaan kaikissa\u00a0Jyrkil\u00e4\u00a0Oy Kiinteist\u00f6jen (j\u00e4ljemp\u00e4n\u00e4 my\u00f6s Vuokralle antaja) hallinnoimissa tiloissa ja piha-alueilla. Mik\u00e4li K\u00e4ytt\u00e4j\u00e4 (j\u00e4ljemp\u00e4n\u00e4 my\u00f6s Vuokralle ottaja) on tehnyt\u00a0Jyrkil\u00e4\u00a0Oy Kiinteist\u00f6jen kanssa vuokra- tai muun erillissopimuksen tilojen tai piha-alueen k\u00e4yt\u00f6st\u00e4 taikka hankkinut erillisen k\u00e4ytt\u00f6oikeuden, noudatetaan n\u00e4it\u00e4 sopimusehtoja silt\u00e4 osin, kun ne eiv\u00e4t ole ristiriidassa vuokra- tai muun sopimuksen ehtojen kanssa.\u00a0<\/p>\n\n\n\n<p>N\u00e4iden sopimusehtojen soveltamisvelvollisuus alkaa, kun K\u00e4ytt\u00e4j\u00e4 allekirjoittaa vuokra- tai muun sopimuksen tai maksaa k\u00e4ytt\u00f6oikeuden perustavan maksun.\u00a0<\/p>\n\n\n\n<p><strong>Vuokra- ja k\u00e4ytt\u00f6oikeuden sis\u00e4lt\u00f6 ja voimassaolo<\/strong>&nbsp;<\/p>\n\n\n\n<p>Ajoneuvoja koskevat sopimukset ovat autokohtaisia, ellei toisin ole sovittu. Kuukausisopimus on voimassa toistaiseksi. Irtisanomisaika on Vuokralle antajan puolelta 1 kuukausi, K\u00e4ytt\u00e4j\u00e4n puolelta 2 kuukautta.&nbsp;<\/p>\n\n\n\n<p>K\u00e4ytt\u00e4j\u00e4ll\u00e4 (Vuokralle ottaja) on kulkuoikeus pesuhalliin Vuokralle antajan (Jyrkil\u00e4\u00a0Oy Kiinteist\u00f6t) asettaman ajan mukaisesti. Vuokralle antaja voi muuttaa kulkuoikeuden p\u00e4ivitt\u00e4isi\u00e4 voimassaoloaikoja ilman erillist\u00e4 ilmoitusta.\u00a0<\/p>\n\n\n\n<p>Ellei muuta ole k\u00e4ytt\u00f6oikeuden perustavan ostotapahtuman yhteydess\u00e4 mainittu, tai vuokrasopimuksessa erikseen sovittu, kunkin k\u00e4ytt\u00e4j\u00e4n p\u00e4ivitt\u00e4inen tilojen k\u00e4ytt\u00f6aika saa olla enint\u00e4\u00e4n kaksi tuntia. Tiloihin ei saa p\u00e4\u00e4st\u00e4\u00e4 muita kuin k\u00e4ytt\u00e4j\u00e4n kanssa samaan talouteen tai perheeseen kuuluvia henkil\u00f6it\u00e4. Yritysasiakkaiden osalta tiloissa saavat olla yrityksen lailliset edustajat ja henkil\u00f6kunta. Lis\u00e4ksi tiloissa saa olla kulloinkin kyseess\u00e4 olevaan huolto- tai korjaustoimeen v\u00e4litt\u00f6m\u00e4sti liittyvi\u00e4 apuhenkil\u00f6it\u00e4. Ovi- tai muita sis\u00e4\u00e4np\u00e4\u00e4sykoodeja ei saa luovuttaa kenellek\u00e4\u00e4n ilman Vuokralle antajan lupaa.&nbsp;<\/p>\n\n\n\n<p><strong>Kuukausisopimukset (kuluttajien&nbsp;kk-sopimukset)<\/strong>&nbsp;<\/p>\n\n\n\n<p>Tilauksen yhteydess\u00e4 K\u00e4ytt\u00e4j\u00e4lt\u00e4 veloitetaan&nbsp;kahden (2) kuukauden ennakkomaksu.&nbsp;<br>Palvelu aktivoituu&nbsp;v\u00e4litt\u00f6m\u00e4sti.&nbsp;<\/p>\n\n\n\n<p>Palvelun aktivoimisen j\u00e4lkeen tilausta ei voi peruuttaa eik\u00e4 maksua palauteta, mutta K\u00e4ytt\u00e4j\u00e4ll\u00e4 s\u00e4ilyy oikeus irtisanoa sopimus tavanomaisen kahden (2) kuukauden irtisanomisajan mukaisesti.&nbsp;<\/p>\n\n\n\n<p><strong>Kuukausisopimukset (yritysten kk-sopimukset)<\/strong>&nbsp;<\/p>\n\n\n\n<p>Yritysten kuukausisopimukset aktivoituvat Vuokralle antajan ja K\u00e4ytt\u00e4j\u00e4n sopimuksen mukaan.&nbsp;<\/p>\n\n\n\n<p><strong>Muut palvelut ja tuotteet<\/strong>&nbsp;<\/p>\n\n\n\n<p>Verkkokaupasta ostettavien palvelujen k\u00e4ytt\u00f6oikeus aktivoidaan K\u00e4ytt\u00e4j\u00e4lle&nbsp;v\u00e4litt\u00f6m\u00e4sti&nbsp;tilauksen j\u00e4lkeen.&nbsp;Tekem\u00e4ll\u00e4 tilauksen k\u00e4ytt\u00e4j\u00e4 hyv\u00e4ksyy, ett\u00e4 palvelu aloitetaan heti, jolloin&nbsp;peruuttamisoikeus p\u00e4\u00e4ttyy palvelun aktivoituessa.&nbsp;<\/p>\n\n\n\n<p><strong>Hinnan m\u00e4\u00e4r\u00e4ytyminen ja hinnan tarkistaminen&nbsp;<\/strong>&nbsp;<\/p>\n\n\n\n<p>Palvelun tarjoajalla on oikeus seurata\u00a0K\u00e4ytt\u00e4j\u00e4n\u00a0toteutunutta k\u00e4ytt\u00f6\u00e4 sopimuksen ajantasaisuuden ja hinnan m\u00e4\u00e4ritt\u00e4misen varmistamiseksi.\u00a0<\/p>\n\n\n\n<p>Palvelun tarjoajalla on oikeus&nbsp;tarkistaa&nbsp;k\u00e4ytt\u00e4j\u00e4n kuukausisopimuksen hintaa, mik\u00e4li toteutunut k\u00e4ytt\u00f6 poikkeaa olennaisesti asiakkaan aiemmasta tai tavanomaiseksi katsotusta tasosta. Hinnan tarkistus tehd\u00e4\u00e4n&nbsp;kohtuullisin ja johdonmukaisin perustein.&nbsp;<\/p>\n\n\n\n<p>K\u00e4ytt\u00e4j\u00e4ll\u00e4&nbsp;on oikeus irtisanoa sopimus p\u00e4\u00e4ttym\u00e4\u00e4n ennen hinnanmuutoksen voimaantuloa, mik\u00e4li uusi hinta ei ole hyv\u00e4ksytt\u00e4v\u00e4.&nbsp;<\/p>\n\n\n\n<p><strong>K\u00e4ytt\u00e4j\u00e4n vastuut<\/strong>&nbsp;<\/p>\n\n\n\n<p>K\u00e4ytt\u00e4j\u00e4n on k\u00e4ytett\u00e4v\u00e4 tiloja ja piha-alueita kussakin toiminnossa edellytett\u00e4v\u00e4\u00e4 tavanomaista huolellisuutta noudattaen. K\u00e4ytt\u00e4j\u00e4 vastaa kaikista mukanaan tuomista henkil\u00f6ist\u00e4 ja heid\u00e4n toimistaan kuin omistaan. Vuokralle antaja voi erillisell\u00e4 ilmoituksella edellytt\u00e4\u00e4 ajoneuvossa esill\u00e4 pidett\u00e4v\u00e4\u00e4 dokumenttia sopimuksesta, kun K\u00e4ytt\u00e4j\u00e4 asioi sopimuksen kohteena olevissa tiloissa.&nbsp;<\/p>\n\n\n\n<p>Kemikaaleja ja laitteistoja on k\u00e4ytett\u00e4v\u00e4 ohjeiden mukaisesti. Pesuhalli- ja huoltotiloissa ei saa harjoittaa muuta kuin autojen puhtaanapitoon ja huoltamiseen liittyv\u00e4\u00e4 toimintaa. Muilta osin kutakin tilaa saa k\u00e4ytt\u00e4\u00e4 vain niiden k\u00e4ytt\u00f6tarkoituksen mukaisesti.&nbsp;<\/p>\n\n\n\n<p>Tulit\u00f6iden tekeminen sopimuksen kohteena olevissa tiloissa tai piha-alueilla on ehdottomasti kielletty. My\u00f6s kaikenlainen ymp\u00e4rist\u00f6lle, kiinteist\u00f6lle ja henkil\u00f6ille vaaraa aiheuttava sek\u00e4 kaikki muu vaaraa aiheuttava toiminta on kielletty.&nbsp;<\/p>\n\n\n\n<p>K\u00e4ytt\u00e4j\u00e4n tulee ilmoittaa viipym\u00e4tt\u00e4 k\u00e4ytt\u00e4miss\u00e4\u00e4n tiloissa havaitsemistaan vahingoista tai toimintah\u00e4iri\u00f6ist\u00e4 vuokralle antajalle.&nbsp;<\/p>\n\n\n\n<p>K\u00e4ytt\u00e4j\u00e4n on huolehdittava ovien lukitsemisesta sek\u00e4 k\u00e4ytt\u00e4m\u00e4ns\u00e4 alueen siivouksesta k\u00e4yt\u00f6n j\u00e4lkeen. Mik\u00e4li k\u00e4ytt\u00e4j\u00e4n toiminnasta syntyy ongelmaj\u00e4tett\u00e4, perit\u00e4\u00e4n k\u00e4ytt\u00e4j\u00e4lt\u00e4 ongelmaj\u00e4tteen h\u00e4vitt\u00e4misest\u00e4 lis\u00e4maksu. L\u00e4mmityksen ollessa p\u00e4\u00e4ll\u00e4, on hallien&nbsp;ovien auki pit\u00e4minen yli 3 minuutin ajan kielletty\u00e4.&nbsp;Kaikissa&nbsp;Vuokralle antajan&nbsp;hallinnoimissa tiloissa on tallentava kameravalvonta.&nbsp;<\/p>\n\n\n\n<p>Mik\u00e4li K\u00e4ytt\u00e4j\u00e4 rikkoo t\u00e4m\u00e4n sopimuksen ehtoja, on Vuokralle antajalla oikeus purkaa vuokrasopimus v\u00e4litt\u00f6m\u00e4sti. Vuokralle antajalla on my\u00f6s oikeus rajoittaa K\u00e4ytt\u00e4j\u00e4n p\u00e4\u00e4sy\u00e4 tiloihin er\u00e4\u00e4ntyneiden saatavien tai sopimusrikkomusten vuoksi. Laskun maksamatta j\u00e4tt\u00e4mist\u00e4 ei katsota sopimuksen irtisanomiseksi tai purkamiseksi.&nbsp;<\/p>\n\n\n\n<p><strong>Vahingonkorvaus ja sopimussakko<\/strong>&nbsp;<\/p>\n\n\n\n<p>Mik\u00e4li K\u00e4ytt\u00e4j\u00e4 rikkoo t\u00e4ss\u00e4 sopimuksessa edell\u00e4 asetettuja ehtoja, on k\u00e4ytt\u00e4j\u00e4 velvollinen suorittamaan Vuokralle antajalle 500,00 euron (sis. alv) suuruisen sopimussakon. Lis\u00e4ksi&nbsp;K\u00e4ytt\u00e4j\u00e4 vastaa kaikesta v\u00e4litt\u00f6m\u00e4st\u00e4 ja v\u00e4lillisest\u00e4 vahingosta, joka aiheutuu t\u00e4m\u00e4n sopimuksen vastaisesta toiminnasta Vuokralle antajalle tai kolmannelle osapuolelle.&nbsp;<\/p>\n\n\n\n<p>K\u00e4ytt\u00e4j\u00e4 vastaa itse k\u00e4ytt\u00e4miens\u00e4 aineiden ja v\u00e4lineiden sopivuudesta ajoneuvolleen sek\u00e4 tarvittavasta suojavarustuksestaan tiloja k\u00e4ytt\u00e4ess\u00e4\u00e4n. Vuokralle antaja ei ole vastuussa v\u00e4lineiden tai aineiden ajoneuvolle, muulle omaisuudelle taikka henkil\u00f6lle aiheuttamasta vahingosta. Laitteiston ollessa ep\u00e4kunnossa, K\u00e4ytt\u00e4j\u00e4ll\u00e4 ei ole oikeutta vuokran palautukseen ensimm\u00e4iselt\u00e4 seitsem\u00e4lt\u00e4 p\u00e4iv\u00e4lt\u00e4.&nbsp;<\/p>\n\n\n\n<p><strong>Maksuehdot<\/strong>&nbsp;<\/p>\n\n\n\n<p>Maksuehto on 7pv netto. Laskutuslis\u00e4&nbsp;4&nbsp;\u20ac. Sopimuksen tekem\u00e4ll\u00e4 K\u00e4ytt\u00e4j\u00e4 hyv\u00e4ksyy henkil\u00f6- ja ajoneuvotietojensa k\u00e4yt\u00f6n rekisteriss\u00e4mme. Rekisteriselosteeseen voi tutustua sivuillamme kotkanautopesu.fi\/rekisteriseloste.&nbsp;<\/p>\n\n\n\n<p><strong>Muut ehdot<\/strong>&nbsp;<\/p>\n\n\n\n<p>Mik\u00e4li k\u00e4ytt\u00e4j\u00e4 on maksanut k\u00e4ytt\u00f6oikeudestaan maksun etuk\u00e4teen, ei K\u00e4ytt\u00e4j\u00e4st\u00e4 johtuva k\u00e4yt\u00f6n peruuntuminen oikeuta maksun palautukseen. L\u00f6yt\u00f6tavaroita s\u00e4ilytet\u00e4\u00e4n viikko, jonka j\u00e4lkeen ne toimitetaan poliisilaitokselle tai v\u00e4h\u00e4arvoisen tavaran ollessa kyseess\u00e4 h\u00e4vitet\u00e4\u00e4n.&nbsp;<\/p>\n\n\n\n<p><em>Jyrkil\u00e4&nbsp;Oy Kiinteist\u00f6t, Aittakorventie 2, 48400 Kotka<\/em>&nbsp;<\/p>\n\n\n\n<p><\/p>\n","protected":false},"excerpt":{"rendered":"<p>Jyrkil\u00e4&nbsp;Oy Kiinteist\u00f6t&nbsp;&nbsp; K\u00e4ytt\u00e4j\u00e4n oikeudet ja velvoitteet&nbsp; Soveltamisala ja sopimuksen syntyminen&nbsp; N\u00e4it\u00e4 yleisi\u00e4 sopimusehtoja noudatetaan kaikissa\u00a0Jyrkil\u00e4\u00a0Oy Kiinteist\u00f6jen (j\u00e4ljemp\u00e4n\u00e4 my\u00f6s Vuokralle antaja) hallinnoimissa tiloissa ja piha-alueilla. Mik\u00e4li K\u00e4ytt\u00e4j\u00e4 (j\u00e4ljemp\u00e4n\u00e4 my\u00f6s Vuokralle ottaja) on tehnyt\u00a0Jyrkil\u00e4\u00a0Oy Kiinteist\u00f6jen kanssa vuokra- tai muun erillissopimuksen tilojen tai piha-alueen k\u00e4yt\u00f6st\u00e4 taikka hankkinut erillisen k\u00e4ytt\u00f6oikeuden, noudatetaan n\u00e4it\u00e4 sopimusehtoja silt\u00e4 osin, kun ne eiv\u00e4t ole&#8230;<\/p>\n","protected":false},"author":1,"featured_media":0,"parent":0,"menu_order":0,"comment_status":"closed","ping_status":"closed","template":"","meta":{"_acf_changed":false,"_kad_post_transparent":"","_kad_post_title":"","_kad_post_layout":"","_kad_post_sidebar_id":"","_kad_post_content_style":"","_kad_post_vertical_padding":"","_kad_post_feature":"","_kad_post_feature_position":"","_kad_post_header":false,"_kad_post_footer":false,"_kad_post_classname":"","footnotes":""},"class_list":["post-10","page","type-page","status-publish","hentry"],"acf":[],"_links":{"self":[{"href":"https:\/\/tolobook.fi\/kotkan-autopesu\/wp-json\/wp\/v2\/pages\/10","targetHints":{"allow":["GET"]}}],"collection":[{"href":"https:\/\/tolobook.fi\/kotkan-autopesu\/wp-json\/wp\/v2\/pages"}],"about":[{"href":"https:\/\/tolobook.fi\/kotkan-autopesu\/wp-json\/wp\/v2\/types\/page"}],"author":[{"embeddable":true,"href":"https:\/\/tolobook.fi\/kotkan-autopesu\/wp-json\/wp\/v2\/users\/1"}],"replies":[{"embeddable":true,"href":"https:\/\/tolobook.fi\/kotkan-autopesu\/wp-json\/wp\/v2\/comments?post=10"}],"version-history":[{"count":5,"href":"https:\/\/tolobook.fi\/kotkan-autopesu\/wp-json\/wp\/v2\/pages\/10\/revisions"}],"predecessor-version":[{"id":635,"href":"https:\/\/tolobook.fi\/kotkan-autopesu\/wp-json\/wp\/v2\/pages\/10\/revisions\/635"}],"wp:attachment":[{"href":"https:\/\/tolobook.fi\/kotkan-autopesu\/wp-json\/wp\/v2\/media?parent=10"}],"curies":[{"name":"wp","href":"https:\/\/api.w.org\/{rel}","templated":true}]}}