{"id":104,"date":"2025-12-10T11:10:04","date_gmt":"2025-12-10T09:10:04","guid":{"rendered":"https:\/\/tolobook.fi\/koirametsaonni\/?post_type=product&#038;p=104"},"modified":"2026-01-20T16:17:40","modified_gmt":"2026-01-20T14:17:40","slug":"lahjakortti","status":"publish","type":"product","link":"https:\/\/tolobook.fi\/koirametsaonni\/tuote\/lahjakortti\/","title":{"rendered":"Sarjakortti\/Lahjakortti"},"content":{"rendered":"","protected":false},"excerpt":{"rendered":"<p>Hinnasto:<br \/>\n25\u20ac 1h lahjakortti<br \/>\n50\u20ac 2 x 1h lahjakortti<br \/>\n100\u20ac 4 x 1h lahjakortti<br \/>\n<s>125\u20ac<\/s> 110\u20ac 5x 1h lahjakortti<br \/>\n<s>250\u20ac<\/s> 220\u20ac 10x 1h lahjakortti<\/p>\n<p>Oston j\u00e4lkeen voit tehd\u00e4 varauksen verkkokaupan <a href=\"https:\/\/tolobook.fi\/koirametsaonni\/tuote\/koirametsan-tuntivaraus\/\" target=\"_blank\" rel=\"noopener\">Tuntivaraus-tuotteen<\/a> kautta, ja k\u00e4ytt\u00e4\u00e4 saamaasi lahjakortin koodia kassalla maksaaksesi varauksen hinnan.<br \/>\nLahjakortit ovat voimassa 12kk ostohetkest\u00e4.<\/p>\n","protected":false},"featured_media":94,"template":"","meta":{"_acf_changed":false,"_kad_post_transparent":"default","_kad_post_title":"","_kad_post_layout":"default","_kad_post_sidebar_id":"","_kad_post_content_style":"default","_kad_post_vertical_padding":"default","_kad_post_feature":"","_kad_post_feature_position":"","_kad_post_header":false,"_kad_post_footer":false,"_kad_post_classname":""},"product_cat":[15],"class_list":{"0":"post-104","1":"product","2":"type-product","3":"status-publish","4":"has-post-thumbnail","6":"product_cat-yleinen","8":"first","9":"instock","10":"sale","11":"taxable","12":"shipping-taxable","13":"purchasable","14":"product-type-pw-gift-card","15":"entry","16":"content-bg","17":"loop-entry"},"acf":[],"_links":{"self":[{"href":"https:\/\/tolobook.fi\/koirametsaonni\/wp-json\/wp\/v2\/product\/104","targetHints":{"allow":["GET"]}}],"collection":[{"href":"https:\/\/tolobook.fi\/koirametsaonni\/wp-json\/wp\/v2\/product"}],"about":[{"href":"https:\/\/tolobook.fi\/koirametsaonni\/wp-json\/wp\/v2\/types\/product"}],"wp:featuredmedia":[{"embeddable":true,"href":"https:\/\/tolobook.fi\/koirametsaonni\/wp-json\/wp\/v2\/media\/94"}],"wp:attachment":[{"href":"https:\/\/tolobook.fi\/koirametsaonni\/wp-json\/wp\/v2\/media?parent=104"}],"wp:term":[{"taxonomy":"product_cat","embeddable":true,"href":"https:\/\/tolobook.fi\/koirametsaonni\/wp-json\/wp\/v2\/product_cat?post=104"}],"curies":[{"name":"wp","href":"https:\/\/api.w.org\/{rel}","templated":true}]}}