{"id":10,"date":"2025-05-05T21:05:54","date_gmt":"2025-05-05T18:05:54","guid":{"rendered":"https:\/\/tolobook.fi\/koirametsaonni\/?page_id=10"},"modified":"2025-10-02T12:29:01","modified_gmt":"2025-10-02T09:29:01","slug":"tilausehdot","status":"publish","type":"page","link":"https:\/\/tolobook.fi\/koirametsaonni\/tilausehdot\/","title":{"rendered":"Tilaus ja toimitusehdot"},"content":{"rendered":"\n<h1 class=\"wp-block-heading\">TOLOBOOK-VARAUSJ\u00c4RJESTELM\u00c4N YLEISET<br>TOIMITUSEHDOT<\/h1>\n\n\n\n<h2 class=\"wp-block-heading\">1. Soveltamisala<\/h2>\n\n\n\n<p><strong>1.1.<\/strong> Tolotech Oy:n (j\u00e4ljemp\u00e4n\u00e4 \u201dToimittaja\u201d) Tolobook varausj\u00e4rjestelm\u00e4n (j\u00e4ljemp\u00e4n\u00e4 \u201dPalvelu\u201d) k\u00e4ytt\u00f6\u00f6n sovelletaan n\u00e4it\u00e4 toimitusehtoja.<\/p>\n\n\n\n<p><strong>1.2.<\/strong> Palvelu on k\u00e4ytett\u00e4viss\u00e4 internetselaimen kautta verkkoyhteydell\u00e4.<\/p>\n\n\n\n<p><strong>1.3.<\/strong> Termi \u201dK\u00e4ytt\u00e4j\u00e4\u201d viittaa henkil\u00f6\u00f6n, joka ottaa Palvelun k\u00e4ytt\u00f6\u00f6ns\u00e4.<\/p>\n\n\n\n<p><strong>1.4.<\/strong> K\u00e4ytt\u00e4j\u00e4 sitoutuu noudattamaan Palvelun k\u00e4yt\u00f6st\u00e4annettuja ohjeita ja Toimittajan m\u00e4\u00e4r\u00e4yksi\u00e4. Toimittajalla on oikeus muuttaa Palvelun toimitusehtoja sek\u00e4 k\u00e4yt\u00f6st\u00e4 annettuja ohjeita ja m\u00e4\u00e4r\u00e4yksi\u00e4. Jatkamalla Palvelun k\u00e4ytt\u00f6\u00e4 muutoksen j\u00e4lkeen K\u00e4ytt\u00e4j\u00e4 hyv\u00e4ksyy muutokset.<\/p>\n\n\n\n<h2 class=\"wp-block-heading\">2. Palvelu ja sen k\u00e4ytt\u00e4minen<\/h2>\n\n\n\n<p><strong>2.1.<\/strong> Palvelua on tarkoitus kehitt\u00e4\u00e4 edelleen, eik\u00e4 Toimittaja sitoudu mihink\u00e4\u00e4n yksityiskohtaiseen Palvelun tasoon, toiminnallisuuteen tai toimivuuteen. Toimittajalla on oikeus, mutta ei velvollisuutta, p\u00e4ivitt\u00e4\u00e4 ja muuttaa Palvelua sek\u00e4 sen osia.<\/p>\n\n\n\n<p><strong>2.2.<\/strong> Palvelu, ohjelmistot ja k\u00e4ytt\u00f6oikeus Palveluun toimitetaan \u201dsellaisinaan\u201d ja \u201dsellaisina kuin ne ovat saatavilla\u201d. Palvelu perustuu useissa tapauksissa tietoj\u00e4rjestelmien ohjelmistokoodiin. Ohjelmistokoodeille on yleisesti luonteenomaista se, etteiv\u00e4t ne ole virheett\u00f6mi\u00e4, mik\u00e4 voi aiheuttaa esimerkiksi ajoittaisia katkoksia tai muita ongelmia, virheit\u00e4, v\u00e4\u00e4rink\u00e4yt\u00f6ksi\u00e4 tai puutteita Palvelussa.<\/p>\n\n\n\n<p><strong>2.3.<\/strong> Toimittaja ei takaa, ett\u00e4:<\/p>\n\n\n\n<p><strong>a)<\/strong> Palvelu soveltuu tiettyyn tarkoitukseen;<\/p>\n\n\n\n<p><strong>b)<\/strong> Palvelu on keskeytykset\u00f6n, virheet\u00f6n, oikea-aikainen tai haittaohjelmista vapaa;<\/p>\n\n\n\n<p><strong>c)<\/strong> Palvelussa olevat tiedot olisivat t\u00e4ydellisi\u00e4, ajantasaisia, virheett\u00f6mi\u00e4 ja oikeita; ja<\/p>\n\n\n\n<p><strong>d)<\/strong> Palvelu ei loukkaa kenenk\u00e4\u00e4n toisen oikeuksia.<\/p>\n\n\n\n<p><strong>2.4.<\/strong> Palvelun k\u00e4ytt\u00f6 tapahtuu K\u00e4ytt\u00e4j\u00e4n vastuulla. Palvelua k\u00e4ytt\u00e4ess\u00e4\u00e4n K\u00e4ytt\u00e4j\u00e4n on noudatettava soveltuvia lakeja ja s\u00e4\u00e4d\u00f6ksi\u00e4, n\u00e4it\u00e4 toimitusehtoja sek\u00e4 Palvelun k\u00e4ytt\u00f6\u00e4 koskevia ohjeita.<\/p>\n\n\n\n<p><strong>2.5.<\/strong> Palvelun v\u00e4\u00e4rink\u00e4ytt\u00e4minen on ehdottomasti kielletty. V\u00e4\u00e4rink\u00e4yt\u00f6stilanteessa Toimittaja voi p\u00e4\u00e4tt\u00e4\u00e4 K\u00e4ytt\u00e4j\u00e4n k\u00e4ytt\u00f6oikeuden Palveluun v\u00e4litt\u00f6m\u00e4sti.<\/p>\n\n\n\n<p><strong>2.6.<\/strong> K\u00e4ytt\u00e4j\u00e4n k\u00e4ytt\u00e4j\u00e4tunnukset, salasanat ja mahdolliset muut tekniset osoitteet ja tunnukset ovat henkil\u00f6kohtaisia. K\u00e4ytt\u00e4j\u00e4 on vastuussa kaikesta k\u00e4ytt\u00e4j\u00e4tilill\u00e4\u00e4n tapahtuvasta Palvelun k\u00e4yt\u00f6st\u00e4, mukaan lukien rajoituksetta h\u00e4vinneist\u00e4 tunnuksista aiheutunut k\u00e4ytt\u00f6 ja sen seurauksena Toimittajalle syntyneet vahingot.<\/p>\n\n\n\n<p><strong>2.7.<\/strong> K\u00e4ytt\u00e4j\u00e4 vastaa Palveluun siirt\u00e4mist\u00e4\u00e4n tiedoista ja sis\u00e4ll\u00f6st\u00e4 sek\u00e4 siit\u00e4, ett\u00e4 K\u00e4ytt\u00e4j\u00e4ll\u00e4 on oikeus n\u00e4ihin tietoihin ja niiden siirt\u00e4miseen. K\u00e4ytt\u00e4j\u00e4 vastaa tarvittavista p\u00e4\u00e4telaitteista, tietoliikenteen datayhteyksist\u00e4 ja liittymist\u00e4 sek\u00e4 niihin liittyvist\u00e4 maksuista. K\u00e4ytt\u00e4j\u00e4 vastaa Palveluun antamistaan tiedoista ja niiden oikeellisuudesta.<\/p>\n\n\n\n<p><strong>2.8.<\/strong> K\u00e4ytt\u00e4j\u00e4 vastaa siit\u00e4, ett\u00e4 h\u00e4n k\u00e4ytt\u00e4\u00e4 sovelluksen viimeisint\u00e4 saatavilla olevaa versiota.<\/p>\n\n\n\n<h2 class=\"wp-block-heading\">3. Palvelun k\u00e4yt\u00f6n luottamuksellisuus<\/h2>\n\n\n\n<p><strong>3.1.<\/strong> K\u00e4ytt\u00e4j\u00e4 sitoutuu pit\u00e4m\u00e4\u00e4n k\u00e4ytt\u00e4j\u00e4tunnuksensa salassa ulkopuolisilta samoin kuin muut Palvelun k\u00e4ytt\u00f6\u00f6n liittyv\u00e4t seikat, jotka eiv\u00e4t ole tarkoitettu julkisiksi.<\/p>\n\n\n\n<h2 class=\"wp-block-heading\">4. K\u00e4ytt\u00f6oikeus ja immateriaalioikeudet<\/h2>\n\n\n\n<p><strong>4.1.<\/strong> Palvelun omistusoikeus sek\u00e4 kaikki siihen liittyv\u00e4t tekij\u00e4noikeudet, tavaramerkkioikeudet ja mahdolliset muut immateriaalioikeudet kuuluvat yksinomaan Toimittajalle ja\/tai sen sopimuskumppaneille. K\u00e4ytt\u00e4j\u00e4ll\u00e4 ei ole oikeutta kopioida Palvelua, selvitt\u00e4\u00e4 Palvelun l\u00e4hdekoodia, ohittaa sen suojauksia, tehd\u00e4 muutoksia Palveluun, levitt\u00e4\u00e4 tai kopioida Palvelun sis\u00e4lt\u00e4m\u00e4\u00e4 materiaalia eik\u00e4 mill\u00e4\u00e4n muullakaan tavalla k\u00e4ytt\u00e4\u00e4 Palvelua luvattomasti.<\/p>\n\n\n\n<p><strong>4.2.<\/strong> K\u00e4ytt\u00f6oikeus on ajallisesti rajoitettu, ei-yksinomainen ja ei-siirrett\u00e4viss\u00e4.<\/p>\n\n\n\n<p><strong>4.3.<\/strong> Jos Palvelu tai ohjelmisto sis\u00e4lt\u00e4\u00e4 kolmannen osapuolen valmistamia tai tuottamia palveluja, ohjelmistoja tai ohjelmistokomponentteja, K\u00e4ytt\u00e4j\u00e4 sitoutuu hyv\u00e4ksym\u00e4\u00e4n ja noudattamaan n\u00e4iden toimitusehtojen lis\u00e4ksi kyseisen toimittajan tai valmistajan k\u00e4ytt\u00f6oikeus-, lisenssi- ja palveluehtoja. Avoimeen l\u00e4hdekoodiin (open source) sovelletaan ensisijaisesti kyseisen avoimen l\u00e4hdekoodin ehtoja, ja valmisohjelmistoihin sovelletaan ensisijaisesti kyseisen valmisohjelmiston ehtoja, ellei kirjallisesti toisin sovita. T\u00e4llaisten lisenssien ehdot toimitetaan kyseisten komponenttien mukana, ne ovat saatavilla Toimittajalta tai osoitteen www.opensource.org kautta.<\/p>\n\n\n\n<h2 class=\"wp-block-heading\">5. Hinnat ja maksut<\/h2>\n\n\n\n<p><strong>5.1.<\/strong> Palvelu saattaa sis\u00e4lt\u00e4\u00e4 sek\u00e4 maksuttomia ett\u00e4 maksullisia osioita. Hinnat on esitetty Palvelussa. Mik\u00e4li Toimittaja on m\u00e4\u00e4ritellyt Palvelun k\u00e4yt\u00f6n maksulliseksi, sitoutuu K\u00e4ytt\u00e4j\u00e4 maksamaan soveltuvat maksut Palvelun k\u00e4yt\u00f6st\u00e4.<\/p>\n\n\n\n<p><strong>5.2.<\/strong> Toimittaja voi muuttaa Palvelun hinnoittelua tai laskutusperusteita oman harkintansa mukaan ilmoittamalla siit\u00e4 Palvelussa tai muulla sopivaksi katsottavalla tavalla hyviss\u00e4 ajoin etuk\u00e4teen.<\/p>\n\n\n\n<p><strong>5.3.<\/strong> Kuluttajalla on oikeus peruuttaa verkosta ostamansa tavarat ja palvelut kuluttajansuojalain mukaisesti 14 p\u00e4iv\u00e4n kuluessa tavaran tai palvelun vastaanottamisesta ilmoittamalla t\u00e4st\u00e4 Toimittajalle. K\u00e4ytt\u00e4j\u00e4ll\u00e4 ei kuitenkaan ole Palvelun kautta hankittujen maksullisten tuotteiden tai palveluiden peruuttamisoikeutta sen j\u00e4lkeen, kun kyseess\u00e4 oleva palvelu tai tuote on K\u00e4ytt\u00e4j\u00e4n tilauksen perusteella s\u00e4hk\u00f6isesti suoritettu.<\/p>\n\n\n\n<p><strong>5.4.<\/strong> Toimittaja voi tarjota, v\u00e4litt\u00e4\u00e4 ja markkinoida kolmansien osapuolten (kuten liikuntapaikkojen) tuottamia tai tarjoamia maksullisia tai maksuttomia palveluita tai tuotteita (kuten kentt\u00e4vuoroja, vuokramailoja tai palloja). Toimittaja ei ole vastuussa kolmansien osapuolten tuottamista tai tarjoamista palveluista tai tuotteista eik\u00e4 niiden saatavuudesta taikka virheist\u00e4 kuten v\u00e4\u00e4r\u00e4st\u00e4 tiedosta tai viiv\u00e4stymisest\u00e4. K\u00e4ytt\u00e4j\u00e4 sitoutuu noudattamaan n\u00e4iden toimitusehtojen ohella t\u00e4llaisen kolmannen osapuolen mahdollisia omia sopimusehtoja, vastuunrajoituksia ja ohjeita.<\/p>\n\n\n\n<h2 class=\"wp-block-heading\">6. Maksupalvelutarjoaja<\/h2>\n\n\n\n<p><strong>6.1.<\/strong> Maksunv\u00e4lityspalvelun toteuttajana ja maksupalveluntarjoajana toimii Paytrail Oyj (2122839-7) yhteisty\u00f6ss\u00e4 suomalaisten pankkien ja luottolaitosten kanssa. Paytrail Oyj n\u00e4kyy maksun saajana tiliotteella tai korttilaskulla ja v\u00e4litt\u00e4\u00e4 maksun myyj\u00e4lle. Paytrail Oyj:ll\u00e4 on maksulaitoksen toimilupa. Reklamaatiotapauksissa pyyd\u00e4mme ottamaan ensisijaisesti yhteytt\u00e4 tuotteen toimittajaan.<br>Paytrail Oyj, Y-tunnus: 2122839-7<br>Innova 2<br>Lutakonaukio 7<br>40100 Jyv\u00e4skyl\u00e4<br><a href=\"https:\/\/www.paytrail.com\/kuluttaja\/maksupalveluehdot\">https:\/\/www.paytrail.com\/kuluttaja\/maksupalveluehdot<\/a><\/p>\n\n\n\n<h2 class=\"wp-block-heading\">7. Vastuunrajoitukset<\/h2>\n\n\n\n<p><strong>7.1.<\/strong> K\u00e4ytt\u00e4j\u00e4lle kuuluvat aina Suomen pakottavan lains\u00e4\u00e4d\u00e4nn\u00f6n mukaiset oikeudet. Lains\u00e4\u00e4d\u00e4nn\u00f6n sallimissa puitteissa Palvelu ja sen sis\u00e4lt\u00e4m\u00e4t tiedot toimitetaan K\u00e4ytt\u00e4j\u00e4lle sellaisena kuin ne kulloinkin ovat, ilman Toimittajan antamaa takuuta tietyst\u00e4 toimivuudesta, luotettavuudesta, muustakaan Palvelun tasosta, kolmansien osapuolien Palveluun toimittamista tiedoista tai muuten Palvelun sis\u00e4lt\u00e4mien tietojen virheett\u00f6myydest\u00e4. MISS\u00c4\u00c4N OLOSUHTEISSA TOIMITTAJA TAI SEN SOPIMUSKUMPPANIT EIV\u00c4T VASTAA MIST\u00c4\u00c4N PALVELUN K\u00c4YTT\u00c4MISEST\u00c4 K\u00c4YTT\u00c4J\u00c4LLE AIHEUTUVISTA V\u00c4LITT\u00d6MIST\u00c4 TAI V\u00c4LILLISIST\u00c4 VAHINGOISTA TAIKKA MENETETYIST\u00c4 TIEDOISTA, ELLEI TOIMITTAJA OLE TOIMINUT TAHALLISESTI TAI T\u00d6RKE\u00c4N HUOLIMATTOMASTI.<\/p>\n\n\n\n<h2 class=\"wp-block-heading\">8. Tietoturva ja tietosuoja<\/h2>\n\n\n\n<p><strong>8.1.<\/strong> Palvelu pyrit\u00e4\u00e4n toteuttamaan k\u00e4ytt\u00e4en yleisesti tietoturvallisiksi tunnettuja teknisi\u00e4 ratkaisuja.<\/p>\n\n\n\n<p><strong>8.2.<\/strong> K\u00e4ytt\u00e4j\u00e4 on tietoinen siit\u00e4, ett\u00e4 avoimen tietoverkon k\u00e4ytt\u00f6 sis\u00e4lt\u00e4\u00e4 tietoturvallisuuteen liittyvi\u00e4 riskej\u00e4. K\u00e4ytt\u00e4j\u00e4 vastaa Palvelun k\u00e4yt\u00f6ss\u00e4 tarvitsemiensa p\u00e4\u00e4telaitteiden tietoturvasta ja suojauksesta.<\/p>\n\n\n\n<p><strong>8.3.<\/strong> Toimittajan Palvelun yhteydess\u00e4 suorittama henkil\u00f6tietojen k\u00e4sittely on kuvattu Palvelun tietosuojaselosteessa.<\/p>\n\n\n\n<p><strong>8.4.<\/strong> Toimittajalla on oikeus tallentaa ja k\u00e4ytt\u00e4\u00e4 sek\u00e4 K\u00e4ytt\u00e4j\u00e4n luovuttamia ett\u00e4 Palvelun ker\u00e4\u00e4mi\u00e4 anonymisoituja tietoja Palvelun ja analytiikan kehitt\u00e4miseen ja tilastointiin, sill\u00e4 edellytyksell\u00e4, ett\u00e4 anonymisoituja tietoja ei voida koskaan yhdist\u00e4\u00e4 (suoraan tai v\u00e4lillisesti) luonnolliseen henkil\u00f6\u00f6n.<\/p>\n\n\n\n<h2 class=\"wp-block-heading\">9. Muuta<\/h2>\n\n\n\n<p><strong>9.1.<\/strong> Mik\u00e4li osa n\u00e4ist\u00e4 toimitusehdoista on tai tulee lains\u00e4\u00e4d\u00e4nn\u00f6n tai sen muutosten, viranomaism\u00e4\u00e4r\u00e4ysten tai niiden muutosten tai muista syist\u00e4 p\u00e4tem\u00e4tt\u00f6m\u00e4ksi tai t\u00e4yt\u00e4nt\u00f6\u00f6npanokelvottomaksi, ovat n\u00e4m\u00e4 toimitusehdot muilta osin yh\u00e4 voimassa.<\/p>\n\n\n\n<h2 class=\"wp-block-heading\">10. Sovellettava laki ja riitojen ratkaisu<\/h2>\n\n\n\n<p><strong>10.1.<\/strong> T\u00e4h\u00e4n sopimukseen sovelletaan Suomen lakia lukuun ottamatta sen lainvalintaa koskevia s\u00e4\u00e4nn\u00f6ksi\u00e4.<\/p>\n\n\n\n<p><strong>10.2.<\/strong> Osapuolten v\u00e4liset erimielisyydet, joita ei saada osapuolten kesken sovituiksi, j\u00e4tet\u00e4\u00e4n Pirkanmaan k\u00e4r\u00e4j\u00e4oikeuden ratkaistavaksi.<\/p>\n\n\n\n<p><strong>10.3.<\/strong> Kuluttaja-asiakkaalla on lis\u00e4ksi oikeus saattaa asia Kuluttajariitalautakunnan tai Suomessa sijaitsevan kotipaikkansa k\u00e4r\u00e4j\u00e4oikeuteen k\u00e4sitelt\u00e4v\u00e4ksi. Ennen asian saattamista Kuluttajariitalautakunnan k\u00e4sittelyyn kuluttaja-asiakkaan tulee olla yhteydess\u00e4 <a href=\"https:\/\/www.kkv.fi\/kuluttaja-asiat\/kuluttajaneuvonta\/\" data-type=\"link\" data-id=\"https:\/\/www.kkv.fi\/kuluttaja-asiat\/kuluttajaneuvonta\/\">kuluttajaneuvontaan<\/a>. Kuluttaja-asiakas voi tehd\u00e4 valituksen my\u00f6s suoraan verkossa k\u00e4ytt\u00e4m\u00e4ll\u00e4 EU-komission <a href=\"https:\/\/ec.europa.eu\/consumers\/odr\/main\/index.cfm?event=main.home2.show&amp;lng=FI\" data-type=\"link\" data-id=\"https:\/\/ec.europa.eu\/consumers\/odr\/main\/index.cfm?event=main.home2.show&amp;lng=FI\">verkkov\u00e4litteist\u00e4 riidanratkaisua<\/a>.<\/p>\n","protected":false},"excerpt":{"rendered":"<p>TOLOBOOK-VARAUSJ\u00c4RJESTELM\u00c4N YLEISETTOIMITUSEHDOT 1. Soveltamisala 1.1. Tolotech Oy:n (j\u00e4ljemp\u00e4n\u00e4 \u201dToimittaja\u201d) Tolobook varausj\u00e4rjestelm\u00e4n (j\u00e4ljemp\u00e4n\u00e4 \u201dPalvelu\u201d) k\u00e4ytt\u00f6\u00f6n sovelletaan n\u00e4it\u00e4 toimitusehtoja. 1.2. Palvelu on k\u00e4ytett\u00e4viss\u00e4 internetselaimen kautta verkkoyhteydell\u00e4. 1.3. Termi \u201dK\u00e4ytt\u00e4j\u00e4\u201d viittaa henkil\u00f6\u00f6n, joka ottaa Palvelun k\u00e4ytt\u00f6\u00f6ns\u00e4. 1.4. K\u00e4ytt\u00e4j\u00e4 sitoutuu noudattamaan Palvelun k\u00e4yt\u00f6st\u00e4annettuja ohjeita ja Toimittajan m\u00e4\u00e4r\u00e4yksi\u00e4. Toimittajalla on oikeus muuttaa Palvelun toimitusehtoja sek\u00e4 k\u00e4yt\u00f6st\u00e4 annettuja ohjeita ja m\u00e4\u00e4r\u00e4yksi\u00e4&#8230;.<\/p>\n","protected":false},"author":1,"featured_media":0,"parent":0,"menu_order":0,"comment_status":"closed","ping_status":"closed","template":"","meta":{"_acf_changed":false,"_kad_post_transparent":"","_kad_post_title":"","_kad_post_layout":"","_kad_post_sidebar_id":"","_kad_post_content_style":"","_kad_post_vertical_padding":"","_kad_post_feature":"","_kad_post_feature_position":"","_kad_post_header":false,"_kad_post_footer":false,"_kad_post_classname":"","footnotes":""},"class_list":["post-10","page","type-page","status-publish","hentry"],"acf":[],"_links":{"self":[{"href":"https:\/\/tolobook.fi\/koirametsaonni\/wp-json\/wp\/v2\/pages\/10","targetHints":{"allow":["GET"]}}],"collection":[{"href":"https:\/\/tolobook.fi\/koirametsaonni\/wp-json\/wp\/v2\/pages"}],"about":[{"href":"https:\/\/tolobook.fi\/koirametsaonni\/wp-json\/wp\/v2\/types\/page"}],"author":[{"embeddable":true,"href":"https:\/\/tolobook.fi\/koirametsaonni\/wp-json\/wp\/v2\/users\/1"}],"replies":[{"embeddable":true,"href":"https:\/\/tolobook.fi\/koirametsaonni\/wp-json\/wp\/v2\/comments?post=10"}],"version-history":[{"count":3,"href":"https:\/\/tolobook.fi\/koirametsaonni\/wp-json\/wp\/v2\/pages\/10\/revisions"}],"predecessor-version":[{"id":81,"href":"https:\/\/tolobook.fi\/koirametsaonni\/wp-json\/wp\/v2\/pages\/10\/revisions\/81"}],"wp:attachment":[{"href":"https:\/\/tolobook.fi\/koirametsaonni\/wp-json\/wp\/v2\/media?parent=10"}],"curies":[{"name":"wp","href":"https:\/\/api.w.org\/{rel}","templated":true}]}}