{"id":82,"date":"2025-06-16T20:47:36","date_gmt":"2025-06-16T17:47:36","guid":{"rendered":"https:\/\/tolobook.fi\/koirapuisto-hepuli\/?post_type=product&#038;p=82"},"modified":"2025-09-08T22:15:02","modified_gmt":"2025-09-08T19:15:02","slug":"lahjakortti","status":"publish","type":"product","link":"https:\/\/tolobook.fi\/koirametsa-hepuli\/tuote\/lahjakortti\/","title":{"rendered":"Lahjakortti \/ Presentkort"},"content":{"rendered":"<p data-start=\"105\" data-end=\"139\"><strong data-start=\"105\" data-end=\"137\">Anna lahjaksi koira-iloa!\u00a0<\/strong><\/p>\n<p data-start=\"141\" data-end=\"293\">Yll\u00e4t\u00e4 yst\u00e4v\u00e4 tai l\u00e4heinen lahjakortilla Koiramets\u00e4 Hepuliin. Valitse valmiista vaihtoehdoista 24 \u20ac (1 h irtovuoro) tai 48 \u20ac (2 h irtovuoro) \u2013 tai anna itse sopiva summa!<\/p>\n<p data-start=\"295\" data-end=\"487\">Lahjakortti sis\u00e4lt\u00e4\u00e4 koodin, jolla varaus onnistuu helposti verkkokaupassamme. S\u00e4hk\u00f6postissa n\u00e4kyv\u00e4t my\u00f6s \u201cKenelt\u00e4\u201d-kent\u00e4n teksti ja viesti, mutta ne eiv\u00e4t n\u00e4y tulostettavassa lahjakortissa.<\/p>\n<p>Jos haluat, ett\u00e4 lahjakortti l\u00e4hetet\u00e4\u00e4n suoraan vastaanottajan s\u00e4hk\u00f6postiin, kirjoita h\u00e4nen osoitteensa Kenelle-kentt\u00e4\u00e4n. Mik\u00e4li haluat l\u00e4hett\u00e4\u00e4 sen itse my\u00f6hemmin, merkitse kentt\u00e4\u00e4n oma s\u00e4hk\u00f6postiosoitteesi.<\/p>\n<p>Haluatko tulostettavan lahjakortin? Ei h\u00e4t\u00e4\u00e4! L\u00e4het\u00e4 viesti asiakaspalveluumme (<a class=\"decorated-link cursor-pointer\" rel=\"noopener\" data-start=\"564\" data-end=\"588\">info@koirametsahepuli.fi<\/a>), niin toimitamme sen 24 tunnin sis\u00e4ll\u00e4.<\/p>\n<p><strong data-start=\"105\" data-end=\"137\">\ud83d\udc3e<\/strong><strong data-start=\"105\" data-end=\"137\">\ud83d\udc3e<\/strong><strong data-start=\"105\" data-end=\"137\">\ud83d\udc3e<\/strong><\/p>\n<p data-start=\"33\" data-end=\"61\"><strong data-start=\"33\" data-end=\"59\">\u00d6verraska din v\u00e4n med hundgl\u00e4dje!\u00a0<\/strong><\/p>\n<p data-start=\"63\" data-end=\"252\">\u00d6verraska en v\u00e4n med ett presentkort till Koiramets\u00e4 Hepuli. V\u00e4lj mellan f\u00e4rdiga alternativ: 24\u202f\u20ac (1\u202fh fri timme) eller 48\u202f\u20ac (2\u202fh fri timme) \u2013 eller ange ett eget belopp!<\/p>\n<p data-start=\"254\" data-end=\"458\">Presentkortet inneh\u00e5ller en kod som g\u00f6r det enkelt att boka i v\u00e5r webbshop. I e-postmeddelandet syns \u00e4ven texten fr\u00e5n f\u00e4ltet \u201cKenelt\u00e4\u201d och meddelandet, men dessa syns inte p\u00e5 det utskrivbara presentkortet.<\/p>\n<p data-start=\"460\" data-end=\"632\">Om du vill att presentkortet skickas direkt till mottagarens e-post, fyll i hans eller hennes adress i f\u00e4ltet &#8221;Kenelle&#8221;. Vill du ist\u00e4llet skicka det sj\u00e4lv senare, anger du din egen e-postadress i samma f\u00e4lt.<\/p>\n<p>Vill du ha ett utskrivbart presentkort? Ingen fara! Skicka ett meddelande till v\u00e5r kundtj\u00e4nst (<a class=\"decorated-link cursor-pointer\" rel=\"noopener\" data-start=\"551\" data-end=\"575\">info@koirametsahepuli.fi<\/a>), s\u00e5 skickar vi det inom 24 timmar.<\/p>\n","protected":false},"excerpt":{"rendered":"<p data-start=\"174\" data-end=\"365\">Yll\u00e4t\u00e4 l\u00e4heinen lahjakortilla Koiramets\u00e4 Hepuliin! Valitse 24\u202f\u20ac (1\u202fh), 48\u202f\u20ac (2\u202fh) tai oma summa \u2013 lahjakortti sis\u00e4lt\u00e4\u00e4 koodin verkkokauppavarausta varten.<\/p>\n<p>\ud83d\udc3e\ud83d\udc3e\ud83d\udc3e<\/p>\n<p>\u00d6verraska en n\u00e4ra med ett presentkort till Koiramets\u00e4 Hepuli! V\u00e4lj 24\u202f\u20ac (1\u202fh), 48\u202f\u20ac (2\u202fh) eller valfritt belopp \u2013 presentkortet inneh\u00e5ller en kod f\u00f6r bokning i webbshoppen.<\/p>\n","protected":false},"featured_media":200,"template":"","meta":{"_acf_changed":false,"_kad_post_transparent":"default","_kad_post_title":"","_kad_post_layout":"default","_kad_post_sidebar_id":"","_kad_post_content_style":"default","_kad_post_vertical_padding":"default","_kad_post_feature":"","_kad_post_feature_position":"","_kad_post_header":false,"_kad_post_footer":false,"_kad_post_classname":""},"product_cat":[15],"class_list":{"0":"post-82","1":"product","2":"type-product","3":"status-publish","4":"has-post-thumbnail","6":"product_cat-yleinen","8":"first","9":"instock","10":"taxable","11":"shipping-taxable","12":"purchasable","13":"product-type-pw-gift-card","14":"entry","15":"content-bg","16":"loop-entry"},"acf":[],"_links":{"self":[{"href":"https:\/\/tolobook.fi\/koirametsa-hepuli\/wp-json\/wp\/v2\/product\/82","targetHints":{"allow":["GET"]}}],"collection":[{"href":"https:\/\/tolobook.fi\/koirametsa-hepuli\/wp-json\/wp\/v2\/product"}],"about":[{"href":"https:\/\/tolobook.fi\/koirametsa-hepuli\/wp-json\/wp\/v2\/types\/product"}],"wp:featuredmedia":[{"embeddable":true,"href":"https:\/\/tolobook.fi\/koirametsa-hepuli\/wp-json\/wp\/v2\/media\/200"}],"wp:attachment":[{"href":"https:\/\/tolobook.fi\/koirametsa-hepuli\/wp-json\/wp\/v2\/media?parent=82"}],"wp:term":[{"taxonomy":"product_cat","embeddable":true,"href":"https:\/\/tolobook.fi\/koirametsa-hepuli\/wp-json\/wp\/v2\/product_cat?post=82"}],"curies":[{"name":"wp","href":"https:\/\/api.w.org\/{rel}","templated":true}]}}