{"id":80,"date":"2025-06-16T13:19:12","date_gmt":"2025-06-16T10:19:12","guid":{"rendered":"https:\/\/tolobook.fi\/koirapuisto-hepuli\/?post_type=product&#038;p=80"},"modified":"2025-10-05T21:35:54","modified_gmt":"2025-10-05T18:35:54","slug":"koirapuisto-tuntivaraus","status":"publish","type":"product","link":"https:\/\/tolobook.fi\/koirametsa-hepuli\/tuote\/koirapuisto-tuntivaraus\/","title":{"rendered":"Koiramets\u00e4 tuntivaraus"},"content":{"rendered":"<p>Koiramets\u00e4n tuntivarauksella varaat aidatun mets\u00e4n omaan k\u00e4ytt\u00f6\u00f6si. Jokainen varaus sis\u00e4lt\u00e4\u00e4 tunnin aikaa mets\u00e4ss\u00e4 sek\u00e4 15 minuutin vaihtoajan vuoron p\u00e4\u00e4ttymisen j\u00e4lkeen. P\u00e4\u00e4set alueelle varauksesi alkaessa PIN-koodilla, joka toimitetaan varausvahvistuksessa.<\/p>\n<p>Jos varaat useamman tunnin per\u00e4kk\u00e4in, ajat lasketaan yhteen ja saat mets\u00e4ajan yhten\u00e4isen\u00e4 jaksona. Vain viimeisen tunnin per\u00e4\u00e4n lis\u00e4t\u00e4\u00e4n varsinainen 15 minuutin vaihtoaika.<br data-start=\"646\" data-end=\"649\" \/>\ud83d\udc49 Esim. 2 tunnin varaus = 2 h 15 min mets\u00e4aikaa + 15 min vaihtoaikaa, 3 tunnin varaus = 3h 30 min mets\u00e4aikaa + 15 min vaihtoaikaa jne.<\/p>\n<p><strong>\ud83d\udc3e\ud83d\udc3e\ud83d\udc3e<\/strong><\/p>\n<p>Med Hunskog Hepulis bokning reserverar du skogen f\u00f6r eget bruk. Varje bokning inkluderar en timmes vistelse i skogen samt 15 minuters bytestid i slutet av bokningen. Du f\u00e5r tillg\u00e5ng till omr\u00e5det med en PIN-kod som skickas i bokningsbekr\u00e4ftelsen.<\/p>\n<p>Om du bokar flera timmar i rad r\u00e4knas tiden samman och du f\u00e5r skogstiden i ett sammanh\u00e4ngande pass. Endast efter den sista timmen l\u00e4ggs den faktiska 15 minuters bytestiden till.<br \/>\n\ud83d\udc49 Exempel: 2 timmars bokning = 2 h 15 min tid i skogen + 15 min bytestid, 3 timmars bokning = 3 h 30 min tid i skogen + 15 min bytestid osv.<\/p>\n","protected":false},"excerpt":{"rendered":"<p>Koiramets\u00e4n tuntivarauksella varaat aidatun mets\u00e4n omaan k\u00e4ytt\u00f6\u00f6si. Jokainen varaus sis\u00e4lt\u00e4\u00e4 tunnin aikaa mets\u00e4ss\u00e4 sek\u00e4 15 minuutin vaihtoajan vuoron p\u00e4\u00e4ttymisen j\u00e4lkeen.<\/p>\n<p><strong>\ud83d\udc3e\ud83d\udc3e\ud83d\udc3e<br \/>\n<\/strong><br \/>\nMed Hundskog Hepulis bokning reserverar du skogen f\u00f6r eget bruk. Varje bokning inkluderar en timmes vistelse i skogen samt 15 minuters bytestid i slutet av bokningen.<\/p>\n","protected":false},"featured_media":91,"template":"","meta":{"_acf_changed":false,"_kad_post_transparent":"default","_kad_post_title":"","_kad_post_layout":"default","_kad_post_sidebar_id":"","_kad_post_content_style":"default","_kad_post_vertical_padding":"default","_kad_post_feature":"","_kad_post_feature_position":"","_kad_post_header":false,"_kad_post_footer":false,"_kad_post_classname":""},"product_cat":[15],"class_list":{"0":"post-80","1":"product","2":"type-product","3":"status-publish","4":"has-post-thumbnail","6":"product_cat-yleinen","7":"yith_booking_service-yli-4-koiraa-10e-tunti","9":"first","10":"instock","11":"virtual","12":"sold-individually","13":"taxable","14":"purchasable","15":"product-type-booking","16":"entry","17":"content-bg","18":"loop-entry"},"acf":[],"_links":{"self":[{"href":"https:\/\/tolobook.fi\/koirametsa-hepuli\/wp-json\/wp\/v2\/product\/80","targetHints":{"allow":["GET"]}}],"collection":[{"href":"https:\/\/tolobook.fi\/koirametsa-hepuli\/wp-json\/wp\/v2\/product"}],"about":[{"href":"https:\/\/tolobook.fi\/koirametsa-hepuli\/wp-json\/wp\/v2\/types\/product"}],"wp:featuredmedia":[{"embeddable":true,"href":"https:\/\/tolobook.fi\/koirametsa-hepuli\/wp-json\/wp\/v2\/media\/91"}],"wp:attachment":[{"href":"https:\/\/tolobook.fi\/koirametsa-hepuli\/wp-json\/wp\/v2\/media?parent=80"}],"wp:term":[{"taxonomy":"product_cat","embeddable":true,"href":"https:\/\/tolobook.fi\/koirametsa-hepuli\/wp-json\/wp\/v2\/product_cat?post=80"}],"curies":[{"name":"wp","href":"https:\/\/api.w.org\/{rel}","templated":true}]}}