{"id":81,"date":"2025-06-18T13:14:03","date_gmt":"2025-06-18T10:14:03","guid":{"rendered":"https:\/\/tolobook.fi\/kirkkonummen-koirametsa\/?post_type=product&#038;p=81"},"modified":"2026-04-17T20:14:25","modified_gmt":"2026-04-17T17:14:25","slug":"koirametsa-tuntivaraus","status":"publish","type":"product","link":"https:\/\/tolobook.fi\/kirkkonummen-koirametsa\/tuote\/koirametsa-tuntivaraus\/","title":{"rendered":"Koiramets\u00e4 tuntivaraus"},"content":{"rendered":"<p>\u00c4l\u00e4 saavu parkkipaikallekaan etuajassa!<\/p>\n<p>Kaikkiin varauksiin sis\u00e4ltyy aina vartin vaihtov\u00e4li asiakkaiden v\u00e4lill\u00e4,<br \/>\njoka varausj\u00e4rjestelm\u00e4ss\u00e4 n\u00e4kyy automaattisesti 15 minuutin lis\u00e4yksen\u00e4 varaamaasi aikaan.<br \/>\nEli varatessasi 60 minuutin ajan, varausj\u00e4rjestelm\u00e4 n\u00e4ytt\u00e4\u00e4 75 minuuttia poistumisajan kanssa.<br \/>\nVaihtov\u00e4li on aikasi lopussa.<\/p>\n<p>Tehty\u00e4 varausta ei pysty siirt\u00e4m\u00e4\u00e4n tai muuttamaan, mutta voit veloituksetta perua varauksen 24 h ennen varattua aikaa ja tehd\u00e4 uuden varauksen.<\/p>\n<p>Ajan voi perua ottamalla yhteytt\u00e4 s\u00e4hk\u00f6postitse osoitteeseen hanna@jeggars.fi v\u00e4h. 24 h ennen varattua aikaa.<\/p>\n<p>Rahat palautetaan Paytrailin kautta, jos peruutus on tehty v\u00e4h. 24 h ennen varauksen alkua.<\/p>\n<p>Alle 24 h tehdyst\u00e4 perumisesta ei palauteta maksua.<\/p>\n","protected":false},"excerpt":{"rendered":"<p>Varaathan v\u00e4hint\u00e4\u00e4n 2 h 15 min ajan, jos haluat grillata laavussa.<br \/>\nMaastopalovaroitusten aikaan tulenteko on kielletty\u00e4!<br \/>\nKoiramets\u00e4ss\u00e4 on kaasugrilli jota saa vuokrata ja sen k\u00e4ytt\u00e4minen on sallittua my\u00f6s maastopalovaroituksen aikana.<br \/>\nKaasugrillin k\u00e4ytt\u00f6\u00f6n riitt\u00e4\u00e4 my\u00f6s lyhyempi vuoro. <\/p>\n<p>Tervetuloa!<\/p>\n","protected":false},"featured_media":96,"template":"","meta":{"_acf_changed":false,"_kad_post_transparent":"default","_kad_post_title":"","_kad_post_layout":"default","_kad_post_sidebar_id":"","_kad_post_content_style":"default","_kad_post_vertical_padding":"default","_kad_post_feature":"","_kad_post_feature_position":"","_kad_post_header":false,"_kad_post_footer":false,"_kad_post_classname":""},"product_cat":[15],"class_list":{"0":"post-81","1":"product","2":"type-product","3":"status-publish","4":"has-post-thumbnail","6":"product_cat-yleinen","7":"yith_booking_service-5-koiraa","8":"yith_booking_service-kaasugrilli-5e-varaus","9":"yith_booking_service-polttopuut-tai-kaasugrilli-5e-varaus","11":"first","12":"instock","13":"virtual","14":"sold-individually","15":"taxable","16":"purchasable","17":"product-type-booking","18":"entry","19":"content-bg","20":"loop-entry"},"acf":[],"_links":{"self":[{"href":"https:\/\/tolobook.fi\/kirkkonummen-koirametsa\/wp-json\/wp\/v2\/product\/81","targetHints":{"allow":["GET"]}}],"collection":[{"href":"https:\/\/tolobook.fi\/kirkkonummen-koirametsa\/wp-json\/wp\/v2\/product"}],"about":[{"href":"https:\/\/tolobook.fi\/kirkkonummen-koirametsa\/wp-json\/wp\/v2\/types\/product"}],"wp:featuredmedia":[{"embeddable":true,"href":"https:\/\/tolobook.fi\/kirkkonummen-koirametsa\/wp-json\/wp\/v2\/media\/96"}],"wp:attachment":[{"href":"https:\/\/tolobook.fi\/kirkkonummen-koirametsa\/wp-json\/wp\/v2\/media?parent=81"}],"wp:term":[{"taxonomy":"product_cat","embeddable":true,"href":"https:\/\/tolobook.fi\/kirkkonummen-koirametsa\/wp-json\/wp\/v2\/product_cat?post=81"}],"curies":[{"name":"wp","href":"https:\/\/api.w.org\/{rel}","templated":true}]}}