{"id":10,"date":"2025-05-05T21:05:54","date_gmt":"2025-05-05T18:05:54","guid":{"rendered":"https:\/\/tolobook.fi\/kirkkonummen-koirametsa\/?page_id=10"},"modified":"2025-07-03T14:59:43","modified_gmt":"2025-07-03T11:59:43","slug":"tilausehdot","status":"publish","type":"page","link":"https:\/\/tolobook.fi\/kirkkonummen-koirametsa\/tilausehdot\/","title":{"rendered":"Tilaus ja toimitusehdot"},"content":{"rendered":"\n<p>Tehty\u00e4 varausta ei pysty siirt\u00e4m\u00e4\u00e4n tai muuttamaan, mutta voit veloituksetta perua varauksen 24 h ennen varattua aikaa ja tehd\u00e4 uuden varauksen.<\/p>\n\n\n\n<p>Ajan voi perua ottamalla yhteytt\u00e4 s\u00e4hk\u00f6postitse osoitteeseen hanna@jeggars.fi v\u00e4h. 24 h ennen varattua aikaa.<\/p>\n\n\n\n<p>Rahat palautetaan Paytrailin kautta, jos peruutus on tehty v\u00e4h. 24 h ennen varauksen alkua.<\/p>\n\n\n\n<p>Alle 24 h tehdyst\u00e4 perumisesta ei palauteta maksua.<\/p>\n\n\n\n<p>Tulenteko on sallittu vain 2 h 15 min pituisissa ja t\u00e4t\u00e4 pidemmiss\u00e4 vuoroissa, jotta nuotio ehtii sammua varauksen aikana.<\/p>\n\n\n\n<p>Voit ostaa polttopuut verkkokaupasta varauksenteon yhteydess\u00e4 hintaan 5 \u20ac\/kerta v\u00e4h. 2 h 15 min varausten yhteydess\u00e4. Saat polttopuulaatikon koodin s\u00e4hk\u00f6postitse ennen varauksen alkua. Polttopuut l\u00f6ytyv\u00e4t laavun takana olevasta lukitusta laatikosta. Laatikossa on polttopuiden lis\u00e4ksi sytytyspaloja ja tulentekov\u00e4lineet.<\/p>\n\n\n\n<p>Mets\u00e4palovaroitusten aikaan tulenteko on kielletty\u00e4.<\/p>\n\n\n\n<p>Maksutavat:&nbsp;<\/p>\n\n\n\n<ul class=\"wp-block-list\">\n<li>Verkkopankkipainikkeet<\/li>\n\n\n\n<li>Lasku- ja osamaksupalvelut: Walley ja Op Lasku<\/li>\n\n\n\n<li>Korttimaksutavat: Visa, Mastercard ja American Express<\/li>\n\n\n\n<li>Mobiilimaksutavat: MobilePay, Pivo, Siirto ja Apple Pay\u00a0<\/li>\n<\/ul>\n\n\n\n<p>Paukkuarkojen koirien omistajille tiedoksi: koiramets\u00e4mme sijaitsee muutaman kilometrin p\u00e4\u00e4st\u00e4 puolustusvoimien aluetta, eli Upinniemen varuskunnan harjoitusaluetta. Toisinaan maanpuolustuksellamme on ampuma-harjoitukset ja sielt\u00e4 kuuluu pauketta koiramets\u00e4\u00e4n asti. Harjoituksista ei tiedoteta etuk\u00e4teen.<\/p>\n","protected":false},"excerpt":{"rendered":"<p>Tehty\u00e4 varausta ei pysty siirt\u00e4m\u00e4\u00e4n tai muuttamaan, mutta voit veloituksetta perua varauksen 24 h ennen varattua aikaa ja tehd\u00e4 uuden varauksen. Ajan voi perua ottamalla yhteytt\u00e4 s\u00e4hk\u00f6postitse osoitteeseen hanna@jeggars.fi v\u00e4h. 24 h ennen varattua aikaa. Rahat palautetaan Paytrailin kautta, jos peruutus on tehty v\u00e4h. 24 h ennen varauksen alkua. Alle 24 h tehdyst\u00e4 perumisesta ei&#8230;<\/p>\n","protected":false},"author":1,"featured_media":0,"parent":0,"menu_order":0,"comment_status":"closed","ping_status":"closed","template":"","meta":{"_acf_changed":false,"_kad_post_transparent":"","_kad_post_title":"","_kad_post_layout":"","_kad_post_sidebar_id":"","_kad_post_content_style":"","_kad_post_vertical_padding":"","_kad_post_feature":"","_kad_post_feature_position":"","_kad_post_header":false,"_kad_post_footer":false,"_kad_post_classname":"","footnotes":""},"class_list":["post-10","page","type-page","status-publish","hentry"],"acf":[],"_links":{"self":[{"href":"https:\/\/tolobook.fi\/kirkkonummen-koirametsa\/wp-json\/wp\/v2\/pages\/10","targetHints":{"allow":["GET"]}}],"collection":[{"href":"https:\/\/tolobook.fi\/kirkkonummen-koirametsa\/wp-json\/wp\/v2\/pages"}],"about":[{"href":"https:\/\/tolobook.fi\/kirkkonummen-koirametsa\/wp-json\/wp\/v2\/types\/page"}],"author":[{"embeddable":true,"href":"https:\/\/tolobook.fi\/kirkkonummen-koirametsa\/wp-json\/wp\/v2\/users\/1"}],"replies":[{"embeddable":true,"href":"https:\/\/tolobook.fi\/kirkkonummen-koirametsa\/wp-json\/wp\/v2\/comments?post=10"}],"version-history":[{"count":4,"href":"https:\/\/tolobook.fi\/kirkkonummen-koirametsa\/wp-json\/wp\/v2\/pages\/10\/revisions"}],"predecessor-version":[{"id":95,"href":"https:\/\/tolobook.fi\/kirkkonummen-koirametsa\/wp-json\/wp\/v2\/pages\/10\/revisions\/95"}],"wp:attachment":[{"href":"https:\/\/tolobook.fi\/kirkkonummen-koirametsa\/wp-json\/wp\/v2\/media?parent=10"}],"curies":[{"name":"wp","href":"https:\/\/api.w.org\/{rel}","templated":true}]}}