{"id":95,"date":"2025-05-07T18:08:29","date_gmt":"2025-05-07T15:08:29","guid":{"rendered":"https:\/\/tolobook.fi\/canem-silva\/?post_type=product&#038;p=95"},"modified":"2026-04-06T18:35:55","modified_gmt":"2026-04-06T15:35:55","slug":"lahjakortti","status":"publish","type":"product","link":"https:\/\/tolobook.fi\/canem-silva\/tuote\/lahjakortti\/","title":{"rendered":"Lahjakortti"},"content":{"rendered":"","protected":false},"excerpt":{"rendered":"<p>Mik\u00e4li maksat lahjakortin Epassilla, niin lahjakortti on tarkoitettu ainoastaan henkil\u00f6kohtaiseen k\u00e4ytt\u00f6\u00f6n.<\/p>\n","protected":false},"featured_media":104,"template":"","meta":{"_acf_changed":false,"_kad_post_transparent":"default","_kad_post_title":"","_kad_post_layout":"default","_kad_post_sidebar_id":"","_kad_post_content_style":"default","_kad_post_vertical_padding":"default","_kad_post_feature":"","_kad_post_feature_position":"","_kad_post_header":false,"_kad_post_footer":false,"_kad_post_classname":""},"product_cat":[15],"class_list":{"0":"post-95","1":"product","2":"type-product","3":"status-publish","4":"has-post-thumbnail","6":"product_cat-yleinen","8":"first","9":"instock","10":"taxable","11":"shipping-taxable","12":"purchasable","13":"product-type-pw-gift-card","14":"has-default-attributes","15":"entry","16":"content-bg","17":"loop-entry"},"acf":[],"_links":{"self":[{"href":"https:\/\/tolobook.fi\/canem-silva\/wp-json\/wp\/v2\/product\/95","targetHints":{"allow":["GET"]}}],"collection":[{"href":"https:\/\/tolobook.fi\/canem-silva\/wp-json\/wp\/v2\/product"}],"about":[{"href":"https:\/\/tolobook.fi\/canem-silva\/wp-json\/wp\/v2\/types\/product"}],"wp:featuredmedia":[{"embeddable":true,"href":"https:\/\/tolobook.fi\/canem-silva\/wp-json\/wp\/v2\/media\/104"}],"wp:attachment":[{"href":"https:\/\/tolobook.fi\/canem-silva\/wp-json\/wp\/v2\/media?parent=95"}],"wp:term":[{"taxonomy":"product_cat","embeddable":true,"href":"https:\/\/tolobook.fi\/canem-silva\/wp-json\/wp\/v2\/product_cat?post=95"}],"curies":[{"name":"wp","href":"https:\/\/api.w.org\/{rel}","templated":true}]}}