{"id":86,"date":"2025-05-07T17:53:01","date_gmt":"2025-05-07T14:53:01","guid":{"rendered":"https:\/\/tolobook.fi\/canem-silva\/tuote\/lahjakortti\/"},"modified":"2026-03-16T13:46:02","modified_gmt":"2026-03-16T11:46:02","slug":"sarjakortti-5x2h-koirametsa","status":"publish","type":"product","link":"https:\/\/tolobook.fi\/canem-silva\/tuote\/sarjakortti-5x2h-koirametsa\/","title":{"rendered":"Sarjakortti 5 x 2h koiramets\u00e4"},"content":{"rendered":"","protected":false},"excerpt":{"rendered":"<p>Voit ostaa sarjakortin joko itsellesi tai lahjaksi.<\/p>\n<p>Mik\u00e4li maksat lahjakortin Epassilla, niin lahjakortti on tarkoitettu ainoastaan henkil\u00f6kohtaiseen k\u00e4ytt\u00f6\u00f6n.<\/p>\n<p>Sarjakortti toimii lahjakortin omaisesti, eli voit lahjakortin ostamisen j\u00e4lkeen tehd\u00e4 erikseen varauksen ja k\u00e4ytt\u00e4\u00e4 saamaasi koodia kassalla kattamaan varauksen hinnan.<\/p>\n<p>Kortti toimii my\u00f6s muihin kuin 2h varauksiin mutta arvo on mitoitettu viidelle 2h varaukselle.<\/p>\n","protected":false},"featured_media":105,"template":"","meta":{"_acf_changed":false,"_kad_post_transparent":"default","_kad_post_title":"","_kad_post_layout":"default","_kad_post_sidebar_id":"","_kad_post_content_style":"default","_kad_post_vertical_padding":"default","_kad_post_feature":"","_kad_post_feature_position":"","_kad_post_header":false,"_kad_post_footer":false,"_kad_post_classname":""},"product_cat":[15],"class_list":{"0":"post-86","1":"product","2":"type-product","3":"status-publish","4":"has-post-thumbnail","6":"product_cat-yleinen","8":"first","9":"instock","10":"sale","11":"purchasable","12":"product-type-pw-gift-card","13":"has-default-attributes","14":"entry","15":"content-bg","16":"loop-entry"},"acf":[],"_links":{"self":[{"href":"https:\/\/tolobook.fi\/canem-silva\/wp-json\/wp\/v2\/product\/86","targetHints":{"allow":["GET"]}}],"collection":[{"href":"https:\/\/tolobook.fi\/canem-silva\/wp-json\/wp\/v2\/product"}],"about":[{"href":"https:\/\/tolobook.fi\/canem-silva\/wp-json\/wp\/v2\/types\/product"}],"wp:featuredmedia":[{"embeddable":true,"href":"https:\/\/tolobook.fi\/canem-silva\/wp-json\/wp\/v2\/media\/105"}],"wp:attachment":[{"href":"https:\/\/tolobook.fi\/canem-silva\/wp-json\/wp\/v2\/media?parent=86"}],"wp:term":[{"taxonomy":"product_cat","embeddable":true,"href":"https:\/\/tolobook.fi\/canem-silva\/wp-json\/wp\/v2\/product_cat?post=86"}],"curies":[{"name":"wp","href":"https:\/\/api.w.org\/{rel}","templated":true}]}}