{"id":67,"date":"2025-05-04T12:27:38","date_gmt":"2025-05-04T09:27:38","guid":{"rendered":"https:\/\/tolobook.fi\/canem-silva\/?post_type=product&#038;p=67"},"modified":"2026-03-16T13:24:01","modified_gmt":"2026-03-16T11:24:01","slug":"yo-koirametsassa","status":"publish","type":"product","link":"https:\/\/tolobook.fi\/canem-silva\/tuote\/yo-koirametsassa\/","title":{"rendered":"Y\u00f6 koiramets\u00e4ss\u00e4"},"content":{"rendered":"<p>-Y\u00f6n yli mets\u00e4ilyss\u00e4 ei ole koira- tai henkil\u00f6m\u00e4\u00e4r\u00e4rajoitusta.<\/p>\n<p>-Varauksen tehty\u00e4si saat antamaasi s\u00e4hk\u00f6postiosoitteeseen tilausvahvistuksen v\u00e4litt\u00f6m\u00e4sti. T\u00e4st\u00e4 viestist\u00e4 l\u00f6yd\u00e4t vuorosi p\u00e4iv\u00e4m\u00e4\u00e4r\u00e4n, alkamis- ja p\u00e4\u00e4ttymisajan sek\u00e4 varauskohtaisen nelinumeroisen PIN-koodin joka toimii vuorosi ajan k\u00e4yntiporttiin.<\/p>\n<p>-Mik\u00e4li haluat ajaa autosi huoltoportista sis\u00e4\u00e4n koiramets\u00e4\u00e4n, kirjoita toiveesi lis\u00e4tietoihin niin saat erilliset lis\u00e4ohjeet s\u00e4\u00e4hk\u00f6postiisi.<\/p>\n","protected":false},"excerpt":{"rendered":"<p class=\"font_9\">Koko y\u00f6 koiramets\u00e4ss\u00e4 telttaillen tai vaikka omilla matkailuajoneuvoilla, huoltoportista p\u00e4\u00e4see sis\u00e4\u00e4n. Emme laske y\u00f6pyjien lukum\u00e4\u00e4r\u00e4\u00e4 vaan yksi y\u00f6 &#8211; yksi hinta.<\/p>\n<p>Jos kalenterissa ei n\u00e4yt\u00e4 olevan paikkaa haluamallesi y\u00f6vuorolle, kannattaa sit\u00e4 tiedustella s\u00e4hk\u00f6postilla. Hieman aikataulua muuttamalla sellainen saattaa hyvinkin j\u00e4rjesty\u00e4. Kysy my\u00f6s lis\u00e4tunteja!<\/p>\n<p class=\"font_9\">14 tuntia,<\/p>\n<p class=\"font_9\">19.00-09.00<\/p>\n<p>20.00-10.00<\/p>\n<p>21.00-11.00<\/p>\n","protected":false},"featured_media":78,"template":"","meta":{"_acf_changed":false,"_kad_post_transparent":"default","_kad_post_title":"","_kad_post_layout":"default","_kad_post_sidebar_id":"","_kad_post_content_style":"default","_kad_post_vertical_padding":"default","_kad_post_feature":"","_kad_post_feature_position":"","_kad_post_header":false,"_kad_post_footer":false,"_kad_post_classname":""},"product_cat":[15],"class_list":{"0":"post-67","1":"product","2":"type-product","3":"status-publish","4":"has-post-thumbnail","6":"product_cat-yleinen","8":"first","9":"instock","10":"virtual","11":"sold-individually","12":"taxable","13":"purchasable","14":"product-type-booking","15":"entry","16":"content-bg","17":"loop-entry"},"acf":[],"_links":{"self":[{"href":"https:\/\/tolobook.fi\/canem-silva\/wp-json\/wp\/v2\/product\/67","targetHints":{"allow":["GET"]}}],"collection":[{"href":"https:\/\/tolobook.fi\/canem-silva\/wp-json\/wp\/v2\/product"}],"about":[{"href":"https:\/\/tolobook.fi\/canem-silva\/wp-json\/wp\/v2\/types\/product"}],"wp:featuredmedia":[{"embeddable":true,"href":"https:\/\/tolobook.fi\/canem-silva\/wp-json\/wp\/v2\/media\/78"}],"wp:attachment":[{"href":"https:\/\/tolobook.fi\/canem-silva\/wp-json\/wp\/v2\/media?parent=67"}],"wp:term":[{"taxonomy":"product_cat","embeddable":true,"href":"https:\/\/tolobook.fi\/canem-silva\/wp-json\/wp\/v2\/product_cat?post=67"}],"curies":[{"name":"wp","href":"https:\/\/api.w.org\/{rel}","templated":true}]}}