{"id":10,"date":"2025-05-12T16:24:26","date_gmt":"2025-05-12T13:24:26","guid":{"rendered":"https:\/\/tolobook.fi\/canem-silva\/?page_id=10"},"modified":"2025-05-28T17:13:33","modified_gmt":"2025-05-28T14:13:33","slug":"tilausehdot","status":"publish","type":"page","link":"https:\/\/tolobook.fi\/canem-silva\/tilausehdot\/","title":{"rendered":"Tilaus ja toimitusehdot"},"content":{"rendered":"\n<p>\u200bMeill\u00e4 on k\u00e4yt\u00f6ss\u00e4mme puolen tunnin vaihtoaika, joten voit saapua ja l\u00e4hte\u00e4 kiireett\u00f6m\u00e4sti omalla vuorollasi. Portin s\u00e4hk\u00f6lukko aukeaa henkil\u00f6kohtaisella koodilla jonka saat s\u00e4hk\u00f6postiisi hyviss\u00e4ajoin ennen vuoroasi. Parkkipaikan valot on aikaohjattu ja ne ovat p\u00e4\u00e4ll\u00e4 15 minuuttia aikasi p\u00e4\u00e4ttymisen j\u00e4lkeen.<\/p>\n\n\n\n<p><strong>Tuothan vain terveit\u00e4, mielell\u00e4\u00e4n rokotettuja koiria koiramets\u00e4\u00e4n!!!&nbsp;<\/strong><\/p>\n\n\n\n<p>Miss\u00e4\u00e4n vuoroissamme ei ole koira- tai henkil\u00f6m\u00e4\u00e4r\u00e4rajoitusta yksityishenkil\u00f6ille. Mik\u00e4li olet j\u00e4rjest\u00e4m\u00e4ss\u00e4 koiramets\u00e4ss\u00e4mme jonkin tapahtuman, varaa mets\u00e4 hyviss\u00e4ajoin s\u00e4hk\u00f6postilla info@canemsilva.fi. S\u00e4hk\u00f6muurikan k\u00e4ytt\u00e4minen on sallittu kaikenmittaisissa varauksissa. <\/p>\n\n\n\n<p>Koirat on pidett\u00e4v\u00e4 koiramets\u00e4n ulkopuolella aina kytkettyn\u00e4. Siivoathan koirasi j\u00e4t\u00f6kset my\u00f6s parkkialueen ymp\u00e4rist\u00f6st\u00e4. Parkkipaikalle johtava tie on hiljainen yksityistie mutta siin\u00e4 voi kuitenkin olla liikennett\u00e4, kausittain my\u00f6s leveit\u00e4 maatalouskoneita, joten huomioithan muut tiell\u00e4liikkujat ja kuljet varovasti! Eth\u00e4n my\u00f6sk\u00e4\u00e4n pys\u00e4k\u00f6i tien varteen. Parkkialueelle mahtuu 5 autoa ja tarvittaessa l\u00e4helt\u00e4 l\u00f6ytyy lis\u00e4tilaa.<\/p>\n\n\n\n<p>Sis\u00e4\u00e4ntulokatoksesta ja huvimajasta l\u00f6ytyy monenlaisia tarvikkeita asiakask\u00e4ytt\u00f6\u00f6n. Kun k\u00e4yt\u00e4t jotain, palautathan tavaran takaisin samaan paikkaan kuin mist\u00e4 sen otitkin. Jos jotain hajoaa tai huomaat ett\u00e4 joku on rikki, ilmoitathan siit\u00e4 meille v\u00e4litt\u00f6m\u00e4sti!\u200b\u200b<\/p>\n\n\n\n<p>Sulan maan aikaan tarjolla on vett\u00e4 koirille juotavaksi ja tassujen pesuun.<\/p>\n\n\n\n<p>\u200b\u200bAlueella on useita sekaj\u00e4teroskiksia. Portilla, huvimajalla ja roskisten luona on koirankakkapusseja. Heit\u00e4th\u00e4n koirankakat sekaj\u00e4tteeseen! Koska mets\u00e4 on laaja, et v\u00e4ltt\u00e4m\u00e4tt\u00e4 n\u00e4e koirasi tekev\u00e4n tarpeitaan. Yhteisty\u00f6ss\u00e4 on kuitenkin voimaa, eli jos huomaat mets\u00e4ss\u00e4 koirankakan, siivoathan sen pois. N\u00e4in alue pysyy viihtyis\u00e4n\u00e4 meille kaikille!<\/p>\n\n\n\n<p>Koiramets\u00e4mme on savuton. Tupakkapaikka on parkkipaikalla. Eth\u00e4n heit\u00e4 my\u00f6sk\u00e4\u00e4n nuuskaa tai nikotiinipusseja luontoon!<\/p>\n\n\n\n<p>\u200bMets\u00e4 on mets\u00e4. Mets\u00e4ss\u00e4 voi olla m\u00e4rk\u00e4\u00e4 ja liukasta, mets\u00e4ss\u00e4 voi siis sattua my\u00f6s vahinkoja. <strong>Jokainen k\u00e4vij\u00e4 on itse vastuussa itsest\u00e4\u00e4n ja lemmikeist\u00e4\u00e4n, koiramets\u00e4 ei vastaa ihmisten eik\u00e4 el\u00e4inten loukkaantumisista tai sairastumisista.<\/strong> Huvimajan kaapista l\u00f6ytyy kuitenkin ensiaputarvikkeita niin ihmisille kuin lemmikeillekin. Alueella ei ole tavattu k\u00e4\u00e4rmeit\u00e4, mutta toki sekin on aina mahdollista. \u00a0L\u00e4himpien 24\/7 p\u00e4ivyst\u00e4vien el\u00e4inl\u00e4\u00e4k\u00e4reiden yhteystiedot l\u00f6ytyv\u00e4t sis\u00e4\u00e4ntulon ilmoitustaululta ja huvimajan sein\u00e4lt\u00e4.\u200b<\/p>\n\n\n\n<p>Aita on uusi ja maapohja pehme\u00e4\u00e4. Aita on tiivis kaksi metri\u00e4 korkea panssariverkkoaita. Lis\u00e4ksi sen alareunaa on jatkettu puutarhaverkolla joka on k\u00e4\u00e4nnetty maan suuntaisesti sis\u00e4\u00e4np\u00e4in ja kevyesti p\u00e4\u00e4llystetty, mutta sit\u00e4 ei ole kaivettu syv\u00e4lle maan sis\u00e4\u00e4n. Eth\u00e4n siis anna koirasi kaivaa aidan vieress\u00e4. My\u00f6sk\u00e4\u00e4n vastakylvetyill\u00e4 alueilla kaivaminen ei ole toivottavaa. Mets\u00e4ss\u00e4 on runsaasti oksia, keppej\u00e4 yms. kuollutta materiaalia koirille purtavaksi ja leluja leikitt\u00e4v\u00e4ksi. Pyyd\u00e4mmekin v\u00e4ltt\u00e4m\u00e4\u00e4n puuntaimien ja -juurien tahallista repimist\u00e4.<\/p>\n\n\n\n<p><strong>Mik\u00e4li varauksen tehty\u00e4si olet syyst\u00e4 tai toisesta estynyt saapumaan paikalle ja haluat siirt\u00e4\u00e4 aikaasi, laita meille s\u00e4hk\u00f6postia osoitteeseen info@canemsilva.fi, kuitenkin v\u00e4hint\u00e4\u00e4n 24h ennen varaamaasi aikaa. Voit siirt\u00e4\u00e4 aikaa veloituksetta kerran, t\u00e4m\u00e4n j\u00e4lkeen vuoron siirt\u00e4minen maksaa 6 euroa\/kerta.<\/strong><\/p>\n\n\n\n<p><\/p>\n","protected":false},"excerpt":{"rendered":"<p>\u200bMeill\u00e4 on k\u00e4yt\u00f6ss\u00e4mme puolen tunnin vaihtoaika, joten voit saapua ja l\u00e4hte\u00e4 kiireett\u00f6m\u00e4sti omalla vuorollasi. Portin s\u00e4hk\u00f6lukko aukeaa henkil\u00f6kohtaisella koodilla jonka saat s\u00e4hk\u00f6postiisi hyviss\u00e4ajoin ennen vuoroasi. Parkkipaikan valot on aikaohjattu ja ne ovat p\u00e4\u00e4ll\u00e4 15 minuuttia aikasi p\u00e4\u00e4ttymisen j\u00e4lkeen. Tuothan vain terveit\u00e4, mielell\u00e4\u00e4n rokotettuja koiria koiramets\u00e4\u00e4n!!!&nbsp; Miss\u00e4\u00e4n vuoroissamme ei ole koira- tai henkil\u00f6m\u00e4\u00e4r\u00e4rajoitusta yksityishenkil\u00f6ille. Mik\u00e4li olet&#8230;<\/p>\n","protected":false},"author":1,"featured_media":0,"parent":0,"menu_order":0,"comment_status":"closed","ping_status":"closed","template":"","meta":{"_acf_changed":false,"_kad_post_transparent":"","_kad_post_title":"","_kad_post_layout":"","_kad_post_sidebar_id":"","_kad_post_content_style":"","_kad_post_vertical_padding":"","_kad_post_feature":"","_kad_post_feature_position":"","_kad_post_header":false,"_kad_post_footer":false,"_kad_post_classname":"","footnotes":""},"class_list":["post-10","page","type-page","status-publish","hentry"],"acf":[],"_links":{"self":[{"href":"https:\/\/tolobook.fi\/canem-silva\/wp-json\/wp\/v2\/pages\/10","targetHints":{"allow":["GET"]}}],"collection":[{"href":"https:\/\/tolobook.fi\/canem-silva\/wp-json\/wp\/v2\/pages"}],"about":[{"href":"https:\/\/tolobook.fi\/canem-silva\/wp-json\/wp\/v2\/types\/page"}],"author":[{"embeddable":true,"href":"https:\/\/tolobook.fi\/canem-silva\/wp-json\/wp\/v2\/users\/1"}],"replies":[{"embeddable":true,"href":"https:\/\/tolobook.fi\/canem-silva\/wp-json\/wp\/v2\/comments?post=10"}],"version-history":[{"count":12,"href":"https:\/\/tolobook.fi\/canem-silva\/wp-json\/wp\/v2\/pages\/10\/revisions"}],"predecessor-version":[{"id":271,"href":"https:\/\/tolobook.fi\/canem-silva\/wp-json\/wp\/v2\/pages\/10\/revisions\/271"}],"wp:attachment":[{"href":"https:\/\/tolobook.fi\/canem-silva\/wp-json\/wp\/v2\/media?parent=10"}],"curies":[{"name":"wp","href":"https:\/\/api.w.org\/{rel}","templated":true}]}}